{"id":964,"date":"2021-07-04T17:52:26","date_gmt":"2021-07-04T15:52:26","guid":{"rendered":"https:\/\/www.helpbag.pl\/?page_id=964"},"modified":"2026-03-17T18:11:43","modified_gmt":"2026-03-17T17:11:43","slug":"privacy","status":"publish","type":"page","link":"https:\/\/helpbag.eu\/ar\/privacy\/","title":{"rendered":"\u0633\u064a\u0627\u0633\u0629 \u0627\u0644\u062e\u0635\u0648\u0635\u064a\u0629 \u0648\u0645\u0644\u0641\u0627\u062a \u062a\u0639\u0631\u064a\u0641 \u0627\u0644\u0627\u0631\u062a\u0628\u0627\u0637"},"content":{"rendered":"<div data-elementor-type=\"wp-page\" data-elementor-id=\"964\" class=\"elementor elementor-964\" data-elementor-post-type=\"page\">\n\t\t\t\t<div class=\"elementor-element elementor-element-a87287d e-flex e-con-boxed e-con e-parent\" data-id=\"a87287d\" data-element_type=\"container\" data-e-type=\"container\">\n\t\t\t\t\t<div class=\"e-con-inner\">\n\t\t\t\t<div class=\"elementor-element elementor-element-6569215 elementor-widget elementor-widget-text-editor\" data-id=\"6569215\" data-element_type=\"widget\" data-e-type=\"widget\" data-widget_type=\"text-editor.default\">\n\t\t\t\t<div class=\"elementor-widget-container\">\n\t\t\t\t\t\t\t\t\t<h1>\u0633\u064a\u0627\u0633\u0629 \u0627\u0644\u062e\u0635\u0648\u0635\u064a\u0629 \u0648\u062d\u0645\u0627\u064a\u0629 \u0627\u0644\u0628\u064a\u0627\u0646\u0627\u062a<\/h1>\n\n<p><strong>\u062a\u0627\u0631\u064a\u062e \u0627\u0644\u062a\u062d\u062f\u064a\u062b 17 \u0645\u0627\u0631\u0633 2026.<\/strong><\/p>\n\n<p>\u0627\u0644\u0645\u062a\u062d\u0643\u0645 \u0641\u064a \u0627\u0644\u0628\u064a\u0627\u0646\u0627\u062a \u0627\u0644\u0634\u062e\u0635\u064a\u0629 \u0647\u0648 <strong>HELP BAG \u0627\u0644\u0645\u062d\u062f\u0648\u062f\u0629.<\/strong>, \u060c ul. Sadowa 12, 43-100 Tychy, Poland, NIP 6462998881, REGON 523157283, KRS 0000992798\u060c \u0627\u0644\u0628\u0631\u064a\u062f \u0627\u0644\u0625\u0644\u0643\u062a\u0631\u0648\u0646\u064a: <strong>hello@helpbag.eu<\/strong>. \u0644\u0645 \u062a\u0639\u064a\u0646 \u0627\u0644\u0634\u0631\u0643\u0629 \u0645\u0633\u0624\u0648\u0644\u0627\u064b \u0644\u062d\u0645\u0627\u064a\u0629 \u0627\u0644\u0628\u064a\u0627\u0646\u0627\u062a.<\/p>\n\n<h2>\u0627\u0644\u063a\u0631\u0636 \u0645\u0646 \u0645\u0639\u0627\u0644\u062c\u0629 \u0627\u0644\u0628\u064a\u0627\u0646\u0627\u062a \u0648\u0623\u0633\u0627\u0633 \u0645\u0639\u0627\u0644\u062c\u062a\u0647\u0627<\/h2>\n<p>\u062a\u062a\u0645 \u0645\u0639\u0627\u0644\u062c\u0629 \u0627\u0644\u0628\u064a\u0627\u0646\u0627\u062a \u0627\u0644\u0634\u062e\u0635\u064a\u0629 \u0645\u0646 \u0623\u062c\u0644:<\/p>\n<ul>\n  <li>\u0645\u0639\u0627\u0644\u062c\u0629 \u0627\u0644\u0637\u0644\u0628\u0627\u062a,<\/li>\n  <li>\u0627\u0644\u062a\u0639\u0627\u0645\u0644 \u0645\u0639 \u062d\u0633\u0627\u0628 \u0627\u0644\u0645\u0633\u062a\u062e\u062f\u0645,<\/li>\n  <li>\u0627\u0644\u0627\u062a\u0635\u0627\u0644 \u0628\u0627\u0644\u0639\u0645\u064a\u0644,<\/li>\n  <li>\u0627\u0644\u062a\u0639\u0627\u0645\u0644 \u0645\u0639 \u0627\u0644\u0634\u0643\u0627\u0648\u0649 \u0648\u0627\u0644\u0645\u0631\u062a\u062c\u0639\u0627\u062a,<\/li>\n  <li>\u0623\u063a\u0631\u0627\u0636 \u062a\u0633\u0648\u064a\u0642\u064a\u0629 \u0648\u062a\u062d\u0644\u064a\u0644\u064a\u0629.<\/li>\n<\/ul>\n\n<p>\u0627\u0644\u0623\u0633\u0627\u0633 \u0627\u0644\u0642\u0627\u0646\u0648\u0646\u064a \u0644\u0645\u0639\u0627\u0644\u062c\u0629 \u0627\u0644\u0628\u064a\u0627\u0646\u0627\u062a:<\/p>\n<ul>\n  <li>\u0627\u0644\u0645\u0627\u062f\u0629 6 (1) (\u0628) \u0645\u0646 \u0627\u062a\u0641\u0627\u0642\u064a\u0629 \u0631\u0648\u062a\u0631\u062f\u0627\u0645 - \u062a\u0646\u0641\u064a\u0630 \u0627\u0644\u0639\u0642\u062f,<\/li>\n  <li>\u0627\u0644\u0645\u0627\u062f\u0629 6 (1) (\u062c) \u0645\u0646 \u0642\u0627\u0646\u0648\u0646 \u0645\u0643\u0627\u0641\u062d\u0629 \u0627\u0644\u0641\u0633\u0627\u062f - \u0627\u0644\u0627\u0644\u062a\u0632\u0627\u0645\u0627\u062a \u0627\u0644\u0642\u0627\u0646\u0648\u0646\u064a\u0629 (\u0627\u0644\u0645\u062d\u0627\u0633\u0628\u0629),<\/li>\n  <li>\u0627\u0644\u0645\u0627\u062f\u0629 6 (1) (\u0648) \u0645\u0646 \u0642\u0627\u0646\u0648\u0646 \u0645\u0643\u0627\u0641\u062d\u0629 \u0627\u0644\u0627\u062d\u062a\u064a\u0627\u0644 - \u0627\u0644\u0645\u0635\u0644\u062d\u0629 \u0627\u0644\u0645\u0634\u0631\u0648\u0639\u0629 (\u0627\u0644\u062a\u0648\u0627\u0635\u0644\u060c \u0627\u0644\u062a\u0639\u0648\u064a\u0636\u060c \u0627\u0644\u062d\u0645\u0627\u064a\u0629 \u0645\u0646 \u0627\u0644\u0627\u062d\u062a\u064a\u0627\u0644),<\/li>\n  <li>\u0627\u0644\u0645\u0627\u062f\u0629 6 (1) (\u0623) \u0645\u0646 \u0642\u0627\u0646\u0648\u0646 \u062d\u0645\u0627\u064a\u0629 \u0627\u0644\u0628\u064a\u0627\u0646\u0627\u062a \u0627\u0644\u0634\u062e\u0635\u064a\u0629 - \u0627\u0644\u0645\u0648\u0627\u0641\u0642\u0629 (\u0627\u0644\u062a\u0633\u0648\u064a\u0642 \u0648\u0645\u0644\u0641\u0627\u062a \u062a\u0639\u0631\u064a\u0641 \u0627\u0644\u0627\u0631\u062a\u0628\u0627\u0637 \u0648\u0627\u0644\u0623\u062f\u0648\u0627\u062a \u0627\u0644\u062a\u062d\u0644\u064a\u0644\u064a\u0629 \u0648\u0627\u0644\u0625\u0639\u0644\u0627\u0646\u064a\u0629 \u0627\u0644\u062a\u064a \u062a\u062a\u0637\u0644\u0628 \u0627\u0644\u0645\u0648\u0627\u0641\u0642\u0629).<\/li>\n<\/ul>\n\n<h2>\u0646\u0637\u0627\u0642 \u0645\u0639\u0627\u0644\u062c\u0629 \u0627\u0644\u0628\u064a\u0627\u0646\u0627\u062a<\/h2>\n<ul>\n  <li>\u0627\u0644\u0627\u0633\u0645,<\/li>\n  <li>\u0639\u0646\u0648\u0627\u0646 \u0627\u0644\u0628\u0631\u064a\u062f \u0627\u0644\u0625\u0644\u0643\u062a\u0631\u0648\u0646\u064a,<\/li>\n  <li>\u0631\u0642\u0645 \u0627\u0644\u0647\u0627\u062a\u0641,<\/li>\n  <li>\u0639\u0646\u0648\u0627\u0646 \u0627\u0644\u062a\u0633\u0644\u064a\u0645 \u0648\u0627\u0644\u0641\u0648\u0627\u062a\u064a\u0631,<\/li>\n  <li>\u0628\u064a\u0627\u0646\u0627\u062a \u0627\u0644\u0641\u0627\u062a\u0648\u0631\u0629\u060c \u0628\u0645\u0627 \u0641\u064a \u0630\u0644\u0643 \u0631\u0642\u0645 \u0627\u0644\u062a\u0639\u0631\u064a\u0641 \u0627\u0644\u0636\u0631\u064a\u0628\u064a,<\/li>\n  <li>\u062a\u0627\u0631\u064a\u062e \u0627\u0644\u0637\u0644\u0628,<\/li>\n  <li>\u0627\u0644\u0628\u064a\u0627\u0646\u0627\u062a \u0627\u0644\u0641\u0646\u064a\u0629 (\u0639\u0646\u0648\u0627\u0646 IP\u060c \u0648\u0645\u0639\u0631\u0641\u0627\u062a \u0645\u0644\u0641\u0627\u062a \u062a\u0639\u0631\u064a\u0641 \u0627\u0644\u0627\u0631\u062a\u0628\u0627\u0637\u060c \u0648\u0628\u064a\u0627\u0646\u0627\u062a \u0627\u0644\u0645\u062a\u0635\u0641\u062d \u0648\u0627\u0644\u062c\u0647\u0627\u0632),<\/li>\n  <li>\u0627\u0644\u0628\u064a\u0627\u0646\u0627\u062a \u0627\u0644\u0645\u062a\u0639\u0644\u0642\u0629 \u0628\u0627\u0644\u0627\u062a\u0635\u0627\u0644\u0627\u062a.<\/li>\n<\/ul>\n\n<h2>\u0645\u0635\u0627\u062f\u0631 \u0627\u0644\u0628\u064a\u0627\u0646\u0627\u062a<\/h2>\n<ul>\n  <li>\u0645\u0628\u0627\u0634\u0631\u0629\u064b \u0645\u0646 \u0627\u0644\u0645\u0633\u062a\u062e\u062f\u0645 (\u0646\u0645\u0627\u0630\u062c \u0627\u0644\u0637\u0644\u0628\u0627\u062a \u0648\u0646\u0645\u0627\u0630\u062c \u0627\u0644\u0627\u062a\u0635\u0627\u0644),<\/li>\n  <li>\u0623\u0646\u0638\u0645\u0629 \u0645\u0628\u064a\u0639\u0627\u062a \u0627\u0644\u0645\u0633\u0624\u0648\u0644,<\/li>\n  <li>\u0645\u0646\u0635\u0627\u062a \u0627\u0644\u0633\u0648\u0642 (\u0625\u0630\u0627 \u062a\u0645 \u0627\u0644\u0634\u0631\u0627\u0621 \u0645\u0646 \u062e\u0644\u0627\u0644\u0647\u0627).<\/li>\n<\/ul>\n\n<h2>\u0645\u0633\u062a\u0644\u0645\u0648 \u0627\u0644\u0628\u064a\u0627\u0646\u0627\u062a<\/h2>\n<ul>\n  <li>\u0634\u0631\u0643\u0627\u062a \u0627\u0644\u0628\u0631\u064a\u062f \u0627\u0644\u0633\u0631\u064a\u0639 \u0648\u0627\u0644\u062e\u062f\u0645\u0627\u062a \u0627\u0644\u0644\u0648\u062c\u0633\u062a\u064a\u0629,<\/li>\n  <li>\u0645\u0634\u063a\u0644\u064a \u0627\u0644\u062f\u0641\u0639,<\/li>\n  <li>\u0645\u0643\u062a\u0628 \u0627\u0644\u0645\u062d\u0627\u0633\u0628\u0629,<\/li>\n  <li>\u0645\u0632\u0648\u062f\u064a \u062e\u062f\u0645\u0627\u062a \u062a\u0643\u0646\u0648\u0644\u0648\u062c\u064a\u0627 \u0627\u0644\u0645\u0639\u0644\u0648\u0645\u0627\u062a \u0648\u0627\u0644\u0627\u0633\u062a\u0636\u0627\u0641\u0629 \u0648\u0627\u0644\u0628\u0631\u064a\u062f \u0627\u0644\u0625\u0644\u0643\u062a\u0631\u0648\u0646\u064a \u0648\u0627\u0644\u062a\u062d\u0644\u064a\u0644\u0627\u062a \u0648\u0623\u062f\u0648\u0627\u062a \u0627\u0644\u0625\u0639\u0644\u0627\u0646\u0627\u062a,<\/li>\n  <li>\u0645\u0646\u0635\u0627\u062a \u0627\u0644\u0645\u0628\u064a\u0639\u0627\u062a.<\/li>\n<\/ul>\n\n<p>\u0642\u062f \u064a\u062a\u0645 \u0646\u0642\u0644 \u0627\u0644\u0628\u064a\u0627\u0646\u0627\u062a \u062e\u0627\u0631\u062c \u0627\u0644\u0645\u0646\u0637\u0642\u0629 \u0627\u0644\u0627\u0642\u062a\u0635\u0627\u062f\u064a\u0629 \u0627\u0644\u0623\u0648\u0631\u0648\u0628\u064a\u0629\u060c \u0628\u0645\u0627 \u0641\u064a \u0630\u0644\u0643 \u0625\u0644\u0649 \u0627\u0644\u0648\u0644\u0627\u064a\u0627\u062a \u0627\u0644\u0645\u062a\u062d\u062f\u0629 \u0627\u0644\u0623\u0645\u0631\u064a\u0643\u064a\u0629\u060c \u0628\u0627\u0633\u062a\u062e\u062f\u0627\u0645 \u0627\u0644\u0622\u0644\u064a\u0627\u062a \u0627\u0644\u0645\u0646\u0627\u0633\u0628\u0629 \u0644\u0625\u0636\u0641\u0627\u0621 \u0627\u0644\u0637\u0627\u0628\u0639 \u0627\u0644\u0642\u0627\u0646\u0648\u0646\u064a \u0639\u0644\u0649 \u0627\u0644\u0646\u0642\u0644 (SCC \u0623\u0648 \u0625\u0637\u0627\u0631 \u062e\u0635\u0648\u0635\u064a\u0629 \u0627\u0644\u0628\u064a\u0627\u0646\u0627\u062a \u0628\u064a\u0646 \u0627\u0644\u0627\u062a\u062d\u0627\u062f \u0627\u0644\u0623\u0648\u0631\u0648\u0628\u064a \u0648\u0627\u0644\u0648\u0644\u0627\u064a\u0627\u062a \u0627\u0644\u0645\u062a\u062d\u062f\u0629\u060c \u0625\u0630\u0627 \u0643\u0627\u0646 \u0627\u0644\u0645\u0632\u0648\u062f \u0627\u0644\u0645\u0639\u0646\u064a \u064a\u0633\u062a\u062e\u062f\u0645\u0647).<\/p>\n\n<h2>\u0648\u0642\u062a \u062a\u062e\u0632\u064a\u0646 \u0627\u0644\u0628\u064a\u0627\u0646\u0627\u062a<\/h2>\n<ul>\n  <li>\u0627\u0644\u0628\u064a\u0627\u0646\u0627\u062a \u0627\u0644\u0645\u062a\u0639\u0644\u0642\u0629 \u0628\u0627\u0644\u0645\u0634\u062a\u0631\u064a\u0627\u062a \u0648\u0627\u0644\u0633\u062c\u0644\u0627\u062a \u0627\u0644\u0645\u062d\u0627\u0633\u0628\u064a\u0629 - \u062d\u062a\u0649 6 \u0633\u0646\u0648\u0627\u062a,<\/li>\n  <li>\u0628\u064a\u0627\u0646\u0627\u062a \u062d\u0633\u0627\u0628 \u0627\u0644\u0645\u0633\u062a\u062e\u062f\u0645 - \u0644\u0645\u062f\u0629 \u0627\u0644\u0646\u0634\u0627\u0637 \u0648\u0627\u0644\u0641\u062a\u0631\u0629 \u0627\u0644\u0644\u0627\u0632\u0645\u0629 \u0644\u062a\u0633\u0648\u064a\u0629 \u0627\u0644\u0645\u0637\u0627\u0644\u0628\u0627\u062a \u0628\u0639\u062f \u062d\u0630\u0641\u0647\u0627,<\/li>\n  <li>\u0628\u064a\u0627\u0646\u0627\u062a \u0627\u0644\u062a\u0633\u0648\u064a\u0642 - \u062d\u062a\u0649 \u062a\u0633\u062d\u0628 \u0645\u0648\u0627\u0641\u0642\u062a\u0643 \u0623\u0648 \u062a\u0639\u062a\u0631\u0636,<\/li>\n  <li>\u0627\u0644\u0628\u064a\u0627\u0646\u0627\u062a \u0627\u0644\u0645\u062a\u0639\u0644\u0642\u0629 \u0628\u0627\u0644\u0627\u062a\u0635\u0627\u0644\u0627\u062a - \u0644\u0644\u0641\u062a\u0631\u0629 \u0627\u0644\u0644\u0627\u0632\u0645\u0629 \u0644\u0645\u0639\u0627\u0644\u062c\u0629 \u0627\u0644\u0642\u0636\u064a\u0629 \u0648\u062a\u0623\u0645\u064a\u0646 \u0627\u0644\u0645\u0637\u0627\u0644\u0628\u0627\u062a.<\/li>\n<\/ul>\n\n<h2>\u062d\u0642\u0648\u0642 \u0627\u0644\u0645\u0633\u062a\u062e\u062f\u0645\u064a\u0646<\/h2>\n<p>\u064a\u062d\u0642 \u0644\u0643 \u0627\u0644\u062d\u0635\u0648\u0644 \u0639\u0644\u0649:<\/p>\n<ul>\n  <li>\u0627\u0644\u062d\u0642 \u0641\u064a \u0627\u0644\u0648\u0635\u0648\u0644 \u0625\u0644\u0649 \u0627\u0644\u0628\u064a\u0627\u0646\u0627\u062a,<\/li>\n  <li>\u0627\u0644\u062d\u0642 \u0641\u064a \u0627\u0644\u062a\u0635\u062d\u064a\u062d,<\/li>\n  <li>\u0627\u0644\u062d\u0642 \u0641\u064a \u0627\u0644\u0645\u062d\u0648,<\/li>\n  <li>\u0627\u0644\u062d\u0642 \u0641\u064a \u062a\u0642\u064a\u064a\u062f \u0627\u0644\u0645\u0639\u0627\u0644\u062c\u0629,<\/li>\n  <li>\u0627\u0644\u062d\u0642 \u0641\u064a \u0625\u0645\u0643\u0627\u0646\u064a\u0629 \u0646\u0642\u0644 \u0627\u0644\u0628\u064a\u0627\u0646\u0627\u062a,<\/li>\n  <li>\u0627\u0644\u062d\u0642 \u0641\u064a \u0627\u0644\u0627\u0639\u062a\u0631\u0627\u0636,<\/li>\n  <li>\u0627\u0644\u062d\u0642 \u0641\u064a \u0633\u062d\u0628 \u0627\u0644\u0645\u0648\u0627\u0641\u0642\u0629 \u0641\u064a \u0623\u064a \u0648\u0642\u062a.<\/li>\n<\/ul>\n<p>\u064a\u062c\u0628 \u0623\u0646 \u062a\u062a\u0645 \u0645\u0645\u0627\u0631\u0633\u0629 \u0627\u0644\u062d\u0642\u0648\u0642 \u0641\u064a \u0645\u0648\u0639\u062f \u0644\u0627 \u064a\u062a\u062c\u0627\u0648\u0632 30 \u064a\u0648\u0645\u064b\u0627 \u0628\u0639\u062f \u0627\u0633\u062a\u0644\u0627\u0645 \u0627\u0644\u0637\u0644\u0628. \u0648\u064a\u0646\u0628\u063a\u064a \u062a\u0648\u062c\u064a\u0647 \u0627\u0644\u0637\u0644\u0628\u0627\u062a \u0625\u0644\u0649: <strong>hello@helpbag.eu<\/strong>.<\/p>\n<p>\u0643\u0645\u0627 \u064a\u062d\u0642 \u0644\u0643 \u0623\u064a\u0636\u064b\u0627 \u062a\u0642\u062f\u064a\u0645 \u0634\u0643\u0648\u0649 \u0625\u0644\u0649 \u0631\u0626\u064a\u0633 \u0647\u064a\u0626\u0629 \u062d\u0645\u0627\u064a\u0629 \u0627\u0644\u0628\u064a\u0627\u0646\u0627\u062a.<\/p>\n\n<h2>\u0645\u0644\u0641\u0627\u062a \u062a\u0639\u0631\u064a\u0641 \u0627\u0644\u0627\u0631\u062a\u0628\u0627\u0637 \u0648\u062a\u0642\u0646\u064a\u0627\u062a \u0627\u0644\u062a\u062a\u0628\u0639<\/h2>\n<p>\u064a\u0633\u062a\u062e\u062f\u0645 \u0645\u0648\u0642\u0639 \u0627\u0644\u0648\u064a\u0628 \u0645\u0644\u0641\u0627\u062a \u062a\u0639\u0631\u064a\u0641 \u0627\u0644\u0627\u0631\u062a\u0628\u0627\u0637 \u0648\u0627\u0644\u062a\u0642\u0646\u064a\u0627\u062a \u0627\u0644\u0645\u0634\u0627\u0628\u0647\u0629 (\u0648\u062d\u062f\u0627\u062a \u0627\u0644\u0628\u0643\u0633\u0644 \u0648\u0627\u0644\u0639\u0644\u0627\u0645\u0627\u062a \u0648\u0627\u0644\u0645\u0639\u0631\u0641\u0627\u062a \u0639\u0628\u0631 \u0627\u0644\u0625\u0646\u062a\u0631\u0646\u062a) \u0627\u0644\u062a\u064a \u064a\u062a\u0645 \u062a\u062e\u0632\u064a\u0646\u0647\u0627 \u0639\u0644\u0649 \u062c\u0647\u0627\u0632 \u0627\u0644\u0645\u0633\u062a\u062e\u062f\u0645 \u0623\u0648 \u0642\u0631\u0627\u0621\u062a\u0647\u0627 \u0645\u0646\u0647.<\/p>\n\n<h3>\u0623\u063a\u0631\u0627\u0636 \u0627\u0633\u062a\u062e\u062f\u0627\u0645 \u0645\u0644\u0641\u0627\u062a \u062a\u0639\u0631\u064a\u0641 \u0627\u0644\u0627\u0631\u062a\u0628\u0627\u0637:<\/h3>\n<ul>\n  <li>\u0627\u0644\u062a\u0623\u0643\u062f \u0645\u0646 \u0623\u0646 \u0627\u0644\u0645\u0648\u0642\u0639 \u0627\u0644\u0625\u0644\u0643\u062a\u0631\u0648\u0646\u064a \u0648\u0627\u0644\u0645\u062a\u062c\u0631 \u064a\u0639\u0645\u0644\u0627\u0646 \u0628\u0634\u0643\u0644 \u0635\u062d\u064a\u062d (\u0635\u064a\u0627\u0646\u0629 \u0627\u0644\u062c\u0644\u0633\u0627\u062a\u060c \u0648\u062a\u0633\u062c\u064a\u0644 \u0627\u0644\u062f\u062e\u0648\u0644\u060c \u0648\u0639\u0631\u0628\u0629 \u0627\u0644\u062a\u0633\u0648\u0642),<\/li>\n  <li>\u062a\u062d\u0644\u064a\u0644 \u0625\u062d\u0635\u0627\u0621\u0627\u062a \u062d\u0631\u0643\u0629 \u0627\u0644\u0645\u0631\u0648\u0631 \u0648\u0627\u0644\u0627\u0633\u062a\u062e\u062f\u0627\u0645,<\/li>\n  <li>\u0625\u062c\u0631\u0627\u0621 \u0623\u0646\u0634\u0637\u0629 \u0627\u0644\u062a\u0633\u0648\u064a\u0642 \u0648\u062a\u062c\u062f\u064a\u062f \u0627\u0644\u0646\u0634\u0627\u0637 \u0627\u0644\u062a\u0633\u0648\u064a\u0642\u064a \u0648\u0642\u064a\u0627\u0633 \u0641\u0639\u0627\u0644\u064a\u0629 \u0627\u0644\u0625\u0639\u0644\u0627\u0646\u0627\u062a.<\/li>\n<\/ul>\n\n<h3>\u0623\u0646\u0648\u0627\u0639 \u0645\u0644\u0641\u0627\u062a \u062a\u0639\u0631\u064a\u0641 \u0627\u0644\u0627\u0631\u062a\u0628\u0627\u0637 \u0627\u0644\u0645\u0633\u062a\u062e\u062f\u0645\u0629:<\/h3>\n<ul>\n  <li>\u0645\u0644\u0641\u0627\u062a \u062a\u0639\u0631\u064a\u0641 \u0627\u0644\u0627\u0631\u062a\u0628\u0627\u0637 \u0627\u0644\u0623\u0633\u0627\u0633\u064a\u0629,<\/li>\n  <li>\u0645\u0644\u0641\u0627\u062a \u062a\u0639\u0631\u064a\u0641 \u0627\u0644\u0627\u0631\u062a\u0628\u0627\u0637 \u0627\u0644\u0648\u0638\u064a\u0641\u064a\u0629,<\/li>\n  <li>\u0645\u0644\u0641\u0627\u062a \u062a\u0639\u0631\u064a\u0641 \u0627\u0644\u0627\u0631\u062a\u0628\u0627\u0637 \u0627\u0644\u062a\u062d\u0644\u064a\u0644\u064a\u0629,<\/li>\n  <li>\u0645\u0644\u0641\u0627\u062a \u062a\u0639\u0631\u064a\u0641 \u0627\u0644\u0627\u0631\u062a\u0628\u0627\u0637 \u0627\u0644\u062a\u0633\u0648\u064a\u0642\u064a\u0629.<\/li>\n<\/ul>\n\n<p>\u0627\u0644\u0623\u0633\u0627\u0633 \u0627\u0644\u0642\u0627\u0646\u0648\u0646\u064a \u0644\u0627\u0633\u062a\u062e\u062f\u0627\u0645 \u0645\u0644\u0641\u0627\u062a \u062a\u0639\u0631\u064a\u0641 \u0627\u0644\u0627\u0631\u062a\u0628\u0627\u0637:<\/p>\n<ul>\n  <li>\u0645\u0644\u0641\u0627\u062a \u062a\u0639\u0631\u064a\u0641 \u0627\u0644\u0627\u0631\u062a\u0628\u0627\u0637 \u0627\u0644\u0623\u0633\u0627\u0633\u064a\u0629 - \u0627\u0644\u0645\u0635\u0644\u062d\u0629 \u0627\u0644\u0645\u0634\u0631\u0648\u0639\u0629 \u0644\u0644\u0645\u0631\u0627\u0642\u0628,<\/li>\n  <li>\u0645\u0644\u0641\u0627\u062a \u062a\u0639\u0631\u064a\u0641 \u0627\u0644\u0627\u0631\u062a\u0628\u0627\u0637 \u0627\u0644\u062a\u062d\u0644\u064a\u0644\u064a\u0629 \u0648\u0627\u0644\u062a\u0633\u0648\u064a\u0642\u064a\u0629 - \u0645\u0648\u0627\u0641\u0642\u0629 \u0627\u0644\u0645\u0633\u062a\u062e\u062f\u0645 \u0639\u0628\u0631 \u0645\u0644\u0641\u0627\u062a \u062a\u0639\u0631\u064a\u0641 \u0627\u0644\u0627\u0631\u062a\u0628\u0627\u0637 \u0627\u0644\u062e\u0627\u0635\u0629 \u0628\u0627\u0644\u0634\u0639\u0627\u0631\u0627\u062a.<\/li>\n<\/ul>\n\n<p>\u064a\u0645\u0643\u0646 \u0644\u0644\u0645\u0633\u062a\u062e\u062f\u0645 \u062a\u063a\u064a\u064a\u0631 \u0623\u0648 \u0633\u062d\u0628 \u0645\u0648\u0627\u0641\u0642\u062a\u0647 \u0639\u0644\u0649 \u0645\u0644\u0641\u0627\u062a \u062a\u0639\u0631\u064a\u0641 \u0627\u0644\u0627\u0631\u062a\u0628\u0627\u0637 \u0627\u0644\u062a\u062d\u0644\u064a\u0644\u064a\u0629 \u0648\u0627\u0644\u062a\u0633\u0648\u064a\u0642\u064a\u0629 \u0641\u064a \u0623\u064a \u0648\u0642\u062a \u0639\u0628\u0631 \u0634\u0639\u0627\u0631 \u0645\u0644\u0641\u0627\u062a \u062a\u0639\u0631\u064a\u0641 \u0627\u0644\u0627\u0631\u062a\u0628\u0627\u0637 \u0623\u0648 \u0625\u0639\u062f\u0627\u062f\u0627\u062a \u0627\u0644\u0645\u062a\u0635\u0641\u062d. \u0642\u062f \u064a\u0624\u062b\u0631 \u062a\u0642\u064a\u064a\u062f \u0645\u0644\u0641\u0627\u062a \u062a\u0639\u0631\u064a\u0641 \u0627\u0644\u0627\u0631\u062a\u0628\u0627\u0637 \u0639\u0644\u0649 \u0628\u0639\u0636 \u0648\u0638\u0627\u0626\u0641 \u0627\u0644\u0645\u0648\u0642\u0639 \u0627\u0644\u0625\u0644\u0643\u062a\u0631\u0648\u0646\u064a.<\/p>\n\n<h2>\u0627\u062a\u0635\u0644 \u0628\u0646\u0627<\/h2>\n<p>\u0644\u0644\u0645\u0633\u0627\u0626\u0644 \u0627\u0644\u0645\u062a\u0639\u0644\u0642\u0629 \u0628\u0645\u0639\u0627\u0644\u062c\u0629 \u0627\u0644\u0628\u064a\u0627\u0646\u0627\u062a \u0627\u0644\u0634\u062e\u0635\u064a\u0629\u060c \u064a\u064f\u0631\u062c\u0649 \u0627\u0644\u0627\u062a\u0635\u0627\u0644 \u0628\u0640 <strong>hello@helpbag.eu<\/strong><\/p>\n\n<h2>\u0627\u0644\u062a\u063a\u064a\u064a\u0631\u0627\u062a \u0641\u064a \u0627\u0644\u0633\u064a\u0627\u0633\u0629<\/h2>\n<p>\u0642\u062f \u064a\u062a\u0645 \u062a\u062d\u062f\u064a\u062b \u0627\u0644\u0633\u064a\u0627\u0633\u0629 \u0645\u0646 \u0648\u0642\u062a \u0644\u0622\u062e\u0631. \u064a\u062a\u0645 \u0646\u0634\u0631 \u0627\u0644\u0646\u0633\u062e\u0629 \u0627\u0644\u062d\u0627\u0644\u064a\u0629 \u062f\u0627\u0626\u0645\u064b\u0627 \u0639\u0644\u0649 \u0647\u0630\u0647 \u0627\u0644\u0635\u0641\u062d\u0629.<\/p>\t\t\t\t\t\t\t\t<\/div>\n\t\t\t\t<\/div>\n\t\t\t\t\t<\/div>\n\t\t\t\t<\/div>\n\t\t\t\t<\/div>","protected":false},"excerpt":{"rendered":"<p>Polityka Prywatno\u015bci i Ochrony Danych Osobowych Data aktualizacji: 17 marca 2026 r. Administratorem danych osobowych jest HELP BAG Sp. z o.o., ul. Sadowa 12, 43-100 Tychy, Polska, NIP 6462998881, REGON 523157283, KRS 0000992798, e-mail: hello@helpbag.eu. W sp\u00f3\u0142ce nie powo\u0142ano Inspektora Ochrony Danych. Cel i podstawa przetwarzania danych Dane osobowe przetwarzane s\u0105 w celu: realizacji zam\u00f3wie\u0144, [&hellip;]<\/p>\n","protected":false},"author":253,"featured_media":0,"parent":0,"menu_order":0,"comment_status":"closed","ping_status":"closed","template":"","meta":{"footnotes":""},"class_list":["post-964","page","type-page","status-publish","hentry"],"_links":{"self":[{"href":"https:\/\/helpbag.eu\/ar\/wp-json\/wp\/v2\/pages\/964","targetHints":{"allow":["GET"]}}],"collection":[{"href":"https:\/\/helpbag.eu\/ar\/wp-json\/wp\/v2\/pages"}],"about":[{"href":"https:\/\/helpbag.eu\/ar\/wp-json\/wp\/v2\/types\/page"}],"author":[{"embeddable":true,"href":"https:\/\/helpbag.eu\/ar\/wp-json\/wp\/v2\/users\/253"}],"replies":[{"embeddable":true,"href":"https:\/\/helpbag.eu\/ar\/wp-json\/wp\/v2\/comments?post=964"}],"version-history":[{"count":3,"href":"https:\/\/helpbag.eu\/ar\/wp-json\/wp\/v2\/pages\/964\/revisions"}],"predecessor-version":[{"id":68323,"href":"https:\/\/helpbag.eu\/ar\/wp-json\/wp\/v2\/pages\/964\/revisions\/68323"}],"wp:attachment":[{"href":"https:\/\/helpbag.eu\/ar\/wp-json\/wp\/v2\/media?parent=964"}],"curies":[{"name":"wp","href":"https:\/\/api.w.org\/{rel}","templated":true}]}}