{"id":51504,"date":"2025-08-24T00:36:37","date_gmt":"2025-08-23T22:36:37","guid":{"rendered":"https:\/\/helpbag.eu\/?post_type=product&#038;p=51504"},"modified":"2025-11-17T00:55:43","modified_gmt":"2025-11-16T23:55:43","slug":"checklists","status":"publish","type":"product","link":"https:\/\/helpbag.eu\/cs\/shop\/products\/checklists\/","title":{"rendered":"Kontroln\u00ed seznamy HELP BAG\u00ae (digit\u00e1ln\u00ed)"},"content":{"rendered":"<p>Praktick\u00e9 kontroln\u00ed seznamy HELP BAG\u00ae jsou p\u0159ipraven\u00e9 kontroln\u00ed seznamy, kter\u00e9 v\u00e1m pomohou \u0159\u00e1dn\u011b se p\u0159ipravit na mimo\u0159\u00e1dn\u00e9 ud\u00e1losti a zajistit bezpe\u010dnost v\u00e1s, va\u0161ich bl\u00edzk\u00fdch a va\u0161eho majetku. Ka\u017ed\u00fd kontroln\u00ed seznam je ur\u010den pro jinou oblast \u017eivota - od zabezpe\u010den\u00ed dom\u00e1cnosti p\u0159es p\u00e9\u010di o d\u011bti a dom\u00e1c\u00ed zv\u00ed\u0159ata a\u017e po p\u0159\u00edpravu automobilu - a spole\u010dn\u011b vytv\u00e1\u0159ej\u00ed kompletn\u00ed syst\u00e9m podpory v nouzi. Kontroln\u00ed seznamy jsou v digit\u00e1ln\u00ed podob\u011b.<\/p>","protected":false},"excerpt":{"rendered":"<p>Praktick\u00e9 kontroln\u00ed seznamy HELP BAG\u00ae jsou p\u0159ipraven\u00e9 kontroln\u00ed seznamy, kter\u00e9 v\u00e1m pomohou \u0159\u00e1dn\u011b se p\u0159ipravit na mimo\u0159\u00e1dn\u00e9 ud\u00e1losti a zajistit bezpe\u010dnost v\u00e1s, va\u0161ich bl\u00edzk\u00fdch a va\u0161eho majetku. Ka\u017ed\u00fd kontroln\u00ed seznam je ur\u010den pro jinou oblast \u017eivota - od zabezpe\u010den\u00ed dom\u00e1cnosti p\u0159es p\u00e9\u010di o d\u011bti a dom\u00e1c\u00ed zv\u00ed\u0159ata a\u017e po p\u0159\u00edpravu automobilu - a spole\u010dn\u011b vytv\u00e1\u0159ej\u00ed kompletn\u00ed syst\u00e9m podpory v nouzi.<\/p>","protected":false},"featured_media":48893,"comment_status":"closed","ping_status":"closed","template":"","meta":[],"product_brand":[1239],"product_cat":[17],"product_tag":[1261],"class_list":{"0":"post-51504","1":"product","2":"type-product","3":"status-publish","4":"has-post-thumbnail","6":"product_brand-helpbag","7":"product_cat-products","8":"product_tag-checklist1","10":"first","11":"instock","12":"sale","13":"sold-individually","14":"taxable","15":"shipping-taxable","16":"purchasable","17":"product-type-variable","18":"has-default-attributes"},"gallery_images":[],"_links":{"self":[{"href":"https:\/\/helpbag.eu\/cs\/wp-json\/wp\/v2\/product\/51504","targetHints":{"allow":["GET"]}}],"collection":[{"href":"https:\/\/helpbag.eu\/cs\/wp-json\/wp\/v2\/product"}],"about":[{"href":"https:\/\/helpbag.eu\/cs\/wp-json\/wp\/v2\/types\/product"}],"replies":[{"embeddable":true,"href":"https:\/\/helpbag.eu\/cs\/wp-json\/wp\/v2\/comments?post=51504"}],"version-history":[{"count":0,"href":"https:\/\/helpbag.eu\/cs\/wp-json\/wp\/v2\/product\/51504\/revisions"}],"wp:featuredmedia":[{"embeddable":true,"href":"https:\/\/helpbag.eu\/cs\/wp-json\/wp\/v2\/media\/48893"}],"wp:attachment":[{"href":"https:\/\/helpbag.eu\/cs\/wp-json\/wp\/v2\/media?parent=51504"}],"wp:term":[{"taxonomy":"product_brand","embeddable":true,"href":"https:\/\/helpbag.eu\/cs\/wp-json\/wp\/v2\/product_brand?post=51504"},{"taxonomy":"product_cat","embeddable":true,"href":"https:\/\/helpbag.eu\/cs\/wp-json\/wp\/v2\/product_cat?post=51504"},{"taxonomy":"product_tag","embeddable":true,"href":"https:\/\/helpbag.eu\/cs\/wp-json\/wp\/v2\/product_tag?post=51504"}],"curies":[{"name":"wp","href":"https:\/\/api.w.org\/{rel}","templated":true}]}}