{"id":52024,"date":"2025-08-24T23:54:21","date_gmt":"2025-08-24T21:54:21","guid":{"rendered":"https:\/\/helpbag.eu\/?post_type=product&#038;p=52024"},"modified":"2026-05-08T10:28:10","modified_gmt":"2026-05-08T08:28:10","slug":"basic","status":"publish","type":"product","link":"https:\/\/helpbag.eu\/cs\/shop\/kits\/basic\/","title":{"rendered":"Nouzov\u00e1 sada HELP BAG\u00ae BASIC"},"content":{"rendered":"<p>Nouzov\u00e1 sada HELP BAG\u00ae BASIC obsahuje:<\/p>\n<ul>\n<li><strong>Batoh HELP BAG\u00ae BASIC<\/strong><\/li>\n<li><strong>Modul EXTRA STORAGE<\/strong><\/li>\n<li><strong>Voda 500 ml<\/strong><\/li>\n<li><strong>Tablety na dezinfekci vody<\/strong><\/li>\n<li><strong>3 x krmn\u00e1 d\u00e1vka 200 g<\/strong><\/li>\n<li><strong>Plazmov\u00fd zapalova\u010d<\/strong><\/li>\n<li><strong>Nouzov\u00fd spac\u00ed pytel<\/strong><\/li>\n<li><strong>Oh\u0159\u00edva\u010de rukou<\/strong><\/li>\n<li><strong>Maska FFP2\/KN95<\/strong><\/li>\n<li><strong>Pl\u00e1\u0161t\u011bnka<\/strong><\/li>\n<li><strong>Multifunk\u010dn\u00ed kom\u00edn<\/strong><\/li>\n<li><strong>\u0160ic\u00ed souprava<\/strong><\/li>\n<li><strong>Nouzov\u00e9 kladivo se sklen\u011bn\u00fdm driftem a ho\u0159\u00e1kem<\/strong><\/li>\n<li><strong>Kabel USB 3 v 1<\/strong><\/li>\n<li><strong>L\u00e9k\u00e1rni\u010dka s p\u0159\u00edslu\u0161enstv\u00edm<\/strong><\/li>\n<li><strong>Kosmetick\u00e1 ta\u0161ka s p\u0159\u00edslu\u0161enstv\u00edm<\/strong><\/li>\n<li><strong>Ru\u010dn\u00edk z mikrovl\u00e1kna<\/strong><\/li>\n<li><strong>Multifunk\u010dn\u00ed n\u00e1ramek<\/strong><\/li>\n<li><strong>Tritony \/ stahovac\u00ed p\u00e1sky<\/strong><\/li>\n<li><strong>Pracovn\u00ed rukavice<\/strong><\/li>\n<li><strong>\u010celov\u00e1 sv\u00edtilna<\/strong><\/li>\n<li><strong>Reflexn\u00ed postroj<\/strong><\/li>\n<li><strong>Multitool<\/strong><\/li>\n<li><strong>Powerbanka 10000 mAh<\/strong><\/li>\n<li><strong>Pozn\u00e1mkov\u00fd blok s tu\u017ekou<\/strong><\/li>\n<li><strong>Vakuov\u00fd s\u00e1\u010dek na oble\u010den\u00ed<\/strong><\/li>\n<li><strong>Ocelov\u00fd hrnek s v\u00ed\u010dkem<\/strong><\/li>\n<li><strong>P\u0159\u00edbory 3v1<\/strong><\/li>\n<li><strong>Dynamo r\u00e1dio 5000 mAh<\/strong><\/li>\n<\/ul>","protected":false},"excerpt":{"rendered":"<p>V\u00fdpadek proudu, povode\u0148, evakuace, Help Bag Basic je z\u00e1kladn\u00ed nouzov\u00e1 sada, kter\u00e1 poskytuje sv\u011btlo, teplo, vodu a bezpe\u010d\u00ed v ka\u017ed\u00e9 situaci. Batoh, modul EXTRA STORAGE a nejnutn\u011bj\u0161\u00ed vybaven\u00ed. V p\u0159\u00edpad\u011b nouze budete p\u0159ipraveni a sob\u011bsta\u010dn\u00ed.<\/p>","protected":false},"featured_media":52133,"comment_status":"closed","ping_status":"closed","template":"","meta":[],"product_brand":[1239],"product_cat":[81],"product_tag":[1262],"class_list":{"0":"post-52024","1":"product","2":"type-product","3":"status-publish","4":"has-post-thumbnail","6":"product_brand-helpbag","7":"product_cat-kits","8":"product_tag-basic-kit","10":"first","11":"instock","12":"sale","13":"taxable","14":"shipping-taxable","15":"purchasable","16":"product-type-simple"},"gallery_images":[],"_links":{"self":[{"href":"https:\/\/helpbag.eu\/cs\/wp-json\/wp\/v2\/product\/52024","targetHints":{"allow":["GET"]}}],"collection":[{"href":"https:\/\/helpbag.eu\/cs\/wp-json\/wp\/v2\/product"}],"about":[{"href":"https:\/\/helpbag.eu\/cs\/wp-json\/wp\/v2\/types\/product"}],"replies":[{"embeddable":true,"href":"https:\/\/helpbag.eu\/cs\/wp-json\/wp\/v2\/comments?post=52024"}],"version-history":[{"count":3,"href":"https:\/\/helpbag.eu\/cs\/wp-json\/wp\/v2\/product\/52024\/revisions"}],"predecessor-version":[{"id":68747,"href":"https:\/\/helpbag.eu\/cs\/wp-json\/wp\/v2\/product\/52024\/revisions\/68747"}],"wp:featuredmedia":[{"embeddable":true,"href":"https:\/\/helpbag.eu\/cs\/wp-json\/wp\/v2\/media\/52133"}],"wp:attachment":[{"href":"https:\/\/helpbag.eu\/cs\/wp-json\/wp\/v2\/media?parent=52024"}],"wp:term":[{"taxonomy":"product_brand","embeddable":true,"href":"https:\/\/helpbag.eu\/cs\/wp-json\/wp\/v2\/product_brand?post=52024"},{"taxonomy":"product_cat","embeddable":true,"href":"https:\/\/helpbag.eu\/cs\/wp-json\/wp\/v2\/product_cat?post=52024"},{"taxonomy":"product_tag","embeddable":true,"href":"https:\/\/helpbag.eu\/cs\/wp-json\/wp\/v2\/product_tag?post=52024"}],"curies":[{"name":"wp","href":"https:\/\/api.w.org\/{rel}","templated":true}]}}