{"id":67641,"date":"2026-02-19T11:16:18","date_gmt":"2026-02-19T10:16:18","guid":{"rendered":"https:\/\/helpbag.eu\/?post_type=product&#038;p=67641"},"modified":"2026-05-10T12:05:23","modified_gmt":"2026-05-10T10:05:23","slug":"max-empty","status":"publish","type":"product","link":"https:\/\/helpbag.eu\/cs\/shop\/kits\/max-empty\/","title":{"rendered":"Nouzov\u00e1 sada HELP BAG\u00ae MAX PRO (pr\u00e1zdn\u00e1)"},"content":{"rendered":"","protected":false},"excerpt":{"rendered":"<p>V\u00fdpadek proudu, povode\u0148, evakuace - Help Bag Max Pro v nevylo\u017een\u00e9 verzi je pr\u00e1zdn\u00e1 nouzov\u00e1 sada, kter\u00e1 v\u00e1m pom\u016f\u017ee vytvo\u0159it ide\u00e1ln\u00ed \u201cbug-out bag\u201d. Objemn\u00fd evakua\u010dn\u00ed batoh a 8 pr\u00e1zdn\u00fdch modul\u016f s ozna\u010den\u00edm - hotov\u00e1 struktura, kterou si m\u016f\u017eete p\u0159izp\u016fsobit sv\u00fdm pot\u0159eb\u00e1m. Nulov\u00fd chaos p\u0159i balen\u00ed. Nulov\u00e9 dohady o organizaci. Nulov\u00e9 nedostatky v syst\u00e9mu. Napl\u0148te moduly t\u00edm, co vy a va\u0161e rodina pot\u0159ebujete. Bu\u010fte sob\u011bsta\u010dn\u00ed, kdy\u017e p\u0159ijde krize.<\/p>","protected":false},"featured_media":57030,"comment_status":"closed","ping_status":"closed","template":"","meta":[],"product_brand":[1239],"product_cat":[81],"product_tag":[1269],"class_list":{"0":"post-67641","1":"product","2":"type-product","3":"status-publish","4":"has-post-thumbnail","6":"product_brand-helpbag","7":"product_cat-kits","8":"product_tag-max-empty","10":"first","11":"instock","12":"sale","13":"taxable","14":"shipping-taxable","15":"purchasable","16":"product-type-simple"},"gallery_images":[51345,51346,57029,51350,51349,51348,51347,57030],"_links":{"self":[{"href":"https:\/\/helpbag.eu\/cs\/wp-json\/wp\/v2\/product\/67641","targetHints":{"allow":["GET"]}}],"collection":[{"href":"https:\/\/helpbag.eu\/cs\/wp-json\/wp\/v2\/product"}],"about":[{"href":"https:\/\/helpbag.eu\/cs\/wp-json\/wp\/v2\/types\/product"}],"replies":[{"embeddable":true,"href":"https:\/\/helpbag.eu\/cs\/wp-json\/wp\/v2\/comments?post=67641"}],"version-history":[{"count":2,"href":"https:\/\/helpbag.eu\/cs\/wp-json\/wp\/v2\/product\/67641\/revisions"}],"predecessor-version":[{"id":68819,"href":"https:\/\/helpbag.eu\/cs\/wp-json\/wp\/v2\/product\/67641\/revisions\/68819"}],"wp:featuredmedia":[{"embeddable":true,"href":"https:\/\/helpbag.eu\/cs\/wp-json\/wp\/v2\/media\/57030"}],"wp:attachment":[{"href":"https:\/\/helpbag.eu\/cs\/wp-json\/wp\/v2\/media?parent=67641"}],"wp:term":[{"taxonomy":"product_brand","embeddable":true,"href":"https:\/\/helpbag.eu\/cs\/wp-json\/wp\/v2\/product_brand?post=67641"},{"taxonomy":"product_cat","embeddable":true,"href":"https:\/\/helpbag.eu\/cs\/wp-json\/wp\/v2\/product_cat?post=67641"},{"taxonomy":"product_tag","embeddable":true,"href":"https:\/\/helpbag.eu\/cs\/wp-json\/wp\/v2\/product_tag?post=67641"}],"curies":[{"name":"wp","href":"https:\/\/api.w.org\/{rel}","templated":true}]}}