{"id":10158,"date":"2023-12-08T03:24:11","date_gmt":"2023-12-08T02:24:11","guid":{"rendered":"https:\/\/helpbag.eu\/?post_type=product&#038;p=10158"},"modified":"2026-03-31T20:15:04","modified_gmt":"2026-03-31T18:15:04","slug":"food-bdh-multivitamin","status":"publish","type":"product","link":"https:\/\/helpbag.eu\/de\/shop\/equipment\/food-bdh-multivitamin\/","title":{"rendered":"BDH\u00ae Energieriegel - Multivitamin"},"content":{"rendered":"<div data-elementor-type=\"container\" data-elementor-id=\"19518\" class=\"elementor elementor-19518\" data-elementor-post-type=\"elementor_library\">\n\t\t\t\t<div class=\"elementor-element elementor-element-876b20c pad-tb-m e-con-full e-flex e-con e-parent\" data-id=\"876b20c\" data-element_type=\"container\" data-e-type=\"container\" data-settings=\"{&quot;background_background&quot;:&quot;classic&quot;}\">\n\t\t<div class=\"elementor-element elementor-element-638a610 e-con-full e-flex e-con e-child\" data-id=\"638a610\" data-element_type=\"container\" data-e-type=\"container\">\n\t\t<div class=\"elementor-element elementor-element-24ce41a e-con-full e-flex e-con e-child\" data-id=\"24ce41a\" data-element_type=\"container\" data-e-type=\"container\">\n\t\t<div class=\"elementor-element elementor-element-dc59993 e-con-full e-flex e-con e-child\" data-id=\"dc59993\" data-element_type=\"container\" data-e-type=\"container\" data-settings=\"{&quot;background_background&quot;:&quot;classic&quot;}\">\n\t\t\t\t<div class=\"elementor-element elementor-element-0b64eed elementor-widget elementor-widget-heading\" data-id=\"0b64eed\" data-element_type=\"widget\" data-e-type=\"widget\" data-widget_type=\"heading.default\">\n\t\t\t\t<div class=\"elementor-widget-container\">\n\t\t\t\t\t<p class=\"elementor-heading-title elementor-size-default\">Energieriegel - Multivitamin<\/p>\t\t\t\t<\/div>\n\t\t\t\t<\/div>\n\t\t\t\t<div class=\"elementor-element elementor-element-d7ad10a elementor-widget elementor-widget-text-editor\" data-id=\"d7ad10a\" data-element_type=\"widget\" data-e-type=\"widget\" data-widget_type=\"text-editor.default\">\n\t\t\t\t<div class=\"elementor-widget-container\">\n\t\t\t\t\t\t\t\t\tZur Verwendung als zus\u00e4tzliche Ration in einem Notfallset. Verfallsdatum bis 2043!\t\t\t\t\t\t\t\t<\/div>\n\t\t\t\t<\/div>\n\t\t<div class=\"elementor-element elementor-element-d29b988 e-con-full desc-logo-box e-flex e-con e-child\" data-id=\"d29b988\" data-element_type=\"container\" data-e-type=\"container\">\n\t\t\t\t<div class=\"elementor-element elementor-element-86e63d4 elementor-widget elementor-widget-image\" data-id=\"86e63d4\" data-element_type=\"widget\" data-e-type=\"widget\" data-widget_type=\"image.default\">\n\t\t\t\t<div class=\"elementor-widget-container\">\n\t\t\t\t\t\t\t\t\t\t\t\t\t\t\t<img fetchpriority=\"high\" decoding=\"async\" width=\"1532\" height=\"1596\" src=\"https:\/\/helpbag.eu\/wp-content\/uploads\/2024\/02\/bdh.svg\" class=\"attachment-full size-full wp-image-22428\" alt=\"\" \/>\t\t\t\t\t\t\t\t\t\t\t\t\t\t\t<\/div>\n\t\t\t\t<\/div>\n\t\t\t\t<\/div>\n\t\t\t\t<\/div>\n\t\t<div class=\"elementor-element elementor-element-d73ee3e e-con-full e-flex e-con e-child\" data-id=\"d73ee3e\" data-element_type=\"container\" data-e-type=\"container\">\n\t\t\t\t<div class=\"elementor-element elementor-element-bf3fbb3 elementor-widget elementor-widget-image\" data-id=\"bf3fbb3\" data-element_type=\"widget\" data-e-type=\"widget\" data-widget_type=\"image.default\">\n\t\t\t\t<div class=\"elementor-widget-container\">\n\t\t\t\t\t\t\t\t\t\t\t\t\t\t\t<img decoding=\"async\" width=\"2048\" height=\"2048\" src=\"https:\/\/helpbag.eu\/wp-content\/uploads\/2023\/12\/food-multivitamin1.webp\" class=\"attachment-full size-full wp-image-10141\" alt=\"\" srcset=\"https:\/\/helpbag.eu\/wp-content\/uploads\/2023\/12\/food-multivitamin1.webp 2048w, https:\/\/helpbag.eu\/wp-content\/uploads\/2023\/12\/food-multivitamin1-600x600.webp 600w, https:\/\/helpbag.eu\/wp-content\/uploads\/2023\/12\/food-multivitamin1-250x250.webp 250w, https:\/\/helpbag.eu\/wp-content\/uploads\/2023\/12\/food-multivitamin1-700x700.webp 700w, https:\/\/helpbag.eu\/wp-content\/uploads\/2023\/12\/food-multivitamin1-300x300.webp 300w, https:\/\/helpbag.eu\/wp-content\/uploads\/2023\/12\/food-multivitamin1-1024x1024.webp 1024w, https:\/\/helpbag.eu\/wp-content\/uploads\/2023\/12\/food-multivitamin1-150x150.webp 150w, https:\/\/helpbag.eu\/wp-content\/uploads\/2023\/12\/food-multivitamin1-768x768.webp 768w, https:\/\/helpbag.eu\/wp-content\/uploads\/2023\/12\/food-multivitamin1-1536x1536.webp 1536w, https:\/\/helpbag.eu\/wp-content\/uploads\/2023\/12\/food-multivitamin1-12x12.webp 12w\" sizes=\"(max-width: 2048px) 100vw, 2048px\" \/>\t\t\t\t\t\t\t\t\t\t\t\t\t\t\t<\/div>\n\t\t\t\t<\/div>\n\t\t\t\t<\/div>\n\t\t\t\t<\/div>\n\t\t\t\t<\/div>\n\t\t<div class=\"elementor-element elementor-element-57e1441 e-con-full e-flex e-con e-child\" data-id=\"57e1441\" data-element_type=\"container\" data-e-type=\"container\">\n\t\t<div class=\"elementor-element elementor-element-507e243 e-flex e-con-boxed e-con e-child\" data-id=\"507e243\" data-element_type=\"container\" data-e-type=\"container\">\n\t\t\t\t\t<div class=\"e-con-inner\">\n\t\t\t\t<div class=\"elementor-element elementor-element-e14515c elementor-widget elementor-widget-heading\" data-id=\"e14515c\" data-element_type=\"widget\" data-e-type=\"widget\" data-widget_type=\"heading.default\">\n\t\t\t\t<div class=\"elementor-widget-container\">\n\t\t\t\t\t<p class=\"elementor-heading-title elementor-size-default\">Eigenschaften<\/p>\t\t\t\t<\/div>\n\t\t\t\t<\/div>\n\t\t\t\t<div class=\"elementor-element elementor-element-7d2d859 elementor-widget elementor-widget-heading\" data-id=\"7d2d859\" data-element_type=\"widget\" data-e-type=\"widget\" data-widget_type=\"heading.default\">\n\t\t\t\t<div class=\"elementor-widget-container\">\n\t\t\t\t\t<p class=\"elementor-heading-title elementor-size-default\">Verwenden, um...<\/p>\t\t\t\t<\/div>\n\t\t\t\t<\/div>\n\t\t\t\t\t<\/div>\n\t\t\t\t<\/div>\n\t\t<div class=\"elementor-element elementor-element-51bd6b9 e-con-full e-flex e-con e-child\" data-id=\"51bd6b9\" data-element_type=\"container\" data-e-type=\"container\">\n\t\t<div class=\"elementor-element elementor-element-ddf89be e-con-full e-flex e-con e-child\" data-id=\"ddf89be\" data-element_type=\"container\" data-e-type=\"container\" data-settings=\"{&quot;background_background&quot;:&quot;classic&quot;}\">\n\t\t\t\t<div class=\"elementor-element elementor-element-b3f9e87 elementor-align-start elementor-icon-list--layout-traditional elementor-list-item-link-full_width elementor-widget elementor-widget-icon-list\" data-id=\"b3f9e87\" data-element_type=\"widget\" data-e-type=\"widget\" data-widget_type=\"icon-list.default\">\n\t\t\t\t<div class=\"elementor-widget-container\">\n\t\t\t\t\t\t\t<ul class=\"elementor-icon-list-items\">\n\t\t\t\t\t\t\t<li class=\"elementor-icon-list-item\">\n\t\t\t\t\t\t\t\t\t\t\t<span class=\"elementor-icon-list-icon\">\n\t\t\t\t\t\t\t<i aria-hidden=\"true\" class=\"fas fa-chevron-circle-right\"><\/i>\t\t\t\t\t\t<\/span>\n\t\t\t\t\t\t\t\t\t\t<span class=\"elementor-icon-list-text\">Es lohnt sich, sie bei l\u00e4ngerer k\u00f6rperlicher Bet\u00e4tigung mit hoher Intensit\u00e4t zu verwenden.<\/span>\n\t\t\t\t\t\t\t\t\t<\/li>\n\t\t\t\t\t\t<\/ul>\n\t\t\t\t\t\t<\/div>\n\t\t\t\t<\/div>\n\t\t\t\t<div class=\"elementor-element elementor-element-58f6686 elementor-align-start elementor-icon-list--layout-traditional elementor-list-item-link-full_width elementor-widget elementor-widget-icon-list\" data-id=\"58f6686\" data-element_type=\"widget\" data-e-type=\"widget\" data-widget_type=\"icon-list.default\">\n\t\t\t\t<div class=\"elementor-widget-container\">\n\t\t\t\t\t\t\t<ul class=\"elementor-icon-list-items\">\n\t\t\t\t\t\t\t<li class=\"elementor-icon-list-item\">\n\t\t\t\t\t\t\t\t\t\t\t<span class=\"elementor-icon-list-icon\">\n\t\t\t\t\t\t\t<i aria-hidden=\"true\" class=\"fas fa-chevron-circle-right\"><\/i>\t\t\t\t\t\t<\/span>\n\t\t\t\t\t\t\t\t\t\t<span class=\"elementor-icon-list-text\">Dank der Aufteilung in kleinere Portionen kann man die Riegel leicht in die Tasche stecken und z. B. w\u00e4hrend einer Wanderung essen.<\/span>\n\t\t\t\t\t\t\t\t\t<\/li>\n\t\t\t\t\t\t<\/ul>\n\t\t\t\t\t\t<\/div>\n\t\t\t\t<\/div>\n\t\t\t\t<div class=\"elementor-element elementor-element-a1902a9 elementor-align-start elementor-icon-list--layout-traditional elementor-list-item-link-full_width elementor-widget elementor-widget-icon-list\" data-id=\"a1902a9\" data-element_type=\"widget\" data-e-type=\"widget\" data-widget_type=\"icon-list.default\">\n\t\t\t\t<div class=\"elementor-widget-container\">\n\t\t\t\t\t\t\t<ul class=\"elementor-icon-list-items\">\n\t\t\t\t\t\t\t<li class=\"elementor-icon-list-item\">\n\t\t\t\t\t\t\t\t\t\t\t<span class=\"elementor-icon-list-icon\">\n\t\t\t\t\t\t\t<i aria-hidden=\"true\" class=\"fas fa-chevron-circle-right\"><\/i>\t\t\t\t\t\t<\/span>\n\t\t\t\t\t\t\t\t\t\t<span class=\"elementor-icon-list-text\">Verwendung als zus\u00e4tzliche Ration in einer Notfallausr\u00fcstung.<\/span>\n\t\t\t\t\t\t\t\t\t<\/li>\n\t\t\t\t\t\t<\/ul>\n\t\t\t\t\t\t<\/div>\n\t\t\t\t<\/div>\n\t\t\t\t<div class=\"elementor-element elementor-element-f181101 elementor-align-start elementor-icon-list--layout-traditional elementor-list-item-link-full_width elementor-widget elementor-widget-icon-list\" data-id=\"f181101\" data-element_type=\"widget\" data-e-type=\"widget\" data-widget_type=\"icon-list.default\">\n\t\t\t\t<div class=\"elementor-widget-container\">\n\t\t\t\t\t\t\t<ul class=\"elementor-icon-list-items\">\n\t\t\t\t\t\t\t<li class=\"elementor-icon-list-item\">\n\t\t\t\t\t\t\t\t\t\t\t<span class=\"elementor-icon-list-icon\">\n\t\t\t\t\t\t\t<i aria-hidden=\"true\" class=\"fas fa-chevron-circle-right\"><\/i>\t\t\t\t\t\t<\/span>\n\t\t\t\t\t\t\t\t\t\t<span class=\"elementor-icon-list-text\">Dank der Vakuumverpackung sind die Riegel lange haltbar. Haltbarkeitsdauer: 20 Jahre (Verfallsdatum bis 2043!)<\/span>\n\t\t\t\t\t\t\t\t\t<\/li>\n\t\t\t\t\t\t<\/ul>\n\t\t\t\t\t\t<\/div>\n\t\t\t\t<\/div>\n\t\t\t\t<div class=\"elementor-element elementor-element-b81b2dd elementor-align-start elementor-icon-list--layout-traditional elementor-list-item-link-full_width elementor-widget elementor-widget-icon-list\" data-id=\"b81b2dd\" data-element_type=\"widget\" data-e-type=\"widget\" data-widget_type=\"icon-list.default\">\n\t\t\t\t<div class=\"elementor-widget-container\">\n\t\t\t\t\t\t\t<ul class=\"elementor-icon-list-items\">\n\t\t\t\t\t\t\t<li class=\"elementor-icon-list-item\">\n\t\t\t\t\t\t\t\t\t\t\t<span class=\"elementor-icon-list-icon\">\n\t\t\t\t\t\t\t<i aria-hidden=\"true\" class=\"fas fa-chevron-circle-right\"><\/i>\t\t\t\t\t\t<\/span>\n\t\t\t\t\t\t\t\t\t\t<span class=\"elementor-icon-list-text\">Das Essen ist fertig zum Verzehr.<\/span>\n\t\t\t\t\t\t\t\t\t<\/li>\n\t\t\t\t\t\t<\/ul>\n\t\t\t\t\t\t<\/div>\n\t\t\t\t<\/div>\n\t\t\t\t<div class=\"elementor-element elementor-element-d6c8653 elementor-align-start elementor-icon-list--layout-traditional elementor-list-item-link-full_width elementor-widget elementor-widget-icon-list\" data-id=\"d6c8653\" data-element_type=\"widget\" data-e-type=\"widget\" data-widget_type=\"icon-list.default\">\n\t\t\t\t<div class=\"elementor-widget-container\">\n\t\t\t\t\t\t\t<ul class=\"elementor-icon-list-items\">\n\t\t\t\t\t\t\t<li class=\"elementor-icon-list-item\">\n\t\t\t\t\t\t\t\t\t\t\t<span class=\"elementor-icon-list-icon\">\n\t\t\t\t\t\t\t<i aria-hidden=\"true\" class=\"fas fa-chevron-circle-right\"><\/i>\t\t\t\t\t\t<\/span>\n\t\t\t\t\t\t\t\t\t\t<span class=\"elementor-icon-list-text\">Energieriegel werden aus hochwertigem Mehl, Zucker und anderen Rohstoffen hergestellt, die durch eine schonende Verarbeitung Energie vor hochintensiven Aktivit\u00e4ten liefern.<\/span>\n\t\t\t\t\t\t\t\t\t<\/li>\n\t\t\t\t\t\t<\/ul>\n\t\t\t\t\t\t<\/div>\n\t\t\t\t<\/div>\n\t\t\t\t<div class=\"elementor-element elementor-element-0df35cc elementor-align-start elementor-icon-list--layout-traditional elementor-list-item-link-full_width elementor-widget elementor-widget-icon-list\" data-id=\"0df35cc\" data-element_type=\"widget\" data-e-type=\"widget\" data-widget_type=\"icon-list.default\">\n\t\t\t\t<div class=\"elementor-widget-container\">\n\t\t\t\t\t\t\t<ul class=\"elementor-icon-list-items\">\n\t\t\t\t\t\t\t<li class=\"elementor-icon-list-item\">\n\t\t\t\t\t\t\t\t\t\t\t<span class=\"elementor-icon-list-icon\">\n\t\t\t\t\t\t\t<i aria-hidden=\"true\" class=\"fas fa-chevron-circle-right\"><\/i>\t\t\t\t\t\t<\/span>\n\t\t\t\t\t\t\t\t\t\t<span class=\"elementor-icon-list-text\">Sie sollten an einem k\u00fchlen und trockenen Ort gelagert werden.<\/span>\n\t\t\t\t\t\t\t\t\t<\/li>\n\t\t\t\t\t\t<\/ul>\n\t\t\t\t\t\t<\/div>\n\t\t\t\t<\/div>\n\t\t\t\t<\/div>\n\t\t<div class=\"elementor-element elementor-element-5649f91 e-con-full e-flex e-con e-child\" data-id=\"5649f91\" data-element_type=\"container\" data-e-type=\"container\" data-settings=\"{&quot;background_background&quot;:&quot;classic&quot;}\">\n\t\t\t\t<div class=\"elementor-element elementor-element-c1b5c0c elementor-widget elementor-widget-image\" data-id=\"c1b5c0c\" data-element_type=\"widget\" data-e-type=\"widget\" data-widget_type=\"image.default\">\n\t\t\t\t<div class=\"elementor-widget-container\">\n\t\t\t\t\t\t\t\t\t\t\t\t\t\t\t<img decoding=\"async\" width=\"800\" height=\"800\" src=\"https:\/\/helpbag.eu\/wp-content\/uploads\/2023\/12\/food-multivitamin3-1024x1024.webp\" class=\"attachment-large size-large wp-image-10143\" alt=\"\" srcset=\"https:\/\/helpbag.eu\/wp-content\/uploads\/2023\/12\/food-multivitamin3-1024x1024.webp 1024w, https:\/\/helpbag.eu\/wp-content\/uploads\/2023\/12\/food-multivitamin3-600x600.webp 600w, https:\/\/helpbag.eu\/wp-content\/uploads\/2023\/12\/food-multivitamin3-250x250.webp 250w, https:\/\/helpbag.eu\/wp-content\/uploads\/2023\/12\/food-multivitamin3-700x700.webp 700w, https:\/\/helpbag.eu\/wp-content\/uploads\/2023\/12\/food-multivitamin3-300x300.webp 300w, https:\/\/helpbag.eu\/wp-content\/uploads\/2023\/12\/food-multivitamin3-150x150.webp 150w, https:\/\/helpbag.eu\/wp-content\/uploads\/2023\/12\/food-multivitamin3-768x768.webp 768w, https:\/\/helpbag.eu\/wp-content\/uploads\/2023\/12\/food-multivitamin3-1536x1536.webp 1536w, https:\/\/helpbag.eu\/wp-content\/uploads\/2023\/12\/food-multivitamin3-12x12.webp 12w, https:\/\/helpbag.eu\/wp-content\/uploads\/2023\/12\/food-multivitamin3.webp 2048w\" sizes=\"(max-width: 800px) 100vw, 800px\" \/>\t\t\t\t\t\t\t\t\t\t\t\t\t\t\t<\/div>\n\t\t\t\t<\/div>\n\t\t\t\t<\/div>\n\t\t\t\t<\/div>\n\t\t\t\t<\/div>\n\t\t<div class=\"elementor-element elementor-element-14d5018 e-con-full e-flex e-con e-child\" data-id=\"14d5018\" data-element_type=\"container\" data-e-type=\"container\">\n\t\t<div class=\"elementor-element elementor-element-f06caff e-flex e-con-boxed e-con e-child\" data-id=\"f06caff\" data-element_type=\"container\" data-e-type=\"container\">\n\t\t\t\t\t<div class=\"e-con-inner\">\n\t\t\t\t<div class=\"elementor-element elementor-element-a46e208 elementor-widget elementor-widget-heading\" data-id=\"a46e208\" data-element_type=\"widget\" data-e-type=\"widget\" data-widget_type=\"heading.default\">\n\t\t\t\t<div class=\"elementor-widget-container\">\n\t\t\t\t\t<p class=\"elementor-heading-title elementor-size-default\">Geschmack<\/p>\t\t\t\t<\/div>\n\t\t\t\t<\/div>\n\t\t\t\t<div class=\"elementor-element elementor-element-61dc006 elementor-widget elementor-widget-heading\" data-id=\"61dc006\" data-element_type=\"widget\" data-e-type=\"widget\" data-widget_type=\"heading.default\">\n\t\t\t\t<div class=\"elementor-widget-container\">\n\t\t\t\t\t<p class=\"elementor-heading-title elementor-size-default\">Multivitamin<\/p>\t\t\t\t<\/div>\n\t\t\t\t<\/div>\n\t\t\t\t\t<\/div>\n\t\t\t\t<\/div>\n\t\t<div class=\"elementor-element elementor-element-699f115 e-con-full e-flex e-con e-child\" data-id=\"699f115\" data-element_type=\"container\" data-e-type=\"container\">\n\t\t<div class=\"elementor-element elementor-element-bc2e036 e-con-full e-flex e-con e-child\" data-id=\"bc2e036\" data-element_type=\"container\" data-e-type=\"container\" data-settings=\"{&quot;background_background&quot;:&quot;classic&quot;}\">\n\t\t\t\t<div class=\"elementor-element elementor-element-efad0c7 elementor-widget elementor-widget-image\" data-id=\"efad0c7\" data-element_type=\"widget\" data-e-type=\"widget\" data-widget_type=\"image.default\">\n\t\t\t\t<div class=\"elementor-widget-container\">\n\t\t\t\t\t\t\t\t\t\t\t\t\t\t\t<img loading=\"lazy\" decoding=\"async\" width=\"800\" height=\"800\" src=\"https:\/\/helpbag.eu\/wp-content\/uploads\/2023\/12\/food-multivitamin2-1024x1024.webp\" class=\"attachment-large size-large wp-image-10142\" alt=\"\" srcset=\"https:\/\/helpbag.eu\/wp-content\/uploads\/2023\/12\/food-multivitamin2-1024x1024.webp 1024w, https:\/\/helpbag.eu\/wp-content\/uploads\/2023\/12\/food-multivitamin2-600x600.webp 600w, https:\/\/helpbag.eu\/wp-content\/uploads\/2023\/12\/food-multivitamin2-250x250.webp 250w, https:\/\/helpbag.eu\/wp-content\/uploads\/2023\/12\/food-multivitamin2-700x700.webp 700w, https:\/\/helpbag.eu\/wp-content\/uploads\/2023\/12\/food-multivitamin2-300x300.webp 300w, https:\/\/helpbag.eu\/wp-content\/uploads\/2023\/12\/food-multivitamin2-150x150.webp 150w, https:\/\/helpbag.eu\/wp-content\/uploads\/2023\/12\/food-multivitamin2-768x768.webp 768w, https:\/\/helpbag.eu\/wp-content\/uploads\/2023\/12\/food-multivitamin2-1536x1536.webp 1536w, https:\/\/helpbag.eu\/wp-content\/uploads\/2023\/12\/food-multivitamin2-12x12.webp 12w, https:\/\/helpbag.eu\/wp-content\/uploads\/2023\/12\/food-multivitamin2.webp 2048w\" sizes=\"(max-width: 800px) 100vw, 800px\" \/>\t\t\t\t\t\t\t\t\t\t\t\t\t\t\t<\/div>\n\t\t\t\t<\/div>\n\t\t\t\t<\/div>\n\t\t<div class=\"elementor-element elementor-element-5d3cdc1 e-con-full e-flex e-con e-child\" data-id=\"5d3cdc1\" data-element_type=\"container\" data-e-type=\"container\" data-settings=\"{&quot;background_background&quot;:&quot;classic&quot;}\">\n\t\t\t\t<div class=\"elementor-element elementor-element-15c3514 elementor-align-start elementor-icon-list--layout-traditional elementor-list-item-link-full_width elementor-widget elementor-widget-icon-list\" data-id=\"15c3514\" data-element_type=\"widget\" data-e-type=\"widget\" data-widget_type=\"icon-list.default\">\n\t\t\t\t<div class=\"elementor-widget-container\">\n\t\t\t\t\t\t\t<ul class=\"elementor-icon-list-items\">\n\t\t\t\t\t\t\t<li class=\"elementor-icon-list-item\">\n\t\t\t\t\t\t\t\t\t\t\t<span class=\"elementor-icon-list-icon\">\n\t\t\t\t\t\t\t<i aria-hidden=\"true\" class=\"fas fa-chevron-circle-right\"><\/i>\t\t\t\t\t\t<\/span>\n\t\t\t\t\t\t\t\t\t\t<span class=\"elementor-icon-list-text\">Nettogewicht pro Einheit (g): 125 g<\/span>\n\t\t\t\t\t\t\t\t\t<\/li>\n\t\t\t\t\t\t<\/ul>\n\t\t\t\t\t\t<\/div>\n\t\t\t\t<\/div>\n\t\t\t\t<div class=\"elementor-element elementor-element-e271147 elementor-align-start elementor-icon-list--layout-traditional elementor-list-item-link-full_width elementor-widget elementor-widget-icon-list\" data-id=\"e271147\" data-element_type=\"widget\" data-e-type=\"widget\" data-widget_type=\"icon-list.default\">\n\t\t\t\t<div class=\"elementor-widget-container\">\n\t\t\t\t\t\t\t<ul class=\"elementor-icon-list-items\">\n\t\t\t\t\t\t\t<li class=\"elementor-icon-list-item\">\n\t\t\t\t\t\t\t\t\t\t\t<span class=\"elementor-icon-list-icon\">\n\t\t\t\t\t\t\t<i aria-hidden=\"true\" class=\"fas fa-chevron-circle-right\"><\/i>\t\t\t\t\t\t<\/span>\n\t\t\t\t\t\t\t\t\t\t<span class=\"elementor-icon-list-text\">Zutaten: Weizenmehl 60%, Pflanzen\u00f6l (Palm), Zucker (Saccharose), Dextrose, Milchpulver, Glukosesirup, Wasser, Salz, Vitamin B2 (Riboflavin), Vitamin B1 (Thiamin), Vitamin B6, Vitamin A, Vitamin D3, Niacin, Backtriebmittel: Natriumcarbonat, S\u00e4ureregulator: Zitronens\u00e4ure<\/span>\n\t\t\t\t\t\t\t\t\t<\/li>\n\t\t\t\t\t\t<\/ul>\n\t\t\t\t\t\t<\/div>\n\t\t\t\t<\/div>\n\t\t\t\t<div class=\"elementor-element elementor-element-0115dd1 elementor-align-start elementor-icon-list--layout-traditional elementor-list-item-link-full_width elementor-widget elementor-widget-icon-list\" data-id=\"0115dd1\" data-element_type=\"widget\" data-e-type=\"widget\" data-widget_type=\"icon-list.default\">\n\t\t\t\t<div class=\"elementor-widget-container\">\n\t\t\t\t\t\t\t<ul class=\"elementor-icon-list-items\">\n\t\t\t\t\t\t\t<li class=\"elementor-icon-list-item\">\n\t\t\t\t\t\t\t\t\t\t\t<span class=\"elementor-icon-list-icon\">\n\t\t\t\t\t\t\t<i aria-hidden=\"true\" class=\"fas fa-chevron-circle-right\"><\/i>\t\t\t\t\t\t<\/span>\n\t\t\t\t\t\t\t\t\t\t<span class=\"elementor-icon-list-text\">Enth\u00e4lt: WEIZEN, MILCH<\/span>\n\t\t\t\t\t\t\t\t\t<\/li>\n\t\t\t\t\t\t<\/ul>\n\t\t\t\t\t\t<\/div>\n\t\t\t\t<\/div>\n\t\t\t\t<div class=\"elementor-element elementor-element-4ca06b5 elementor-align-start elementor-icon-list--layout-traditional elementor-list-item-link-full_width elementor-widget elementor-widget-icon-list\" data-id=\"4ca06b5\" data-element_type=\"widget\" data-e-type=\"widget\" data-widget_type=\"icon-list.default\">\n\t\t\t\t<div class=\"elementor-widget-container\">\n\t\t\t\t\t\t\t<ul class=\"elementor-icon-list-items\">\n\t\t\t\t\t\t\t<li class=\"elementor-icon-list-item\">\n\t\t\t\t\t\t\t\t\t\t\t<span class=\"elementor-icon-list-icon\">\n\t\t\t\t\t\t\t<i aria-hidden=\"true\" class=\"fas fa-chevron-circle-right\"><\/i>\t\t\t\t\t\t<\/span>\n\t\t\t\t\t\t\t\t\t\t<span class=\"elementor-icon-list-text\">N\u00e4hrwertangaben - 100 g enthalten im Durchschnitt KALORIEN 2054 kj \/491 kcal; FETT 21,5 g; EINSCHLIESSLICH FETTS\u00c4UREN 9,04 g; KARBONS\u00c4UREN 67,3 g; EINSCHLIESSLICH ZUCKER 20,6 g; EIWEISS 6,7 g; NATRIUM 0,236 g<\/span>\n\t\t\t\t\t\t\t\t\t<\/li>\n\t\t\t\t\t\t<\/ul>\n\t\t\t\t\t\t<\/div>\n\t\t\t\t<\/div>\n\t\t\t\t<div class=\"elementor-element elementor-element-fd35ab6 elementor-align-start elementor-icon-list--layout-traditional elementor-list-item-link-full_width elementor-widget elementor-widget-icon-list\" data-id=\"fd35ab6\" data-element_type=\"widget\" data-e-type=\"widget\" data-widget_type=\"icon-list.default\">\n\t\t\t\t<div class=\"elementor-widget-container\">\n\t\t\t\t\t\t\t<ul class=\"elementor-icon-list-items\">\n\t\t\t\t\t\t\t<li class=\"elementor-icon-list-item\">\n\t\t\t\t\t\t\t\t\t\t\t<span class=\"elementor-icon-list-icon\">\n\t\t\t\t\t\t\t<i aria-hidden=\"true\" class=\"fas fa-chevron-circle-right\"><\/i>\t\t\t\t\t\t<\/span>\n\t\t\t\t\t\t\t\t\t\t<span class=\"elementor-icon-list-text\">Mineralstoffe und Vitamine - 100 g enthalten im Durchschnitt: KALZIUM 300 mg NRV 38%; EISEN 5,0 mg NRV 36%; ZINK 5,00 mg NRV 50%; SELENIUM 9 \u03bcg NRV 16%; VITAMIN A 317 \u03bcgRE NRV 40%; VITAMIN D3 2.5 \u03bcg NRV 50%; VITAMIN B1 0,45 mg NRV 41%; VITAMIN B2 0,51 mg NRV 37%; VITAMIN B6 0,35 mg NRV 25%; Niacin 4,5 mg NRV 28%.<\/span>\n\t\t\t\t\t\t\t\t\t<\/li>\n\t\t\t\t\t\t<\/ul>\n\t\t\t\t\t\t<\/div>\n\t\t\t\t<\/div>\n\t\t\t\t<\/div>\n\t\t\t\t<\/div>\n\t\t\t\t<\/div>\n\t\t<div class=\"elementor-element elementor-element-8148180 e-con-full e-flex e-con e-child\" data-id=\"8148180\" data-element_type=\"container\" data-e-type=\"container\">\n\t\t\t\t<div class=\"plus-conditions--hidden elementor-element elementor-element-b8525ed elementor-widget__width-initial acrdn-active-border elementor-widget-mobile__width-inherit elementor-widget elementor-widget-n-accordion\" data-id=\"b8525ed\" data-element_type=\"widget\" data-e-type=\"widget\" data-settings=\"{&quot;default_state&quot;:&quot;all_collapsed&quot;,&quot;tp_display_rules_enable&quot;:&quot;yes&quot;,&quot;max_items_expended&quot;:&quot;one&quot;,&quot;n_accordion_animation_duration&quot;:{&quot;unit&quot;:&quot;ms&quot;,&quot;size&quot;:400,&quot;sizes&quot;:[]}}\" data-widget_type=\"nested-accordion.default\">\n\t\t\t\t<div class=\"elementor-widget-container\">\n\t\t\t\t\t\t\t\t\t<\/div>\n\t\t\t\t<\/div>\n\t\t\t\t<\/div>\n\t\t\t\t<div class=\"elementor-element elementor-element-97d40e6 elementor-widget-divider--view-line elementor-widget elementor-widget-divider\" data-id=\"97d40e6\" data-element_type=\"widget\" data-e-type=\"widget\" data-widget_type=\"divider.default\">\n\t\t\t\t<div class=\"elementor-widget-container\">\n\t\t\t\t\t\t\t<div class=\"elementor-divider\">\n\t\t\t<span class=\"elementor-divider-separator\">\n\t\t\t\t\t\t<\/span>\n\t\t<\/div>\n\t\t\t\t\t\t<\/div>\n\t\t\t\t<\/div>\n\t\t\t\t<\/div>\n\t\t\t\t<\/div>","protected":false},"excerpt":{"rendered":"<p>Zur Verwendung als zus\u00e4tzliche Ration in einem Notfallset. Verfallsdatum bis 2043!<\/p>","protected":false},"featured_media":10141,"comment_status":"open","ping_status":"closed","template":"","meta":[],"product_brand":[],"product_cat":[135],"product_tag":[],"class_list":{"0":"post-10158","1":"product","2":"type-product","3":"status-publish","4":"has-post-thumbnail","6":"product_cat-equipment","8":"first","9":"instock","10":"taxable","11":"shipping-taxable","12":"purchasable","13":"product-type-variable","14":"has-default-attributes"},"gallery_images":[],"_links":{"self":[{"href":"https:\/\/helpbag.eu\/de\/wp-json\/wp\/v2\/product\/10158","targetHints":{"allow":["GET"]}}],"collection":[{"href":"https:\/\/helpbag.eu\/de\/wp-json\/wp\/v2\/product"}],"about":[{"href":"https:\/\/helpbag.eu\/de\/wp-json\/wp\/v2\/types\/product"}],"replies":[{"embeddable":true,"href":"https:\/\/helpbag.eu\/de\/wp-json\/wp\/v2\/comments?post=10158"}],"version-history":[{"count":1,"href":"https:\/\/helpbag.eu\/de\/wp-json\/wp\/v2\/product\/10158\/revisions"}],"predecessor-version":[{"id":66918,"href":"https:\/\/helpbag.eu\/de\/wp-json\/wp\/v2\/product\/10158\/revisions\/66918"}],"wp:featuredmedia":[{"embeddable":true,"href":"https:\/\/helpbag.eu\/de\/wp-json\/wp\/v2\/media\/10141"}],"wp:attachment":[{"href":"https:\/\/helpbag.eu\/de\/wp-json\/wp\/v2\/media?parent=10158"}],"wp:term":[{"taxonomy":"product_brand","embeddable":true,"href":"https:\/\/helpbag.eu\/de\/wp-json\/wp\/v2\/product_brand?post=10158"},{"taxonomy":"product_cat","embeddable":true,"href":"https:\/\/helpbag.eu\/de\/wp-json\/wp\/v2\/product_cat?post=10158"},{"taxonomy":"product_tag","embeddable":true,"href":"https:\/\/helpbag.eu\/de\/wp-json\/wp\/v2\/product_tag?post=10158"}],"curies":[{"name":"wp","href":"https:\/\/api.w.org\/{rel}","templated":true}]}}