{"id":52024,"date":"2025-08-24T23:54:21","date_gmt":"2025-08-24T21:54:21","guid":{"rendered":"https:\/\/helpbag.eu\/?post_type=product&#038;p=52024"},"modified":"2026-03-30T21:02:58","modified_gmt":"2026-03-30T19:02:58","slug":"basic","status":"publish","type":"product","link":"https:\/\/helpbag.eu\/de\/shop\/kits\/basic\/","title":{"rendered":"Notfallset HELP BAG\u00ae BASIC"},"content":{"rendered":"<p>Das HELP BAG\u00ae BASIC-Notfallkit enth\u00e4lt:<\/p>\n<ul>\n<li><strong>Rucksack HELP BAG\u00ae BASIC<\/strong><\/li>\n<li><strong>Modul EXTRA STORAGE<\/strong><\/li>\n<li><strong>Wasser 500 ml<\/strong><\/li>\n<li><strong>Tabletten zur Wasserdesinfektion<\/strong><\/li>\n<li><strong>3 x Futterrationen 200 g<\/strong><\/li>\n<li><strong>Plasma-Feuerzeug<\/strong><\/li>\n<li><strong>Notfallschlafsack<\/strong><\/li>\n<li><strong>Handw\u00e4rmer<\/strong><\/li>\n<li><strong>Maske FFP2\/KN95<\/strong><\/li>\n<li><strong>Regenponcho<\/strong><\/li>\n<li><strong>Multifunktionstuch<\/strong><\/li>\n<li><strong>N\u00e4hzeug<\/strong><\/li>\n<li><strong>Nothammer mit Glasdrift und Taschenlampe<\/strong><\/li>\n<li><strong>USB-3-in-1-Kabel<\/strong><\/li>\n<li><strong>Erste-Hilfe-Kasten mit Zubeh\u00f6r<\/strong><\/li>\n<li><strong>Kosmetiktasche mit Zubeh\u00f6r<\/strong><\/li>\n<li><strong>Mikrofaserhandtuch<\/strong><\/li>\n<li><strong>Multifunktions-Armband<\/strong><\/li>\n<li><strong>Tritons \/ Kabelbinder<\/strong><\/li>\n<li><strong>Arbeitshandschuhe<\/strong><\/li>\n<li><strong>Stirnlampe<\/strong><\/li>\n<li><strong>Reflektierende Tr\u00e4ger<\/strong><\/li>\n<li><strong>Multitool<\/strong><\/li>\n<li><strong>Powerbank 10 000 mAh<\/strong><\/li>\n<li><strong>Notizblock mit Bleistift<\/strong><\/li>\n<li><strong>Vakuumbeutel f\u00fcr Kleidung<\/strong><\/li>\n<li><strong>Edelstahlbecher mit Deckel<\/strong><\/li>\n<li><strong>Besteck 3in1<\/strong><\/li>\n<li><strong>Dynamo-Radio 5000 mAh<\/strong><\/li>\n<\/ul>","protected":false},"excerpt":{"rendered":"<p>Blackout, \u00dcberschwemmung, Evakuierung, Help Bag Basic ist ein grundlegendes Notfallset, das Licht, W\u00e4rme, Wasser und Sicherheit in jeder Situation bietet. Ein Rucksack, ein Modul EXTRA STORAGE und die notwendigste Ausr\u00fcstung. Im Falle eines Notfalls sind Sie bereit und autark.<\/p>","protected":false},"featured_media":52133,"comment_status":"closed","ping_status":"closed","template":"","meta":[],"product_brand":[1239],"product_cat":[81],"product_tag":[1262],"class_list":{"0":"post-52024","1":"product","2":"type-product","3":"status-publish","4":"has-post-thumbnail","6":"product_brand-helpbag","7":"product_cat-kits","8":"product_tag-basic-kit","10":"first","11":"instock","12":"sale","13":"taxable","14":"shipping-taxable","15":"purchasable","16":"product-type-simple"},"gallery_images":[],"_links":{"self":[{"href":"https:\/\/helpbag.eu\/de\/wp-json\/wp\/v2\/product\/52024","targetHints":{"allow":["GET"]}}],"collection":[{"href":"https:\/\/helpbag.eu\/de\/wp-json\/wp\/v2\/product"}],"about":[{"href":"https:\/\/helpbag.eu\/de\/wp-json\/wp\/v2\/types\/product"}],"replies":[{"embeddable":true,"href":"https:\/\/helpbag.eu\/de\/wp-json\/wp\/v2\/comments?post=52024"}],"version-history":[{"count":3,"href":"https:\/\/helpbag.eu\/de\/wp-json\/wp\/v2\/product\/52024\/revisions"}],"predecessor-version":[{"id":68747,"href":"https:\/\/helpbag.eu\/de\/wp-json\/wp\/v2\/product\/52024\/revisions\/68747"}],"wp:featuredmedia":[{"embeddable":true,"href":"https:\/\/helpbag.eu\/de\/wp-json\/wp\/v2\/media\/52133"}],"wp:attachment":[{"href":"https:\/\/helpbag.eu\/de\/wp-json\/wp\/v2\/media?parent=52024"}],"wp:term":[{"taxonomy":"product_brand","embeddable":true,"href":"https:\/\/helpbag.eu\/de\/wp-json\/wp\/v2\/product_brand?post=52024"},{"taxonomy":"product_cat","embeddable":true,"href":"https:\/\/helpbag.eu\/de\/wp-json\/wp\/v2\/product_cat?post=52024"},{"taxonomy":"product_tag","embeddable":true,"href":"https:\/\/helpbag.eu\/de\/wp-json\/wp\/v2\/product_tag?post=52024"}],"curies":[{"name":"wp","href":"https:\/\/api.w.org\/{rel}","templated":true}]}}