{"id":67641,"date":"2026-02-19T11:16:18","date_gmt":"2026-02-19T10:16:18","guid":{"rendered":"https:\/\/helpbag.eu\/?post_type=product&#038;p=67641"},"modified":"2026-04-15T12:58:31","modified_gmt":"2026-04-15T10:58:31","slug":"max-empty","status":"publish","type":"product","link":"https:\/\/helpbag.eu\/de\/shop\/kits\/max-empty\/","title":{"rendered":"Notfallkoffer HELP BAG\u00ae MAX PRO (leer)"},"content":{"rendered":"","protected":false},"excerpt":{"rendered":"<p>Blackout, \u00dcberschwemmung, Evakuierung - die ungef\u00fctterte Version des Help Bag Max Pro ist ein leeres Notfallset, aus dem Sie Ihre ideale \u201cBug-out Bag\u201d zusammenstellen k\u00f6nnen. Ein ger\u00e4umiger Evakuierungsrucksack und 8 leere Module mit Markierungen - eine fertige Struktur, die Sie nach Ihren Bed\u00fcrfnissen gestalten k\u00f6nnen. Kein Pack-Chaos. Kein R\u00e4tselraten bei der Organisation. Keine Engp\u00e4sse im System. F\u00fcllen Sie die Module mit dem, was Sie und Ihre Familie brauchen. Seien Sie unabh\u00e4ngig, wenn eine Krise eintritt.<\/p>","protected":false},"featured_media":57030,"comment_status":"closed","ping_status":"closed","template":"","meta":[],"product_brand":[1239],"product_cat":[81],"product_tag":[1269],"class_list":{"0":"post-67641","1":"product","2":"type-product","3":"status-publish","4":"has-post-thumbnail","6":"product_brand-helpbag","7":"product_cat-kits","8":"product_tag-max-empty","10":"first","11":"instock","12":"sale","13":"taxable","14":"shipping-taxable","15":"purchasable","16":"product-type-simple"},"gallery_images":[51345,51346,57029,51350,51349,51348,51347,57030],"_links":{"self":[{"href":"https:\/\/helpbag.eu\/de\/wp-json\/wp\/v2\/product\/67641","targetHints":{"allow":["GET"]}}],"collection":[{"href":"https:\/\/helpbag.eu\/de\/wp-json\/wp\/v2\/product"}],"about":[{"href":"https:\/\/helpbag.eu\/de\/wp-json\/wp\/v2\/types\/product"}],"replies":[{"embeddable":true,"href":"https:\/\/helpbag.eu\/de\/wp-json\/wp\/v2\/comments?post=67641"}],"version-history":[{"count":2,"href":"https:\/\/helpbag.eu\/de\/wp-json\/wp\/v2\/product\/67641\/revisions"}],"predecessor-version":[{"id":68819,"href":"https:\/\/helpbag.eu\/de\/wp-json\/wp\/v2\/product\/67641\/revisions\/68819"}],"wp:featuredmedia":[{"embeddable":true,"href":"https:\/\/helpbag.eu\/de\/wp-json\/wp\/v2\/media\/57030"}],"wp:attachment":[{"href":"https:\/\/helpbag.eu\/de\/wp-json\/wp\/v2\/media?parent=67641"}],"wp:term":[{"taxonomy":"product_brand","embeddable":true,"href":"https:\/\/helpbag.eu\/de\/wp-json\/wp\/v2\/product_brand?post=67641"},{"taxonomy":"product_cat","embeddable":true,"href":"https:\/\/helpbag.eu\/de\/wp-json\/wp\/v2\/product_cat?post=67641"},{"taxonomy":"product_tag","embeddable":true,"href":"https:\/\/helpbag.eu\/de\/wp-json\/wp\/v2\/product_tag?post=67641"}],"curies":[{"name":"wp","href":"https:\/\/api.w.org\/{rel}","templated":true}]}}