{"id":52024,"date":"2025-08-24T23:54:21","date_gmt":"2025-08-24T21:54:21","guid":{"rendered":"https:\/\/helpbag.eu\/?post_type=product&#038;p=52024"},"modified":"2026-03-30T21:02:58","modified_gmt":"2026-03-30T19:02:58","slug":"basic","status":"publish","type":"product","link":"https:\/\/helpbag.eu\/es\/shop\/kits\/basic\/","title":{"rendered":"Kit de emergencia HELP BAG\u00ae BASIC"},"content":{"rendered":"<p>El kit de emergencia HELP BAG\u00ae BASIC incluye:<\/p>\n<ul>\n<li><strong>Mochila HELP BAG\u00ae BASIC<\/strong><\/li>\n<li><strong>M\u00f3dulo de ALMACENAMIENTO EXTRA<\/strong><\/li>\n<li><strong>Agua 500 ml<\/strong><\/li>\n<li><strong>Pastillas desinfectantes del agua<\/strong><\/li>\n<li><strong>3 x Raci\u00f3n alimenticia 200 g<\/strong><\/li>\n<li><strong>Encendedor de plasma<\/strong><\/li>\n<li><strong>Saco de dormir de emergencia<\/strong><\/li>\n<li><strong>Calientamanos<\/strong><\/li>\n<li><strong>M\u00e1scara FFP2\/KN95<\/strong><\/li>\n<li><strong>Poncho de lluvia<\/strong><\/li>\n<li><strong>Chimenea multifuncional<\/strong><\/li>\n<li><strong>Kit de costura<\/strong><\/li>\n<li><strong>Martillo de emergencia con varilla de vidrio y soplete<\/strong><\/li>\n<li><strong>Cable USB 3 en 1<\/strong><\/li>\n<li><strong>Botiqu\u00edn de primeros auxilios con accesorios<\/strong><\/li>\n<li><strong>Neceser con accesorios<\/strong><\/li>\n<li><strong>Toalla de microfibra<\/strong><\/li>\n<li><strong>Pulsera multifunci\u00f3n<\/strong><\/li>\n<li><strong>Tritones \/ bridas<\/strong><\/li>\n<li><strong>Guantes de trabajo<\/strong><\/li>\n<li><strong>Linterna frontal<\/strong><\/li>\n<li><strong>Arn\u00e9s reflectante<\/strong><\/li>\n<li><strong>Multiherramienta<\/strong><\/li>\n<li><strong>Powerbank 10000 mAh<\/strong><\/li>\n<li><strong>Bloc de notas a l\u00e1piz<\/strong><\/li>\n<li><strong>Bolsa de vac\u00edo para ropa<\/strong><\/li>\n<li><strong>Taza de acero con tapa<\/strong><\/li>\n<li><strong>Cubiertos 3en1<\/strong><\/li>\n<li><strong>Radio dinamo 5000 mAh<\/strong><\/li>\n<\/ul>","protected":false},"excerpt":{"rendered":"<p>Apag\u00f3n, inundaci\u00f3n, evacuaci\u00f3n, Help Bag Basic es un kit de emergencia b\u00e1sico que proporciona luz, calor, agua y seguridad en cualquier situaci\u00f3n. Una mochila, un m\u00f3dulo de ALMACENAMIENTO EXTRA y el equipo m\u00e1s necesario. En caso de emergencia, estar\u00e1s preparado y ser\u00e1s autosuficiente.<\/p>","protected":false},"featured_media":52133,"comment_status":"closed","ping_status":"closed","template":"","meta":[],"product_brand":[1239],"product_cat":[81],"product_tag":[1262],"class_list":{"0":"post-52024","1":"product","2":"type-product","3":"status-publish","4":"has-post-thumbnail","6":"product_brand-helpbag","7":"product_cat-kits","8":"product_tag-basic-kit","10":"first","11":"instock","12":"sale","13":"taxable","14":"shipping-taxable","15":"purchasable","16":"product-type-simple"},"gallery_images":[],"_links":{"self":[{"href":"https:\/\/helpbag.eu\/es\/wp-json\/wp\/v2\/product\/52024","targetHints":{"allow":["GET"]}}],"collection":[{"href":"https:\/\/helpbag.eu\/es\/wp-json\/wp\/v2\/product"}],"about":[{"href":"https:\/\/helpbag.eu\/es\/wp-json\/wp\/v2\/types\/product"}],"replies":[{"embeddable":true,"href":"https:\/\/helpbag.eu\/es\/wp-json\/wp\/v2\/comments?post=52024"}],"version-history":[{"count":3,"href":"https:\/\/helpbag.eu\/es\/wp-json\/wp\/v2\/product\/52024\/revisions"}],"predecessor-version":[{"id":68747,"href":"https:\/\/helpbag.eu\/es\/wp-json\/wp\/v2\/product\/52024\/revisions\/68747"}],"wp:featuredmedia":[{"embeddable":true,"href":"https:\/\/helpbag.eu\/es\/wp-json\/wp\/v2\/media\/52133"}],"wp:attachment":[{"href":"https:\/\/helpbag.eu\/es\/wp-json\/wp\/v2\/media?parent=52024"}],"wp:term":[{"taxonomy":"product_brand","embeddable":true,"href":"https:\/\/helpbag.eu\/es\/wp-json\/wp\/v2\/product_brand?post=52024"},{"taxonomy":"product_cat","embeddable":true,"href":"https:\/\/helpbag.eu\/es\/wp-json\/wp\/v2\/product_cat?post=52024"},{"taxonomy":"product_tag","embeddable":true,"href":"https:\/\/helpbag.eu\/es\/wp-json\/wp\/v2\/product_tag?post=52024"}],"curies":[{"name":"wp","href":"https:\/\/api.w.org\/{rel}","templated":true}]}}