{"id":65028,"date":"2025-12-01T16:04:43","date_gmt":"2025-12-01T15:04:43","guid":{"rendered":"https:\/\/helpbag.eu\/?post_type=product&#038;p=65028"},"modified":"2026-04-15T12:58:30","modified_gmt":"2026-04-15T10:58:30","slug":"radio-signal-one","status":"publish","type":"product","link":"https:\/\/helpbag.eu\/es\/shop\/extras\/radio-signal-one\/","title":{"rendered":"HELP BAG\u00ae Signal One Radio dinamo de 5000 mAh"},"content":{"rendered":"<div data-elementor-type=\"container\" data-elementor-id=\"42109\" class=\"elementor elementor-42109\" data-elementor-post-type=\"elementor_library\">\n\t\t\t\t<div class=\"elementor-element elementor-element-6f85f85e pad-tb-m e-con-full e-flex e-con e-parent\" data-id=\"6f85f85e\" data-element_type=\"container\" data-e-type=\"container\" data-settings=\"{&quot;background_background&quot;:&quot;classic&quot;}\">\n\t\t<div class=\"elementor-element elementor-element-7543afc e-con-full e-flex e-con e-child\" data-id=\"7543afc\" data-element_type=\"container\" data-e-type=\"container\">\n\t\t<div class=\"elementor-element elementor-element-13e08b41 e-con-full e-flex e-con e-child\" data-id=\"13e08b41\" data-element_type=\"container\" data-e-type=\"container\">\n\t\t<div class=\"elementor-element elementor-element-12dff9fc e-con-full e-flex e-con e-child\" data-id=\"12dff9fc\" data-element_type=\"container\" data-e-type=\"container\" data-settings=\"{&quot;background_background&quot;:&quot;classic&quot;}\">\n\t\t\t\t<div class=\"elementor-element elementor-element-5c9faf5e elementor-widget elementor-widget-heading\" data-id=\"5c9faf5e\" data-element_type=\"widget\" data-e-type=\"widget\" data-widget_type=\"heading.default\">\n\t\t\t\t<div class=\"elementor-widget-container\">\n\t\t\t\t\t<p class=\"elementor-heading-title elementor-size-default\">Radio Dynamo<\/p>\t\t\t\t<\/div>\n\t\t\t\t<\/div>\n\t\t<div class=\"elementor-element elementor-element-6fc0f5c0 e-con-full desc-logo-box e-flex e-con e-child\" data-id=\"6fc0f5c0\" data-element_type=\"container\" data-e-type=\"container\">\n\t\t\t\t<div class=\"elementor-element elementor-element-301001a6 elementor-widget elementor-widget-image\" data-id=\"301001a6\" data-element_type=\"widget\" data-e-type=\"widget\" data-widget_type=\"image.default\">\n\t\t\t\t<div class=\"elementor-widget-container\">\n\t\t\t\t\t\t\t\t\t\t\t\t\t\t\t<img decoding=\"async\" src=\"https:\/\/helpbag.eu\/wp-content\/uploads\/2024\/12\/emergency-powerbank2.svg\" class=\"attachment-full size-full wp-image-41989\" alt=\"\" \/>\t\t\t\t\t\t\t\t\t\t\t\t\t\t\t<\/div>\n\t\t\t\t<\/div>\n\t\t\t\t<div class=\"elementor-element elementor-element-5a7d6239 elementor-widget elementor-widget-image\" data-id=\"5a7d6239\" data-element_type=\"widget\" data-e-type=\"widget\" data-widget_type=\"image.default\">\n\t\t\t\t<div class=\"elementor-widget-container\">\n\t\t\t\t\t\t\t\t\t\t\t\t\t\t\t<img decoding=\"async\" src=\"https:\/\/helpbag.eu\/wp-content\/uploads\/2024\/12\/hand-crank-powered2.svg\" class=\"attachment-full size-full wp-image-42001\" alt=\"\" \/>\t\t\t\t\t\t\t\t\t\t\t\t\t\t\t<\/div>\n\t\t\t\t<\/div>\n\t\t\t\t<\/div>\n\t\t\t\t<div class=\"elementor-element elementor-element-236643b1 elementor-widget elementor-widget-text-editor\" data-id=\"236643b1\" data-element_type=\"widget\" data-e-type=\"widget\" data-widget_type=\"text-editor.default\">\n\t\t\t\t<div class=\"elementor-widget-container\">\n\t\t\t\t\t\t\t\t\t<p>Utilice la radio para escuchar los mensajes emitidos por los servicios o por los Centros de Gesti\u00f3n de Emergencias en caso de emergencia.<\/p><p>Una caracter\u00edstica importante de la radio es que est\u00e1 equipada con una dinamo, que permite cargarla mediante una manivela, al igual que otros dispositivos. <span class=\"highlight-text-dark\">Se trata de un minigenerador que tiene una bater\u00eda de 5000 mAh.<\/span><\/p>\t\t\t\t\t\t\t\t<\/div>\n\t\t\t\t<\/div>\n\t\t<div class=\"elementor-element elementor-element-613c9313 e-con-full desc-logo-box e-flex e-con e-child\" data-id=\"613c9313\" data-element_type=\"container\" data-e-type=\"container\">\n\t\t\t\t<div class=\"elementor-element elementor-element-416118b8 elementor-widget elementor-widget-image\" data-id=\"416118b8\" data-element_type=\"widget\" data-e-type=\"widget\" data-widget_type=\"image.default\">\n\t\t\t\t<div class=\"elementor-widget-container\">\n\t\t\t\t\t\t\t\t\t\t\t\t\t\t\t<img decoding=\"async\" src=\"https:\/\/helpbag.eu\/wp-content\/uploads\/2021\/07\/helpbag-black.svg\" class=\"attachment-full size-full wp-image-1927\" alt=\"Bolsa de Ayuda Logo Negro\" \/>\t\t\t\t\t\t\t\t\t\t\t\t\t\t\t<\/div>\n\t\t\t\t<\/div>\n\t\t\t\t<div class=\"elementor-element elementor-element-1f924501 elementor-widget elementor-widget-image\" data-id=\"1f924501\" data-element_type=\"widget\" data-e-type=\"widget\" data-widget_type=\"image.default\">\n\t\t\t\t<div class=\"elementor-widget-container\">\n\t\t\t\t\t\t\t\t\t\t\t\t\t\t\t<img decoding=\"async\" src=\"https:\/\/helpbag.eu\/wp-content\/uploads\/2024\/12\/ce.svg\" class=\"attachment-full size-full wp-image-42025\" alt=\"\" \/>\t\t\t\t\t\t\t\t\t\t\t\t\t\t\t<\/div>\n\t\t\t\t<\/div>\n\t\t\t\t<div class=\"elementor-element elementor-element-3302e37f elementor-widget elementor-widget-image\" data-id=\"3302e37f\" data-element_type=\"widget\" data-e-type=\"widget\" data-widget_type=\"image.default\">\n\t\t\t\t<div class=\"elementor-widget-container\">\n\t\t\t\t\t\t\t\t\t\t\t\t\t\t\t<img decoding=\"async\" src=\"https:\/\/helpbag.eu\/wp-content\/uploads\/2024\/12\/rohs.svg\" class=\"attachment-full size-full wp-image-42037\" alt=\"\" \/>\t\t\t\t\t\t\t\t\t\t\t\t\t\t\t<\/div>\n\t\t\t\t<\/div>\n\t\t\t\t<div class=\"elementor-element elementor-element-78ee55e7 elementor-widget elementor-widget-image\" data-id=\"78ee55e7\" data-element_type=\"widget\" data-e-type=\"widget\" data-widget_type=\"image.default\">\n\t\t\t\t<div class=\"elementor-widget-container\">\n\t\t\t\t\t\t\t\t\t\t\t\t\t\t\t<img decoding=\"async\" src=\"https:\/\/helpbag.eu\/wp-content\/uploads\/2024\/12\/FC.svg\" class=\"attachment-full size-full wp-image-42049\" alt=\"\" \/>\t\t\t\t\t\t\t\t\t\t\t\t\t\t\t<\/div>\n\t\t\t\t<\/div>\n\t\t\t\t<div class=\"elementor-element elementor-element-68f0dffb elementor-widget elementor-widget-image\" data-id=\"68f0dffb\" data-element_type=\"widget\" data-e-type=\"widget\" data-widget_type=\"image.default\">\n\t\t\t\t<div class=\"elementor-widget-container\">\n\t\t\t\t\t\t\t\t\t\t\t\t\t\t\t<img decoding=\"async\" src=\"https:\/\/helpbag.eu\/wp-content\/uploads\/2024\/12\/ISO9001.svg\" class=\"attachment-full size-full wp-image-42061\" alt=\"\" \/>\t\t\t\t\t\t\t\t\t\t\t\t\t\t\t<\/div>\n\t\t\t\t<\/div>\n\t\t\t\t<div class=\"elementor-element elementor-element-13ec8165 elementor-widget elementor-widget-image\" data-id=\"13ec8165\" data-element_type=\"widget\" data-e-type=\"widget\" data-widget_type=\"image.default\">\n\t\t\t\t<div class=\"elementor-widget-container\">\n\t\t\t\t\t\t\t\t\t\t\t\t\t\t\t<img decoding=\"async\" src=\"https:\/\/helpbag.eu\/wp-content\/uploads\/2024\/12\/sos-alarm1.svg\" class=\"attachment-full size-full wp-image-42073\" alt=\"\" \/>\t\t\t\t\t\t\t\t\t\t\t\t\t\t\t<\/div>\n\t\t\t\t<\/div>\n\t\t\t\t<\/div>\n\t\t\t\t<\/div>\n\t\t<div class=\"elementor-element elementor-element-4d5f8521 e-con-full e-flex e-con e-child\" data-id=\"4d5f8521\" data-element_type=\"container\" data-e-type=\"container\">\n\t\t\t\t<div class=\"elementor-element elementor-element-76bc908a elementor-widget elementor-widget-image\" data-id=\"76bc908a\" data-element_type=\"widget\" data-e-type=\"widget\" data-widget_type=\"image.default\">\n\t\t\t\t<div class=\"elementor-widget-container\">\n\t\t\t\t\t\t\t\t\t\t\t\t\t\t\t<img fetchpriority=\"high\" decoding=\"async\" width=\"1024\" height=\"1024\" src=\"https:\/\/helpbag.eu\/wp-content\/uploads\/Radio-ELECTRONICS-5.0.webp\" class=\"attachment-full size-full wp-image-51424\" alt=\"\" srcset=\"https:\/\/helpbag.eu\/wp-content\/uploads\/Radio-ELECTRONICS-5.0.webp 1024w, https:\/\/helpbag.eu\/wp-content\/uploads\/Radio-ELECTRONICS-5.0-300x300.webp 300w, https:\/\/helpbag.eu\/wp-content\/uploads\/Radio-ELECTRONICS-5.0-150x150.webp 150w, https:\/\/helpbag.eu\/wp-content\/uploads\/Radio-ELECTRONICS-5.0-768x768.webp 768w, https:\/\/helpbag.eu\/wp-content\/uploads\/Radio-ELECTRONICS-5.0-12x12.webp 12w, https:\/\/helpbag.eu\/wp-content\/uploads\/Radio-ELECTRONICS-5.0-700x700.webp 700w, https:\/\/helpbag.eu\/wp-content\/uploads\/Radio-ELECTRONICS-5.0-600x600.webp 600w, https:\/\/helpbag.eu\/wp-content\/uploads\/Radio-ELECTRONICS-5.0-250x250.webp 250w\" sizes=\"(max-width: 1024px) 100vw, 1024px\" \/>\t\t\t\t\t\t\t\t\t\t\t\t\t\t\t<\/div>\n\t\t\t\t<\/div>\n\t\t\t\t<\/div>\n\t\t\t\t<\/div>\n\t\t\t\t<\/div>\n\t\t<div class=\"elementor-element elementor-element-c220227 e-con-full e-flex e-con e-child\" data-id=\"c220227\" data-element_type=\"container\" data-e-type=\"container\">\n\t\t<div class=\"elementor-element elementor-element-35dc84ee e-flex e-con-boxed e-con e-child\" data-id=\"35dc84ee\" data-element_type=\"container\" data-e-type=\"container\">\n\t\t\t\t\t<div class=\"e-con-inner\">\n\t\t\t\t<div class=\"elementor-element elementor-element-50d1e3a4 elementor-widget elementor-widget-heading\" data-id=\"50d1e3a4\" data-element_type=\"widget\" data-e-type=\"widget\" data-widget_type=\"heading.default\">\n\t\t\t\t<div class=\"elementor-widget-container\">\n\t\t\t\t\t<p class=\"elementor-heading-title elementor-size-default\">Caracter\u00edsticas<\/p>\t\t\t\t<\/div>\n\t\t\t\t<\/div>\n\t\t\t\t<div class=\"elementor-element elementor-element-70ca8115 elementor-widget elementor-widget-heading\" data-id=\"70ca8115\" data-element_type=\"widget\" data-e-type=\"widget\" data-widget_type=\"heading.default\">\n\t\t\t\t<div class=\"elementor-widget-container\">\n\t\t\t\t\t<p class=\"elementor-heading-title elementor-size-default\">Usar para...<\/p>\t\t\t\t<\/div>\n\t\t\t\t<\/div>\n\t\t\t\t\t<\/div>\n\t\t\t\t<\/div>\n\t\t<div class=\"elementor-element elementor-element-7b25a40a e-con-full e-flex e-con e-child\" data-id=\"7b25a40a\" data-element_type=\"container\" data-e-type=\"container\">\n\t\t<div class=\"elementor-element elementor-element-118c12dc e-con-full e-flex e-con e-child\" data-id=\"118c12dc\" data-element_type=\"container\" data-e-type=\"container\" data-settings=\"{&quot;background_background&quot;:&quot;classic&quot;}\">\n\t\t\t\t<div class=\"elementor-element elementor-element-5f68f85d elementor-align-end elementor-icon-list--layout-traditional elementor-list-item-link-full_width elementor-widget elementor-widget-icon-list\" data-id=\"5f68f85d\" data-element_type=\"widget\" data-e-type=\"widget\" data-widget_type=\"icon-list.default\">\n\t\t\t\t<div class=\"elementor-widget-container\">\n\t\t\t\t\t\t\t<ul class=\"elementor-icon-list-items\">\n\t\t\t\t\t\t\t<li class=\"elementor-icon-list-item\">\n\t\t\t\t\t\t\t\t\t\t\t<span class=\"elementor-icon-list-icon\">\n\t\t\t\t\t\t\t<i aria-hidden=\"true\" class=\"fas fa-chevron-circle-right\"><\/i>\t\t\t\t\t\t<\/span>\n\t\t\t\t\t\t\t\t\t\t<span class=\"elementor-icon-list-text\">Est\u00e1 equipado con <span class=\"highlight-text-dark\">Bater\u00eda de 5000 mAh<\/span>.<\/span>\n\t\t\t\t\t\t\t\t\t<\/li>\n\t\t\t\t\t\t<\/ul>\n\t\t\t\t\t\t<\/div>\n\t\t\t\t<\/div>\n\t\t\t\t<div class=\"elementor-element elementor-element-a412e67 elementor-align-end elementor-icon-list--layout-traditional elementor-list-item-link-full_width elementor-widget elementor-widget-icon-list\" data-id=\"a412e67\" data-element_type=\"widget\" data-e-type=\"widget\" data-widget_type=\"icon-list.default\">\n\t\t\t\t<div class=\"elementor-widget-container\">\n\t\t\t\t\t\t\t<ul class=\"elementor-icon-list-items\">\n\t\t\t\t\t\t\t<li class=\"elementor-icon-list-item\">\n\t\t\t\t\t\t\t\t\t\t\t<span class=\"elementor-icon-list-icon\">\n\t\t\t\t\t\t\t<i aria-hidden=\"true\" class=\"fas fa-chevron-circle-right\"><\/i>\t\t\t\t\t\t<\/span>\n\t\t\t\t\t\t\t\t\t\t<span class=\"elementor-icon-list-text\">Lo m\u00e1s eficaz es girar la manivela uniformemente. <span class=\"highlight-text-dark\">No es necesario empujarla con fuerza ni hacerla girar con rapidez<\/span>para generar electricidad.<\/span>\n\t\t\t\t\t\t\t\t\t<\/li>\n\t\t\t\t\t\t<\/ul>\n\t\t\t\t\t\t<\/div>\n\t\t\t\t<\/div>\n\t\t\t\t<div class=\"elementor-element elementor-element-5364e0db elementor-align-end elementor-icon-list--layout-traditional elementor-list-item-link-full_width elementor-widget elementor-widget-icon-list\" data-id=\"5364e0db\" data-element_type=\"widget\" data-e-type=\"widget\" data-widget_type=\"icon-list.default\">\n\t\t\t\t<div class=\"elementor-widget-container\">\n\t\t\t\t\t\t\t<ul class=\"elementor-icon-list-items\">\n\t\t\t\t\t\t\t<li class=\"elementor-icon-list-item\">\n\t\t\t\t\t\t\t\t\t\t\t<span class=\"elementor-icon-list-icon\">\n\t\t\t\t\t\t\t<i aria-hidden=\"true\" class=\"fas fa-chevron-circle-right\"><\/i>\t\t\t\t\t\t<\/span>\n\t\t\t\t\t\t\t\t\t\t<span class=\"elementor-icon-list-text\">La radio tambi\u00e9n tiene una salida USB est\u00e1ndar (tipo A), que <span class=\"highlight-text-dark\">para cargar otros dispositivos<\/span> (por ejemplo: encendedor de plasma, linterna frontal, etc.).<\/span>\n\t\t\t\t\t\t\t\t\t<\/li>\n\t\t\t\t\t\t<\/ul>\n\t\t\t\t\t\t<\/div>\n\t\t\t\t<\/div>\n\t\t\t\t<div class=\"elementor-element elementor-element-431b98fd elementor-align-end elementor-icon-list--layout-traditional elementor-list-item-link-full_width elementor-widget elementor-widget-icon-list\" data-id=\"431b98fd\" data-element_type=\"widget\" data-e-type=\"widget\" data-widget_type=\"icon-list.default\">\n\t\t\t\t<div class=\"elementor-widget-container\">\n\t\t\t\t\t\t\t<ul class=\"elementor-icon-list-items\">\n\t\t\t\t\t\t\t<li class=\"elementor-icon-list-item\">\n\t\t\t\t\t\t\t\t\t\t\t<span class=\"elementor-icon-list-icon\">\n\t\t\t\t\t\t\t<i aria-hidden=\"true\" class=\"fas fa-chevron-circle-right\"><\/i>\t\t\t\t\t\t<\/span>\n\t\t\t\t\t\t\t\t\t\t<span class=\"elementor-icon-list-text\">Gracias a su entrada de cable, puede actuar como una miniestaci\u00f3n de carga (la dinamo ofrece un enorme abanico de posibilidades en ausencia de acceso a la electricidad a largo plazo).<\/span>\n\t\t\t\t\t\t\t\t\t<\/li>\n\t\t\t\t\t\t<\/ul>\n\t\t\t\t\t\t<\/div>\n\t\t\t\t<\/div>\n\t\t\t\t<div class=\"elementor-element elementor-element-5708e09f elementor-align-end elementor-icon-list--layout-traditional elementor-list-item-link-full_width elementor-widget elementor-widget-icon-list\" data-id=\"5708e09f\" data-element_type=\"widget\" data-e-type=\"widget\" data-widget_type=\"icon-list.default\">\n\t\t\t\t<div class=\"elementor-widget-container\">\n\t\t\t\t\t\t\t<ul class=\"elementor-icon-list-items\">\n\t\t\t\t\t\t\t<li class=\"elementor-icon-list-item\">\n\t\t\t\t\t\t\t\t\t\t\t<span class=\"elementor-icon-list-icon\">\n\t\t\t\t\t\t\t<i aria-hidden=\"true\" class=\"fas fa-chevron-circle-right\"><\/i>\t\t\t\t\t\t<\/span>\n\t\t\t\t\t\t\t\t\t\t<span class=\"elementor-icon-list-text\">Tambi\u00e9n dispone de <span class=\"highlight-text-dark\">toma de auriculares de bot\u00f3n<\/span> y antena retr\u00e1ctil.<\/span>\n\t\t\t\t\t\t\t\t\t<\/li>\n\t\t\t\t\t\t<\/ul>\n\t\t\t\t\t\t<\/div>\n\t\t\t\t<\/div>\n\t\t\t\t<div class=\"elementor-element elementor-element-3b32b6a9 elementor-align-end elementor-icon-list--layout-traditional elementor-list-item-link-full_width elementor-widget elementor-widget-icon-list\" data-id=\"3b32b6a9\" data-element_type=\"widget\" data-e-type=\"widget\" data-widget_type=\"icon-list.default\">\n\t\t\t\t<div class=\"elementor-widget-container\">\n\t\t\t\t\t\t\t<ul class=\"elementor-icon-list-items\">\n\t\t\t\t\t\t\t<li class=\"elementor-icon-list-item\">\n\t\t\t\t\t\t\t\t\t\t\t<span class=\"elementor-icon-list-icon\">\n\t\t\t\t\t\t\t<i aria-hidden=\"true\" class=\"fas fa-chevron-circle-right\"><\/i>\t\t\t\t\t\t<\/span>\n\t\t\t\t\t\t\t\t\t\t<span class=\"elementor-icon-list-text\">Est\u00e1 equipado con <span class=\"highlight-text-dark\">Sirena de alarma SOS<\/span>.<\/span>\n\t\t\t\t\t\t\t\t\t<\/li>\n\t\t\t\t\t\t<\/ul>\n\t\t\t\t\t\t<\/div>\n\t\t\t\t<\/div>\n\t\t\t\t<div class=\"elementor-element elementor-element-792415fc elementor-align-end elementor-icon-list--layout-traditional elementor-list-item-link-full_width elementor-widget elementor-widget-icon-list\" data-id=\"792415fc\" data-element_type=\"widget\" data-e-type=\"widget\" data-widget_type=\"icon-list.default\">\n\t\t\t\t<div class=\"elementor-widget-container\">\n\t\t\t\t\t\t\t<ul class=\"elementor-icon-list-items\">\n\t\t\t\t\t\t\t<li class=\"elementor-icon-list-item\">\n\t\t\t\t\t\t\t\t\t\t\t<span class=\"elementor-icon-list-icon\">\n\t\t\t\t\t\t\t<i aria-hidden=\"true\" class=\"fas fa-chevron-circle-right\"><\/i>\t\t\t\t\t\t<\/span>\n\t\t\t\t\t\t\t\t\t\t<span class=\"elementor-icon-list-text\">Cargamos la radio usando la toma USB-C.<\/span>\n\t\t\t\t\t\t\t\t\t<\/li>\n\t\t\t\t\t\t<\/ul>\n\t\t\t\t\t\t<\/div>\n\t\t\t\t<\/div>\n\t\t\t\t<div class=\"elementor-element elementor-element-728e9bbb elementor-align-end elementor-icon-list--layout-traditional elementor-list-item-link-full_width elementor-widget elementor-widget-icon-list\" data-id=\"728e9bbb\" data-element_type=\"widget\" data-e-type=\"widget\" data-widget_type=\"icon-list.default\">\n\t\t\t\t<div class=\"elementor-widget-container\">\n\t\t\t\t\t\t\t<ul class=\"elementor-icon-list-items\">\n\t\t\t\t\t\t\t<li class=\"elementor-icon-list-item\">\n\t\t\t\t\t\t\t\t\t\t\t<span class=\"elementor-icon-list-icon\">\n\t\t\t\t\t\t\t<i aria-hidden=\"true\" class=\"fas fa-chevron-circle-right\"><\/i>\t\t\t\t\t\t<\/span>\n\t\t\t\t\t\t\t\t\t\t<span class=\"elementor-icon-list-text\">Dispone de funci\u00f3n Bluetooth.<\/span>\n\t\t\t\t\t\t\t\t\t<\/li>\n\t\t\t\t\t\t<\/ul>\n\t\t\t\t\t\t<\/div>\n\t\t\t\t<\/div>\n\t\t\t\t<div class=\"elementor-element elementor-element-228b9e08 elementor-align-end elementor-icon-list--layout-traditional elementor-list-item-link-full_width elementor-widget elementor-widget-icon-list\" data-id=\"228b9e08\" data-element_type=\"widget\" data-e-type=\"widget\" data-widget_type=\"icon-list.default\">\n\t\t\t\t<div class=\"elementor-widget-container\">\n\t\t\t\t\t\t\t<ul class=\"elementor-icon-list-items\">\n\t\t\t\t\t\t\t<li class=\"elementor-icon-list-item\">\n\t\t\t\t\t\t\t\t\t\t\t<span class=\"elementor-icon-list-icon\">\n\t\t\t\t\t\t\t<i aria-hidden=\"true\" class=\"fas fa-chevron-circle-right\"><\/i>\t\t\t\t\t\t<\/span>\n\t\t\t\t\t\t\t\t\t\t<span class=\"elementor-icon-list-text\">La radio es resistente al agua (clase IPX5).<\/span>\n\t\t\t\t\t\t\t\t\t<\/li>\n\t\t\t\t\t\t<\/ul>\n\t\t\t\t\t\t<\/div>\n\t\t\t\t<\/div>\n\t\t\t\t<\/div>\n\t\t<!--Theplus  Hidden Section-->\t\t<\/div>\n\t\t\t\t<\/div>\n\t\t<!--Theplus  Hidden Section-->\t\t<div class=\"elementor-element elementor-element-1994ef66 elementor-widget-divider--view-line elementor-widget elementor-widget-divider\" data-id=\"1994ef66\" data-element_type=\"widget\" data-e-type=\"widget\" data-widget_type=\"divider.default\">\n\t\t\t\t<div class=\"elementor-widget-container\">\n\t\t\t\t\t\t\t<div class=\"elementor-divider\">\n\t\t\t<span class=\"elementor-divider-separator\">\n\t\t\t\t\t\t<\/span>\n\t\t<\/div>\n\t\t\t\t\t\t<\/div>\n\t\t\t\t<\/div>\n\t\t\t\t<\/div>\n\t\t\t\t<\/div>","protected":false},"excerpt":{"rendered":"<p>Utilice la radio HELP BAG\u00ae Signal One para escuchar los mensajes emitidos en caso de emergencia. Una caracter\u00edstica importante de la radio es que est\u00e1 equipada con una dinamo que permite cargarla a manivela, as\u00ed como otros dispositivos. Es un minigenerador con una bater\u00eda integrada de 5000 mAh.<\/p>","protected":false},"featured_media":51424,"comment_status":"open","ping_status":"closed","template":"","meta":[],"product_brand":[1239],"product_cat":[136],"product_tag":[1268],"class_list":{"0":"post-65028","1":"product","2":"type-product","3":"status-publish","4":"has-post-thumbnail","6":"product_brand-helpbag","7":"product_cat-extras","8":"product_tag-signal-one","10":"first","11":"instock","12":"sale","13":"taxable","14":"shipping-taxable","15":"purchasable","16":"product-type-simple"},"gallery_images":[],"_links":{"self":[{"href":"https:\/\/helpbag.eu\/es\/wp-json\/wp\/v2\/product\/65028","targetHints":{"allow":["GET"]}}],"collection":[{"href":"https:\/\/helpbag.eu\/es\/wp-json\/wp\/v2\/product"}],"about":[{"href":"https:\/\/helpbag.eu\/es\/wp-json\/wp\/v2\/types\/product"}],"replies":[{"embeddable":true,"href":"https:\/\/helpbag.eu\/es\/wp-json\/wp\/v2\/comments?post=65028"}],"version-history":[{"count":0,"href":"https:\/\/helpbag.eu\/es\/wp-json\/wp\/v2\/product\/65028\/revisions"}],"wp:featuredmedia":[{"embeddable":true,"href":"https:\/\/helpbag.eu\/es\/wp-json\/wp\/v2\/media\/51424"}],"wp:attachment":[{"href":"https:\/\/helpbag.eu\/es\/wp-json\/wp\/v2\/media?parent=65028"}],"wp:term":[{"taxonomy":"product_brand","embeddable":true,"href":"https:\/\/helpbag.eu\/es\/wp-json\/wp\/v2\/product_brand?post=65028"},{"taxonomy":"product_cat","embeddable":true,"href":"https:\/\/helpbag.eu\/es\/wp-json\/wp\/v2\/product_cat?post=65028"},{"taxonomy":"product_tag","embeddable":true,"href":"https:\/\/helpbag.eu\/es\/wp-json\/wp\/v2\/product_tag?post=65028"}],"curies":[{"name":"wp","href":"https:\/\/api.w.org\/{rel}","templated":true}]}}