{"id":67641,"date":"2026-02-19T11:16:18","date_gmt":"2026-02-19T10:16:18","guid":{"rendered":"https:\/\/helpbag.eu\/?post_type=product&#038;p=67641"},"modified":"2026-04-15T12:58:31","modified_gmt":"2026-04-15T10:58:31","slug":"max-empty","status":"publish","type":"product","link":"https:\/\/helpbag.eu\/es\/shop\/kits\/max-empty\/","title":{"rendered":"Kit de emergencia HELP BAG\u00ae MAX PRO (Vac\u00edo)"},"content":{"rendered":"","protected":false},"excerpt":{"rendered":"<p>Apag\u00f3n, inundaci\u00f3n, evacuaci\u00f3n: la versi\u00f3n sin forro del Help Bag Max Pro es un kit de emergencia vac\u00edo para crear su \u201cbolsa de supervivencia\u201d ideal. Una mochila de evacuaci\u00f3n de gran capacidad y 8 m\u00f3dulos vac\u00edos con marcas: una estructura lista para personalizar seg\u00fan sus necesidades. Cero caos de equipaje. Cero conjeturas de organizaci\u00f3n. Cero carencias en el sistema. Llena los m\u00f3dulos con lo que t\u00fa y tu familia necesit\u00e9is. S\u00e9 autosuficiente en caso de crisis.<\/p>","protected":false},"featured_media":57030,"comment_status":"closed","ping_status":"closed","template":"","meta":[],"product_brand":[1239],"product_cat":[81],"product_tag":[1269],"class_list":{"0":"post-67641","1":"product","2":"type-product","3":"status-publish","4":"has-post-thumbnail","6":"product_brand-helpbag","7":"product_cat-kits","8":"product_tag-max-empty","10":"first","11":"instock","12":"sale","13":"taxable","14":"shipping-taxable","15":"purchasable","16":"product-type-simple"},"gallery_images":[51345,51346,57029,51350,51349,51348,51347,57030],"_links":{"self":[{"href":"https:\/\/helpbag.eu\/es\/wp-json\/wp\/v2\/product\/67641","targetHints":{"allow":["GET"]}}],"collection":[{"href":"https:\/\/helpbag.eu\/es\/wp-json\/wp\/v2\/product"}],"about":[{"href":"https:\/\/helpbag.eu\/es\/wp-json\/wp\/v2\/types\/product"}],"replies":[{"embeddable":true,"href":"https:\/\/helpbag.eu\/es\/wp-json\/wp\/v2\/comments?post=67641"}],"version-history":[{"count":2,"href":"https:\/\/helpbag.eu\/es\/wp-json\/wp\/v2\/product\/67641\/revisions"}],"predecessor-version":[{"id":68819,"href":"https:\/\/helpbag.eu\/es\/wp-json\/wp\/v2\/product\/67641\/revisions\/68819"}],"wp:featuredmedia":[{"embeddable":true,"href":"https:\/\/helpbag.eu\/es\/wp-json\/wp\/v2\/media\/57030"}],"wp:attachment":[{"href":"https:\/\/helpbag.eu\/es\/wp-json\/wp\/v2\/media?parent=67641"}],"wp:term":[{"taxonomy":"product_brand","embeddable":true,"href":"https:\/\/helpbag.eu\/es\/wp-json\/wp\/v2\/product_brand?post=67641"},{"taxonomy":"product_cat","embeddable":true,"href":"https:\/\/helpbag.eu\/es\/wp-json\/wp\/v2\/product_cat?post=67641"},{"taxonomy":"product_tag","embeddable":true,"href":"https:\/\/helpbag.eu\/es\/wp-json\/wp\/v2\/product_tag?post=67641"}],"curies":[{"name":"wp","href":"https:\/\/api.w.org\/{rel}","templated":true}]}}