{"id":51504,"date":"2025-08-24T00:36:37","date_gmt":"2025-08-23T22:36:37","guid":{"rendered":"https:\/\/helpbag.eu\/?post_type=product&#038;p=51504"},"modified":"2025-11-17T00:55:43","modified_gmt":"2025-11-16T23:55:43","slug":"checklists","status":"publish","type":"product","link":"https:\/\/helpbag.eu\/fr\/shop\/products\/checklists\/","title":{"rendered":"Listes de contr\u00f4le HELP BAG\u00ae (Digital)"},"content":{"rendered":"<p>Les listes de contr\u00f4le pratiques HELP BAG\u00ae sont des listes de contr\u00f4le pr\u00eates \u00e0 l'emploi qui vous aideront \u00e0 vous pr\u00e9parer correctement aux situations d'urgence et \u00e0 assurer votre s\u00e9curit\u00e9, celle de vos proches et de vos biens. Chaque liste de contr\u00f4le est con\u00e7ue pour un domaine diff\u00e9rent de la vie - de la s\u00e9curisation de votre maison \u00e0 la pr\u00e9paration de votre voiture, en passant par les soins \u00e0 apporter \u00e0 vos enfants et \u00e0 vos animaux domestiques - cr\u00e9ant ainsi un syst\u00e8me complet de soutien en cas d'urgence. Les listes de contr\u00f4le sont disponibles sous forme num\u00e9rique.<\/p>","protected":false},"excerpt":{"rendered":"<p>Les listes de contr\u00f4le pratiques HELP BAG\u00ae sont des listes de contr\u00f4le pr\u00eates \u00e0 l'emploi qui vous aideront \u00e0 vous pr\u00e9parer correctement aux situations d'urgence et \u00e0 assurer votre s\u00e9curit\u00e9, celle de vos proches et de vos biens. Chaque liste de contr\u00f4le est con\u00e7ue pour un domaine diff\u00e9rent de la vie - de la s\u00e9curisation de votre maison \u00e0 la pr\u00e9paration de votre voiture, en passant par les soins \u00e0 apporter \u00e0 vos enfants et \u00e0 vos animaux domestiques - cr\u00e9ant ainsi un syst\u00e8me complet de soutien en cas d'urgence.<\/p>","protected":false},"featured_media":48893,"comment_status":"closed","ping_status":"closed","template":"","meta":[],"product_brand":[1239],"product_cat":[17],"product_tag":[1261],"class_list":{"0":"post-51504","1":"product","2":"type-product","3":"status-publish","4":"has-post-thumbnail","6":"product_brand-helpbag","7":"product_cat-products","8":"product_tag-checklist1","10":"first","11":"instock","12":"sale","13":"sold-individually","14":"taxable","15":"shipping-taxable","16":"purchasable","17":"product-type-variable","18":"has-default-attributes"},"gallery_images":[],"_links":{"self":[{"href":"https:\/\/helpbag.eu\/fr\/wp-json\/wp\/v2\/product\/51504","targetHints":{"allow":["GET"]}}],"collection":[{"href":"https:\/\/helpbag.eu\/fr\/wp-json\/wp\/v2\/product"}],"about":[{"href":"https:\/\/helpbag.eu\/fr\/wp-json\/wp\/v2\/types\/product"}],"replies":[{"embeddable":true,"href":"https:\/\/helpbag.eu\/fr\/wp-json\/wp\/v2\/comments?post=51504"}],"version-history":[{"count":0,"href":"https:\/\/helpbag.eu\/fr\/wp-json\/wp\/v2\/product\/51504\/revisions"}],"wp:featuredmedia":[{"embeddable":true,"href":"https:\/\/helpbag.eu\/fr\/wp-json\/wp\/v2\/media\/48893"}],"wp:attachment":[{"href":"https:\/\/helpbag.eu\/fr\/wp-json\/wp\/v2\/media?parent=51504"}],"wp:term":[{"taxonomy":"product_brand","embeddable":true,"href":"https:\/\/helpbag.eu\/fr\/wp-json\/wp\/v2\/product_brand?post=51504"},{"taxonomy":"product_cat","embeddable":true,"href":"https:\/\/helpbag.eu\/fr\/wp-json\/wp\/v2\/product_cat?post=51504"},{"taxonomy":"product_tag","embeddable":true,"href":"https:\/\/helpbag.eu\/fr\/wp-json\/wp\/v2\/product_tag?post=51504"}],"curies":[{"name":"wp","href":"https:\/\/api.w.org\/{rel}","templated":true}]}}