{"id":52024,"date":"2025-08-24T23:54:21","date_gmt":"2025-08-24T21:54:21","guid":{"rendered":"https:\/\/helpbag.eu\/?post_type=product&#038;p=52024"},"modified":"2026-03-30T21:02:58","modified_gmt":"2026-03-30T19:02:58","slug":"basic","status":"publish","type":"product","link":"https:\/\/helpbag.eu\/fr\/shop\/kits\/basic\/","title":{"rendered":"Kit d'urgence HELP BAG\u00ae BASIC"},"content":{"rendered":"<p>Le kit d'urgence HELP BAG\u00ae BASIC comprend<\/p>\n<ul>\n<li><strong>Sac \u00e0 dos HELP BAG\u00ae BASIC<\/strong><\/li>\n<li><strong>Module de STOCKAGE EXTRA<\/strong><\/li>\n<li><strong>Eau 500 ml<\/strong><\/li>\n<li><strong>Comprim\u00e9s de d\u00e9sinfection de l'eau<\/strong><\/li>\n<li><strong>3 x ration alimentaire 200 g<\/strong><\/li>\n<li><strong>Briquet \u00e0 plasma<\/strong><\/li>\n<li><strong>Sac de couchage d'urgence<\/strong><\/li>\n<li><strong>Chauffe-mains<\/strong><\/li>\n<li><strong>Masque FFP2\/KN95<\/strong><\/li>\n<li><strong>Poncho de pluie<\/strong><\/li>\n<li><strong>Chemin\u00e9e multifonctionnelle<\/strong><\/li>\n<li><strong>Kit de couture<\/strong><\/li>\n<li><strong>Marteau d'urgence avec m\u00e8che de verre et lampe de poche<\/strong><\/li>\n<li><strong>C\u00e2ble USB 3 en 1<\/strong><\/li>\n<li><strong>Trousse de premiers secours avec accessoires<\/strong><\/li>\n<li><strong>Pochette \u00e0 cosm\u00e9tiques avec accessoires<\/strong><\/li>\n<li><strong>Serviette en microfibre<\/strong><\/li>\n<li><strong>Bracelet multifonctionnel<\/strong><\/li>\n<li><strong>Tritons \/ serre-c\u00e2bles<\/strong><\/li>\n<li><strong>Gants de travail<\/strong><\/li>\n<li><strong>Torche frontale<\/strong><\/li>\n<li><strong>Harnais r\u00e9fl\u00e9chissant<\/strong><\/li>\n<li><strong>Multitool<\/strong><\/li>\n<li><strong>Banque d'\u00e9nergie 10000 mAh<\/strong><\/li>\n<li><strong>Bloc-notes \u00e0 crayons<\/strong><\/li>\n<li><strong>Sac sous vide pour v\u00eatements<\/strong><\/li>\n<li><strong>Mug en acier avec couvercle<\/strong><\/li>\n<li><strong>Couverts 3en1<\/strong><\/li>\n<li><strong>Radio Dynamo 5000 mAh<\/strong><\/li>\n<\/ul>","protected":false},"excerpt":{"rendered":"<p>Black-out, inondation, \u00e9vacuation, le Help Bag Basic est un kit d'urgence de base qui fournit de la lumi\u00e8re, de la chaleur, de l'eau et de la s\u00e9curit\u00e9 dans toutes les situations. Un sac \u00e0 dos, un module de rangement suppl\u00e9mentaire et l'\u00e9quipement le plus n\u00e9cessaire. En cas d'urgence, vous serez pr\u00eat et autonome.<\/p>","protected":false},"featured_media":52133,"comment_status":"closed","ping_status":"closed","template":"","meta":[],"product_brand":[1239],"product_cat":[81],"product_tag":[1262],"class_list":{"0":"post-52024","1":"product","2":"type-product","3":"status-publish","4":"has-post-thumbnail","6":"product_brand-helpbag","7":"product_cat-kits","8":"product_tag-basic-kit","10":"first","11":"instock","12":"sale","13":"taxable","14":"shipping-taxable","15":"purchasable","16":"product-type-simple"},"gallery_images":[],"_links":{"self":[{"href":"https:\/\/helpbag.eu\/fr\/wp-json\/wp\/v2\/product\/52024","targetHints":{"allow":["GET"]}}],"collection":[{"href":"https:\/\/helpbag.eu\/fr\/wp-json\/wp\/v2\/product"}],"about":[{"href":"https:\/\/helpbag.eu\/fr\/wp-json\/wp\/v2\/types\/product"}],"replies":[{"embeddable":true,"href":"https:\/\/helpbag.eu\/fr\/wp-json\/wp\/v2\/comments?post=52024"}],"version-history":[{"count":3,"href":"https:\/\/helpbag.eu\/fr\/wp-json\/wp\/v2\/product\/52024\/revisions"}],"predecessor-version":[{"id":68747,"href":"https:\/\/helpbag.eu\/fr\/wp-json\/wp\/v2\/product\/52024\/revisions\/68747"}],"wp:featuredmedia":[{"embeddable":true,"href":"https:\/\/helpbag.eu\/fr\/wp-json\/wp\/v2\/media\/52133"}],"wp:attachment":[{"href":"https:\/\/helpbag.eu\/fr\/wp-json\/wp\/v2\/media?parent=52024"}],"wp:term":[{"taxonomy":"product_brand","embeddable":true,"href":"https:\/\/helpbag.eu\/fr\/wp-json\/wp\/v2\/product_brand?post=52024"},{"taxonomy":"product_cat","embeddable":true,"href":"https:\/\/helpbag.eu\/fr\/wp-json\/wp\/v2\/product_cat?post=52024"},{"taxonomy":"product_tag","embeddable":true,"href":"https:\/\/helpbag.eu\/fr\/wp-json\/wp\/v2\/product_tag?post=52024"}],"curies":[{"name":"wp","href":"https:\/\/api.w.org\/{rel}","templated":true}]}}