{"id":67641,"date":"2026-02-19T11:16:18","date_gmt":"2026-02-19T10:16:18","guid":{"rendered":"https:\/\/helpbag.eu\/?post_type=product&#038;p=67641"},"modified":"2026-04-15T12:58:31","modified_gmt":"2026-04-15T10:58:31","slug":"max-empty","status":"publish","type":"product","link":"https:\/\/helpbag.eu\/fr\/shop\/kits\/max-empty\/","title":{"rendered":"Kit d'urgence HELP BAG\u00ae MAX PRO (vide)"},"content":{"rendered":"","protected":false},"excerpt":{"rendered":"<p>Black-out, inondation, \u00e9vacuation - le Help Bag Max Pro version non doubl\u00e9e est un kit d'urgence vide pour cr\u00e9er votre \u201cbug-out bag\u201d id\u00e9al. Un sac \u00e0 dos d'\u00e9vacuation spacieux et 8 modules vides avec marquage - une structure pr\u00eate \u00e0 l'emploi \u00e0 personnaliser selon vos besoins. Pas de chaos dans l'emballage. Aucune incertitude quant \u00e0 l'organisation. Aucune p\u00e9nurie dans le syst\u00e8me. Remplissez les modules avec ce dont vous et votre famille avez besoin. Soyez autonome en cas de crise.<\/p>","protected":false},"featured_media":57030,"comment_status":"closed","ping_status":"closed","template":"","meta":[],"product_brand":[1239],"product_cat":[81],"product_tag":[1269],"class_list":{"0":"post-67641","1":"product","2":"type-product","3":"status-publish","4":"has-post-thumbnail","6":"product_brand-helpbag","7":"product_cat-kits","8":"product_tag-max-empty","10":"first","11":"instock","12":"sale","13":"taxable","14":"shipping-taxable","15":"purchasable","16":"product-type-simple"},"gallery_images":[51345,51346,57029,51350,51349,51348,51347,57030],"_links":{"self":[{"href":"https:\/\/helpbag.eu\/fr\/wp-json\/wp\/v2\/product\/67641","targetHints":{"allow":["GET"]}}],"collection":[{"href":"https:\/\/helpbag.eu\/fr\/wp-json\/wp\/v2\/product"}],"about":[{"href":"https:\/\/helpbag.eu\/fr\/wp-json\/wp\/v2\/types\/product"}],"replies":[{"embeddable":true,"href":"https:\/\/helpbag.eu\/fr\/wp-json\/wp\/v2\/comments?post=67641"}],"version-history":[{"count":2,"href":"https:\/\/helpbag.eu\/fr\/wp-json\/wp\/v2\/product\/67641\/revisions"}],"predecessor-version":[{"id":68819,"href":"https:\/\/helpbag.eu\/fr\/wp-json\/wp\/v2\/product\/67641\/revisions\/68819"}],"wp:featuredmedia":[{"embeddable":true,"href":"https:\/\/helpbag.eu\/fr\/wp-json\/wp\/v2\/media\/57030"}],"wp:attachment":[{"href":"https:\/\/helpbag.eu\/fr\/wp-json\/wp\/v2\/media?parent=67641"}],"wp:term":[{"taxonomy":"product_brand","embeddable":true,"href":"https:\/\/helpbag.eu\/fr\/wp-json\/wp\/v2\/product_brand?post=67641"},{"taxonomy":"product_cat","embeddable":true,"href":"https:\/\/helpbag.eu\/fr\/wp-json\/wp\/v2\/product_cat?post=67641"},{"taxonomy":"product_tag","embeddable":true,"href":"https:\/\/helpbag.eu\/fr\/wp-json\/wp\/v2\/product_tag?post=67641"}],"curies":[{"name":"wp","href":"https:\/\/api.w.org\/{rel}","templated":true}]}}