{"id":10157,"date":"2023-12-08T03:24:15","date_gmt":"2023-12-08T02:24:15","guid":{"rendered":"https:\/\/helpbag.eu\/?post_type=product&#038;p=10157"},"modified":"2026-04-18T19:03:09","modified_gmt":"2026-04-18T17:03:09","slug":"food-bdh-chocolate","status":"publish","type":"product","link":"https:\/\/helpbag.eu\/lt\/shop\/equipment\/food-bdh-chocolate\/","title":{"rendered":"BDH\u00ae energinis baton\u0117lis - \u0161okoladinis"},"content":{"rendered":"<div data-elementor-type=\"container\" data-elementor-id=\"19508\" class=\"elementor elementor-19508\" data-elementor-post-type=\"elementor_library\">\n\t\t\t\t<div class=\"elementor-element elementor-element-876b20c pad-tb-m e-con-full e-flex e-con e-parent\" data-id=\"876b20c\" data-element_type=\"container\" data-e-type=\"container\" data-settings=\"{&quot;background_background&quot;:&quot;classic&quot;}\">\n\t\t<div class=\"elementor-element elementor-element-638a610 e-con-full e-flex e-con e-child\" data-id=\"638a610\" data-element_type=\"container\" data-e-type=\"container\">\n\t\t<div class=\"elementor-element elementor-element-24ce41a e-con-full e-flex e-con e-child\" data-id=\"24ce41a\" data-element_type=\"container\" data-e-type=\"container\">\n\t\t<div class=\"elementor-element elementor-element-dc59993 e-con-full e-flex e-con e-child\" data-id=\"dc59993\" data-element_type=\"container\" data-e-type=\"container\" data-settings=\"{&quot;background_background&quot;:&quot;classic&quot;}\">\n\t\t\t\t<div class=\"elementor-element elementor-element-0b64eed elementor-widget elementor-widget-heading\" data-id=\"0b64eed\" data-element_type=\"widget\" data-e-type=\"widget\" data-widget_type=\"heading.default\">\n\t\t\t\t<div class=\"elementor-widget-container\">\n\t\t\t\t\t<p class=\"elementor-heading-title elementor-size-default\">Energinis baton\u0117lis - \u0161okoladinis<\/p>\t\t\t\t<\/div>\n\t\t\t\t<\/div>\n\t\t\t\t<div class=\"elementor-element elementor-element-d7ad10a elementor-widget elementor-widget-text-editor\" data-id=\"d7ad10a\" data-element_type=\"widget\" data-e-type=\"widget\" data-widget_type=\"text-editor.default\">\n\t\t\t\t<div class=\"elementor-widget-container\">\n\t\t\t\t\t\t\t\t\tNaudokite kaip papildom\u0105 maisto davin\u012f avariniame rinkinyje. Galioja iki 2043 m.!\t\t\t\t\t\t\t\t<\/div>\n\t\t\t\t<\/div>\n\t\t<div class=\"elementor-element elementor-element-d29b988 e-con-full desc-logo-box e-flex e-con e-child\" data-id=\"d29b988\" data-element_type=\"container\" data-e-type=\"container\">\n\t\t\t\t<div class=\"elementor-element elementor-element-86e63d4 elementor-widget elementor-widget-image\" data-id=\"86e63d4\" data-element_type=\"widget\" data-e-type=\"widget\" data-widget_type=\"image.default\">\n\t\t\t\t<div class=\"elementor-widget-container\">\n\t\t\t\t\t\t\t\t\t\t\t\t\t\t\t<img fetchpriority=\"high\" decoding=\"async\" width=\"1532\" height=\"1596\" src=\"https:\/\/helpbag.eu\/wp-content\/uploads\/2024\/02\/bdh.svg\" class=\"attachment-full size-full wp-image-22428\" alt=\"\" \/>\t\t\t\t\t\t\t\t\t\t\t\t\t\t\t<\/div>\n\t\t\t\t<\/div>\n\t\t\t\t<\/div>\n\t\t\t\t<\/div>\n\t\t<div class=\"elementor-element elementor-element-d73ee3e e-con-full e-flex e-con e-child\" data-id=\"d73ee3e\" data-element_type=\"container\" data-e-type=\"container\">\n\t\t\t\t<div class=\"elementor-element elementor-element-bf3fbb3 elementor-widget elementor-widget-image\" data-id=\"bf3fbb3\" data-element_type=\"widget\" data-e-type=\"widget\" data-widget_type=\"image.default\">\n\t\t\t\t<div class=\"elementor-widget-container\">\n\t\t\t\t\t\t\t\t\t\t\t\t\t\t\t<img decoding=\"async\" width=\"2048\" height=\"2048\" src=\"https:\/\/helpbag.eu\/wp-content\/uploads\/2023\/12\/food-chocolate1.webp\" class=\"attachment-full size-full wp-image-10138\" alt=\"\" srcset=\"https:\/\/helpbag.eu\/wp-content\/uploads\/2023\/12\/food-chocolate1.webp 2048w, https:\/\/helpbag.eu\/wp-content\/uploads\/2023\/12\/food-chocolate1-600x600.webp 600w, https:\/\/helpbag.eu\/wp-content\/uploads\/2023\/12\/food-chocolate1-250x250.webp 250w, https:\/\/helpbag.eu\/wp-content\/uploads\/2023\/12\/food-chocolate1-700x700.webp 700w, https:\/\/helpbag.eu\/wp-content\/uploads\/2023\/12\/food-chocolate1-300x300.webp 300w, https:\/\/helpbag.eu\/wp-content\/uploads\/2023\/12\/food-chocolate1-1024x1024.webp 1024w, https:\/\/helpbag.eu\/wp-content\/uploads\/2023\/12\/food-chocolate1-150x150.webp 150w, https:\/\/helpbag.eu\/wp-content\/uploads\/2023\/12\/food-chocolate1-768x768.webp 768w, https:\/\/helpbag.eu\/wp-content\/uploads\/2023\/12\/food-chocolate1-1536x1536.webp 1536w, https:\/\/helpbag.eu\/wp-content\/uploads\/2023\/12\/food-chocolate1-12x12.webp 12w\" sizes=\"(max-width: 2048px) 100vw, 2048px\" loading=\"eager\" \/>\t\t\t\t\t\t\t\t\t\t\t\t\t\t\t<\/div>\n\t\t\t\t<\/div>\n\t\t\t\t<\/div>\n\t\t\t\t<\/div>\n\t\t\t\t<\/div>\n\t\t<div class=\"elementor-element elementor-element-d1138c1 e-con-full e-flex e-con e-child\" data-id=\"d1138c1\" data-element_type=\"container\" data-e-type=\"container\">\n\t\t<div class=\"elementor-element elementor-element-0d6cfaf e-flex e-con-boxed e-con e-child\" data-id=\"0d6cfaf\" data-element_type=\"container\" data-e-type=\"container\">\n\t\t\t\t\t<div class=\"e-con-inner\">\n\t\t\t\t<div class=\"elementor-element elementor-element-ad1d6ee elementor-widget elementor-widget-heading\" data-id=\"ad1d6ee\" data-element_type=\"widget\" data-e-type=\"widget\" data-widget_type=\"heading.default\">\n\t\t\t\t<div class=\"elementor-widget-container\">\n\t\t\t\t\t<p class=\"elementor-heading-title elementor-size-default\">Funkcijos<\/p>\t\t\t\t<\/div>\n\t\t\t\t<\/div>\n\t\t\t\t<div class=\"elementor-element elementor-element-b7313c2 elementor-widget elementor-widget-heading\" data-id=\"b7313c2\" data-element_type=\"widget\" data-e-type=\"widget\" data-widget_type=\"heading.default\">\n\t\t\t\t<div class=\"elementor-widget-container\">\n\t\t\t\t\t<p class=\"elementor-heading-title elementor-size-default\">Naudokite...<\/p>\t\t\t\t<\/div>\n\t\t\t\t<\/div>\n\t\t\t\t\t<\/div>\n\t\t\t\t<\/div>\n\t\t<div class=\"elementor-element elementor-element-da31cb8 e-con-full e-flex e-con e-child\" data-id=\"da31cb8\" data-element_type=\"container\" data-e-type=\"container\">\n\t\t<div class=\"elementor-element elementor-element-7815d22 e-con-full e-flex e-con e-child\" data-id=\"7815d22\" data-element_type=\"container\" data-e-type=\"container\" data-settings=\"{&quot;background_background&quot;:&quot;classic&quot;}\">\n\t\t\t\t<div class=\"elementor-element elementor-element-b76b1c2 elementor-align-end elementor-icon-list--layout-traditional elementor-list-item-link-full_width elementor-widget elementor-widget-icon-list\" data-id=\"b76b1c2\" data-element_type=\"widget\" data-e-type=\"widget\" data-widget_type=\"icon-list.default\">\n\t\t\t\t<div class=\"elementor-widget-container\">\n\t\t\t\t\t\t\t<ul class=\"elementor-icon-list-items\">\n\t\t\t\t\t\t\t<li class=\"elementor-icon-list-item\">\n\t\t\t\t\t\t\t\t\t\t\t<span class=\"elementor-icon-list-icon\">\n\t\t\t\t\t\t\t<i aria-hidden=\"true\" class=\"fas fa-chevron-circle-right\"><\/i>\t\t\t\t\t\t<\/span>\n\t\t\t\t\t\t\t\t\t\t<span class=\"elementor-icon-list-text\">Juos verta naudoti ilgalaikio didelio intensyvumo fizinio aktyvumo metu.<\/span>\n\t\t\t\t\t\t\t\t\t<\/li>\n\t\t\t\t\t\t<\/ul>\n\t\t\t\t\t\t<\/div>\n\t\t\t\t<\/div>\n\t\t\t\t<div class=\"elementor-element elementor-element-5cf3692 elementor-align-end elementor-icon-list--layout-traditional elementor-list-item-link-full_width elementor-widget elementor-widget-icon-list\" data-id=\"5cf3692\" data-element_type=\"widget\" data-e-type=\"widget\" data-widget_type=\"icon-list.default\">\n\t\t\t\t<div class=\"elementor-widget-container\">\n\t\t\t\t\t\t\t<ul class=\"elementor-icon-list-items\">\n\t\t\t\t\t\t\t<li class=\"elementor-icon-list-item\">\n\t\t\t\t\t\t\t\t\t\t\t<span class=\"elementor-icon-list-icon\">\n\t\t\t\t\t\t\t<i aria-hidden=\"true\" class=\"fas fa-chevron-circle-right\"><\/i>\t\t\t\t\t\t<\/span>\n\t\t\t\t\t\t\t\t\t\t<span class=\"elementor-icon-list-text\">Kadangi baton\u0117liai padalyti \u012f ma\u017eesnes porcijas, juos lengva \u012fsid\u0117ti \u012f ki\u0161en\u0119 ir suvalgyti, pavyzd\u017eiui, \u017eygio metu.<\/span>\n\t\t\t\t\t\t\t\t\t<\/li>\n\t\t\t\t\t\t<\/ul>\n\t\t\t\t\t\t<\/div>\n\t\t\t\t<\/div>\n\t\t\t\t<div class=\"elementor-element elementor-element-d9418c6 elementor-align-end elementor-icon-list--layout-traditional elementor-list-item-link-full_width elementor-widget elementor-widget-icon-list\" data-id=\"d9418c6\" data-element_type=\"widget\" data-e-type=\"widget\" data-widget_type=\"icon-list.default\">\n\t\t\t\t<div class=\"elementor-widget-container\">\n\t\t\t\t\t\t\t<ul class=\"elementor-icon-list-items\">\n\t\t\t\t\t\t\t<li class=\"elementor-icon-list-item\">\n\t\t\t\t\t\t\t\t\t\t\t<span class=\"elementor-icon-list-icon\">\n\t\t\t\t\t\t\t<i aria-hidden=\"true\" class=\"fas fa-chevron-circle-right\"><\/i>\t\t\t\t\t\t<\/span>\n\t\t\t\t\t\t\t\t\t\t<span class=\"elementor-icon-list-text\">Naudokite kaip papildom\u0105 maisto davin\u012f avariniame rinkinyje.<\/span>\n\t\t\t\t\t\t\t\t\t<\/li>\n\t\t\t\t\t\t<\/ul>\n\t\t\t\t\t\t<\/div>\n\t\t\t\t<\/div>\n\t\t\t\t<div class=\"elementor-element elementor-element-234c714 elementor-align-end elementor-icon-list--layout-traditional elementor-list-item-link-full_width elementor-widget elementor-widget-icon-list\" data-id=\"234c714\" data-element_type=\"widget\" data-e-type=\"widget\" data-widget_type=\"icon-list.default\">\n\t\t\t\t<div class=\"elementor-widget-container\">\n\t\t\t\t\t\t\t<ul class=\"elementor-icon-list-items\">\n\t\t\t\t\t\t\t<li class=\"elementor-icon-list-item\">\n\t\t\t\t\t\t\t\t\t\t\t<span class=\"elementor-icon-list-icon\">\n\t\t\t\t\t\t\t<i aria-hidden=\"true\" class=\"fas fa-chevron-circle-right\"><\/i>\t\t\t\t\t\t<\/span>\n\t\t\t\t\t\t\t\t\t\t<span class=\"elementor-icon-list-text\">D\u0117l vakuumin\u0117s pakuot\u0117s baton\u0117liai ilgai galioja. Galiojimo laikas: (galiojimo laikas iki 2043 m.!)<\/span>\n\t\t\t\t\t\t\t\t\t<\/li>\n\t\t\t\t\t\t<\/ul>\n\t\t\t\t\t\t<\/div>\n\t\t\t\t<\/div>\n\t\t\t\t<div class=\"elementor-element elementor-element-1fe5ddc elementor-align-end elementor-icon-list--layout-traditional elementor-list-item-link-full_width elementor-widget elementor-widget-icon-list\" data-id=\"1fe5ddc\" data-element_type=\"widget\" data-e-type=\"widget\" data-widget_type=\"icon-list.default\">\n\t\t\t\t<div class=\"elementor-widget-container\">\n\t\t\t\t\t\t\t<ul class=\"elementor-icon-list-items\">\n\t\t\t\t\t\t\t<li class=\"elementor-icon-list-item\">\n\t\t\t\t\t\t\t\t\t\t\t<span class=\"elementor-icon-list-icon\">\n\t\t\t\t\t\t\t<i aria-hidden=\"true\" class=\"fas fa-chevron-circle-right\"><\/i>\t\t\t\t\t\t<\/span>\n\t\t\t\t\t\t\t\t\t\t<span class=\"elementor-icon-list-text\">Maistas jau paruo\u0161tas valgyti.<\/span>\n\t\t\t\t\t\t\t\t\t<\/li>\n\t\t\t\t\t\t<\/ul>\n\t\t\t\t\t\t<\/div>\n\t\t\t\t<\/div>\n\t\t\t\t<div class=\"elementor-element elementor-element-addeb72 elementor-align-end elementor-icon-list--layout-traditional elementor-list-item-link-full_width elementor-widget elementor-widget-icon-list\" data-id=\"addeb72\" data-element_type=\"widget\" data-e-type=\"widget\" data-widget_type=\"icon-list.default\">\n\t\t\t\t<div class=\"elementor-widget-container\">\n\t\t\t\t\t\t\t<ul class=\"elementor-icon-list-items\">\n\t\t\t\t\t\t\t<li class=\"elementor-icon-list-item\">\n\t\t\t\t\t\t\t\t\t\t\t<span class=\"elementor-icon-list-icon\">\n\t\t\t\t\t\t\t<i aria-hidden=\"true\" class=\"fas fa-chevron-circle-right\"><\/i>\t\t\t\t\t\t<\/span>\n\t\t\t\t\t\t\t\t\t\t<span class=\"elementor-icon-list-text\">Energetiniai baton\u0117liai gaminami i\u0161 auk\u0161tos kokyb\u0117s milt\u0173, cukraus ir kit\u0173 \u017ealiav\u0173, kurios kruop\u0161\u010diai apdorojant suteikia energijos prie\u0161 intensyvi\u0105 veikl\u0105.<\/span>\n\t\t\t\t\t\t\t\t\t<\/li>\n\t\t\t\t\t\t<\/ul>\n\t\t\t\t\t\t<\/div>\n\t\t\t\t<\/div>\n\t\t\t\t<div class=\"elementor-element elementor-element-d8d4cad elementor-align-end elementor-icon-list--layout-traditional elementor-list-item-link-full_width elementor-widget elementor-widget-icon-list\" data-id=\"d8d4cad\" data-element_type=\"widget\" data-e-type=\"widget\" data-widget_type=\"icon-list.default\">\n\t\t\t\t<div class=\"elementor-widget-container\">\n\t\t\t\t\t\t\t<ul class=\"elementor-icon-list-items\">\n\t\t\t\t\t\t\t<li class=\"elementor-icon-list-item\">\n\t\t\t\t\t\t\t\t\t\t\t<span class=\"elementor-icon-list-icon\">\n\t\t\t\t\t\t\t<i aria-hidden=\"true\" class=\"fas fa-chevron-circle-right\"><\/i>\t\t\t\t\t\t<\/span>\n\t\t\t\t\t\t\t\t\t\t<span class=\"elementor-icon-list-text\">Juos reikia laikyti v\u0117sioje ir sausoje vietoje.<\/span>\n\t\t\t\t\t\t\t\t\t<\/li>\n\t\t\t\t\t\t<\/ul>\n\t\t\t\t\t\t<\/div>\n\t\t\t\t<\/div>\n\t\t\t\t<\/div>\n\t\t<div class=\"elementor-element elementor-element-805f33e e-con-full e-flex e-con e-child\" data-id=\"805f33e\" data-element_type=\"container\" data-e-type=\"container\" data-settings=\"{&quot;background_background&quot;:&quot;classic&quot;}\">\n\t\t\t\t<div class=\"elementor-element elementor-element-6db13f9 elementor-widget elementor-widget-image\" data-id=\"6db13f9\" data-element_type=\"widget\" data-e-type=\"widget\" data-widget_type=\"image.default\">\n\t\t\t\t<div class=\"elementor-widget-container\">\n\t\t\t\t\t\t\t\t\t\t\t\t\t\t\t<img decoding=\"async\" width=\"800\" height=\"800\" src=\"https:\/\/helpbag.eu\/wp-content\/uploads\/2023\/12\/food-chocolate3-1024x1024.webp\" class=\"attachment-large size-large wp-image-10140\" alt=\"\" srcset=\"https:\/\/helpbag.eu\/wp-content\/uploads\/2023\/12\/food-chocolate3-1024x1024.webp 1024w, https:\/\/helpbag.eu\/wp-content\/uploads\/2023\/12\/food-chocolate3-600x600.webp 600w, https:\/\/helpbag.eu\/wp-content\/uploads\/2023\/12\/food-chocolate3-250x250.webp 250w, https:\/\/helpbag.eu\/wp-content\/uploads\/2023\/12\/food-chocolate3-700x700.webp 700w, https:\/\/helpbag.eu\/wp-content\/uploads\/2023\/12\/food-chocolate3-300x300.webp 300w, https:\/\/helpbag.eu\/wp-content\/uploads\/2023\/12\/food-chocolate3-150x150.webp 150w, https:\/\/helpbag.eu\/wp-content\/uploads\/2023\/12\/food-chocolate3-768x768.webp 768w, https:\/\/helpbag.eu\/wp-content\/uploads\/2023\/12\/food-chocolate3-1536x1536.webp 1536w, https:\/\/helpbag.eu\/wp-content\/uploads\/2023\/12\/food-chocolate3-12x12.webp 12w, https:\/\/helpbag.eu\/wp-content\/uploads\/2023\/12\/food-chocolate3.webp 2048w\" sizes=\"(max-width: 800px) 100vw, 800px\" \/>\t\t\t\t\t\t\t\t\t\t\t\t\t\t\t<\/div>\n\t\t\t\t<\/div>\n\t\t\t\t<\/div>\n\t\t\t\t<\/div>\n\t\t\t\t<\/div>\n\t\t<div class=\"elementor-element elementor-element-727c2c4 e-con-full e-flex e-con e-child\" data-id=\"727c2c4\" data-element_type=\"container\" data-e-type=\"container\">\n\t\t<div class=\"elementor-element elementor-element-98185eb e-flex e-con-boxed e-con e-child\" data-id=\"98185eb\" data-element_type=\"container\" data-e-type=\"container\">\n\t\t\t\t\t<div class=\"e-con-inner\">\n\t\t\t\t<div class=\"elementor-element elementor-element-0706b9d elementor-widget elementor-widget-heading\" data-id=\"0706b9d\" data-element_type=\"widget\" data-e-type=\"widget\" data-widget_type=\"heading.default\">\n\t\t\t\t<div class=\"elementor-widget-container\">\n\t\t\t\t\t<p class=\"elementor-heading-title elementor-size-default\">Skonis<\/p>\t\t\t\t<\/div>\n\t\t\t\t<\/div>\n\t\t\t\t<div class=\"elementor-element elementor-element-3c48b34 elementor-widget elementor-widget-heading\" data-id=\"3c48b34\" data-element_type=\"widget\" data-e-type=\"widget\" data-widget_type=\"heading.default\">\n\t\t\t\t<div class=\"elementor-widget-container\">\n\t\t\t\t\t<p class=\"elementor-heading-title elementor-size-default\">\u0160okoladas<\/p>\t\t\t\t<\/div>\n\t\t\t\t<\/div>\n\t\t\t\t\t<\/div>\n\t\t\t\t<\/div>\n\t\t<div class=\"elementor-element elementor-element-d5a5a9d e-con-full e-flex e-con e-child\" data-id=\"d5a5a9d\" data-element_type=\"container\" data-e-type=\"container\">\n\t\t<div class=\"elementor-element elementor-element-7adf31a e-con-full e-flex e-con e-child\" data-id=\"7adf31a\" data-element_type=\"container\" data-e-type=\"container\" data-settings=\"{&quot;background_background&quot;:&quot;classic&quot;}\">\n\t\t\t\t<div class=\"elementor-element elementor-element-b37fb63 elementor-widget elementor-widget-image\" data-id=\"b37fb63\" data-element_type=\"widget\" data-e-type=\"widget\" data-widget_type=\"image.default\">\n\t\t\t\t<div class=\"elementor-widget-container\">\n\t\t\t\t\t\t\t\t\t\t\t\t\t\t\t<img decoding=\"async\" width=\"800\" height=\"800\" src=\"https:\/\/helpbag.eu\/wp-content\/uploads\/2023\/12\/food-chocolate2-1024x1024.webp\" class=\"attachment-large size-large wp-image-10139\" alt=\"\" srcset=\"https:\/\/helpbag.eu\/wp-content\/uploads\/2023\/12\/food-chocolate2-1024x1024.webp 1024w, https:\/\/helpbag.eu\/wp-content\/uploads\/2023\/12\/food-chocolate2-600x600.webp 600w, https:\/\/helpbag.eu\/wp-content\/uploads\/2023\/12\/food-chocolate2-250x250.webp 250w, https:\/\/helpbag.eu\/wp-content\/uploads\/2023\/12\/food-chocolate2-700x700.webp 700w, https:\/\/helpbag.eu\/wp-content\/uploads\/2023\/12\/food-chocolate2-300x300.webp 300w, https:\/\/helpbag.eu\/wp-content\/uploads\/2023\/12\/food-chocolate2-150x150.webp 150w, https:\/\/helpbag.eu\/wp-content\/uploads\/2023\/12\/food-chocolate2-768x768.webp 768w, https:\/\/helpbag.eu\/wp-content\/uploads\/2023\/12\/food-chocolate2-1536x1536.webp 1536w, https:\/\/helpbag.eu\/wp-content\/uploads\/2023\/12\/food-chocolate2-12x12.webp 12w, https:\/\/helpbag.eu\/wp-content\/uploads\/2023\/12\/food-chocolate2.webp 2048w\" sizes=\"(max-width: 800px) 100vw, 800px\" \/>\t\t\t\t\t\t\t\t\t\t\t\t\t\t\t<\/div>\n\t\t\t\t<\/div>\n\t\t\t\t<\/div>\n\t\t<div class=\"elementor-element elementor-element-e9da680 e-con-full e-flex e-con e-child\" data-id=\"e9da680\" data-element_type=\"container\" data-e-type=\"container\" data-settings=\"{&quot;background_background&quot;:&quot;classic&quot;}\">\n\t\t\t\t<div class=\"elementor-element elementor-element-0cdf9c6 elementor-align-end elementor-icon-list--layout-traditional elementor-list-item-link-full_width elementor-widget elementor-widget-icon-list\" data-id=\"0cdf9c6\" data-element_type=\"widget\" data-e-type=\"widget\" data-widget_type=\"icon-list.default\">\n\t\t\t\t<div class=\"elementor-widget-container\">\n\t\t\t\t\t\t\t<ul class=\"elementor-icon-list-items\">\n\t\t\t\t\t\t\t<li class=\"elementor-icon-list-item\">\n\t\t\t\t\t\t\t\t\t\t\t<span class=\"elementor-icon-list-icon\">\n\t\t\t\t\t\t\t<i aria-hidden=\"true\" class=\"fas fa-chevron-circle-right\"><\/i>\t\t\t\t\t\t<\/span>\n\t\t\t\t\t\t\t\t\t\t<span class=\"elementor-icon-list-text\">Vieneto grynasis svoris (g): 120 g<\/span>\n\t\t\t\t\t\t\t\t\t<\/li>\n\t\t\t\t\t\t<\/ul>\n\t\t\t\t\t\t<\/div>\n\t\t\t\t<\/div>\n\t\t\t\t<div class=\"elementor-element elementor-element-b8eac8b elementor-align-end elementor-icon-list--layout-traditional elementor-list-item-link-full_width elementor-widget elementor-widget-icon-list\" data-id=\"b8eac8b\" data-element_type=\"widget\" data-e-type=\"widget\" data-widget_type=\"icon-list.default\">\n\t\t\t\t<div class=\"elementor-widget-container\">\n\t\t\t\t\t\t\t<ul class=\"elementor-icon-list-items\">\n\t\t\t\t\t\t\t<li class=\"elementor-icon-list-item\">\n\t\t\t\t\t\t\t\t\t\t\t<span class=\"elementor-icon-list-icon\">\n\t\t\t\t\t\t\t<i aria-hidden=\"true\" class=\"fas fa-chevron-circle-right\"><\/i>\t\t\t\t\t\t<\/span>\n\t\t\t\t\t\t\t\t\t\t<span class=\"elementor-icon-list-text\">Sudedamosios dalys: Kvietiniai miltai 60%, augalinis aliejus (palmi\u0173), cukrus, gliukoz\u0117s sirupas, vanduo, druska, kakavos milteliai, kildymo med\u017eiaga: natrio karbonatas.<\/span>\n\t\t\t\t\t\t\t\t\t<\/li>\n\t\t\t\t\t\t<\/ul>\n\t\t\t\t\t\t<\/div>\n\t\t\t\t<\/div>\n\t\t\t\t<div class=\"elementor-element elementor-element-7dd0e19 elementor-align-end elementor-icon-list--layout-traditional elementor-list-item-link-full_width elementor-widget elementor-widget-icon-list\" data-id=\"7dd0e19\" data-element_type=\"widget\" data-e-type=\"widget\" data-widget_type=\"icon-list.default\">\n\t\t\t\t<div class=\"elementor-widget-container\">\n\t\t\t\t\t\t\t<ul class=\"elementor-icon-list-items\">\n\t\t\t\t\t\t\t<li class=\"elementor-icon-list-item\">\n\t\t\t\t\t\t\t\t\t\t\t<span class=\"elementor-icon-list-icon\">\n\t\t\t\t\t\t\t<i aria-hidden=\"true\" class=\"fas fa-chevron-circle-right\"><\/i>\t\t\t\t\t\t<\/span>\n\t\t\t\t\t\t\t\t\t\t<span class=\"elementor-icon-list-text\">\u012e komplekt\u0105 \u012feina: S\u0116KLOS.<\/span>\n\t\t\t\t\t\t\t\t\t<\/li>\n\t\t\t\t\t\t<\/ul>\n\t\t\t\t\t\t<\/div>\n\t\t\t\t<\/div>\n\t\t\t\t<div class=\"elementor-element elementor-element-d2c71c2 elementor-align-end elementor-icon-list--layout-traditional elementor-list-item-link-full_width elementor-widget elementor-widget-icon-list\" data-id=\"d2c71c2\" data-element_type=\"widget\" data-e-type=\"widget\" data-widget_type=\"icon-list.default\">\n\t\t\t\t<div class=\"elementor-widget-container\">\n\t\t\t\t\t\t\t<ul class=\"elementor-icon-list-items\">\n\t\t\t\t\t\t\t<li class=\"elementor-icon-list-item\">\n\t\t\t\t\t\t\t\t\t\t\t<span class=\"elementor-icon-list-icon\">\n\t\t\t\t\t\t\t<i aria-hidden=\"true\" class=\"fas fa-chevron-circle-right\"><\/i>\t\t\t\t\t\t<\/span>\n\t\t\t\t\t\t\t\t\t\t<span class=\"elementor-icon-list-text\">Maistin\u0117 vert\u0117 - 100 g vidutini\u0161kai yra: KALORIJ\u0172 1988 kj \/475 kcal; RIEBALAI 19,4 g; \u012eSKAI\u010cIUOJANT RIEBALAI 8,24 g; ANGLIAVANDENI\u0172 r\u016bg\u0161tys 67,6 g; \u012eSKAI\u010cIUOJANT CUKRUS 20,3 g; BALTYMAI 7,1 g; SODAS 0,238 g<\/span>\n\t\t\t\t\t\t\t\t\t<\/li>\n\t\t\t\t\t\t<\/ul>\n\t\t\t\t\t\t<\/div>\n\t\t\t\t<\/div>\n\t\t\t\t<\/div>\n\t\t\t\t<\/div>\n\t\t\t\t<\/div>\n\t\t<div class=\"elementor-element elementor-element-8148180 e-con-full e-flex e-con e-child\" data-id=\"8148180\" data-element_type=\"container\" data-e-type=\"container\">\n\t\t\t\t<div class=\"plus-conditions--hidden elementor-element elementor-element-b8525ed elementor-widget__width-initial acrdn-active-border elementor-widget-mobile__width-inherit elementor-widget elementor-widget-n-accordion\" data-id=\"b8525ed\" data-element_type=\"widget\" data-e-type=\"widget\" data-settings=\"{&quot;default_state&quot;:&quot;all_collapsed&quot;,&quot;tp_display_rules_enable&quot;:&quot;yes&quot;,&quot;max_items_expended&quot;:&quot;one&quot;,&quot;n_accordion_animation_duration&quot;:{&quot;unit&quot;:&quot;ms&quot;,&quot;size&quot;:400,&quot;sizes&quot;:[]}}\" data-widget_type=\"nested-accordion.default\">\n\t\t\t\t<div class=\"elementor-widget-container\">\n\t\t\t\t\t\t\t\t\t<\/div>\n\t\t\t\t<\/div>\n\t\t\t\t<\/div>\n\t\t\t\t<div class=\"elementor-element elementor-element-97d40e6 elementor-widget-divider--view-line elementor-widget elementor-widget-divider\" data-id=\"97d40e6\" data-element_type=\"widget\" data-e-type=\"widget\" data-widget_type=\"divider.default\">\n\t\t\t\t<div class=\"elementor-widget-container\">\n\t\t\t\t\t\t\t<div class=\"elementor-divider\">\n\t\t\t<span class=\"elementor-divider-separator\">\n\t\t\t\t\t\t<\/span>\n\t\t<\/div>\n\t\t\t\t\t\t<\/div>\n\t\t\t\t<\/div>\n\t\t\t\t<\/div>\n\t\t\t\t<\/div>","protected":false},"excerpt":{"rendered":"<p>Naudokite kaip papildom\u0105 maisto davin\u012f avariniame rinkinyje. Galioja iki 2043 m.!<\/p>","protected":false},"featured_media":10138,"comment_status":"open","ping_status":"closed","template":"","meta":[],"product_brand":[],"product_cat":[135],"product_tag":[],"class_list":{"0":"post-10157","1":"product","2":"type-product","3":"status-publish","4":"has-post-thumbnail","6":"product_cat-equipment","8":"first","9":"instock","10":"taxable","11":"shipping-taxable","12":"purchasable","13":"product-type-variable","14":"has-default-attributes"},"gallery_images":[],"_links":{"self":[{"href":"https:\/\/helpbag.eu\/lt\/wp-json\/wp\/v2\/product\/10157","targetHints":{"allow":["GET"]}}],"collection":[{"href":"https:\/\/helpbag.eu\/lt\/wp-json\/wp\/v2\/product"}],"about":[{"href":"https:\/\/helpbag.eu\/lt\/wp-json\/wp\/v2\/types\/product"}],"replies":[{"embeddable":true,"href":"https:\/\/helpbag.eu\/lt\/wp-json\/wp\/v2\/comments?post=10157"}],"version-history":[{"count":1,"href":"https:\/\/helpbag.eu\/lt\/wp-json\/wp\/v2\/product\/10157\/revisions"}],"predecessor-version":[{"id":66926,"href":"https:\/\/helpbag.eu\/lt\/wp-json\/wp\/v2\/product\/10157\/revisions\/66926"}],"wp:featuredmedia":[{"embeddable":true,"href":"https:\/\/helpbag.eu\/lt\/wp-json\/wp\/v2\/media\/10138"}],"wp:attachment":[{"href":"https:\/\/helpbag.eu\/lt\/wp-json\/wp\/v2\/media?parent=10157"}],"wp:term":[{"taxonomy":"product_brand","embeddable":true,"href":"https:\/\/helpbag.eu\/lt\/wp-json\/wp\/v2\/product_brand?post=10157"},{"taxonomy":"product_cat","embeddable":true,"href":"https:\/\/helpbag.eu\/lt\/wp-json\/wp\/v2\/product_cat?post=10157"},{"taxonomy":"product_tag","embeddable":true,"href":"https:\/\/helpbag.eu\/lt\/wp-json\/wp\/v2\/product_tag?post=10157"}],"curies":[{"name":"wp","href":"https:\/\/api.w.org\/{rel}","templated":true}]}}