{"id":51504,"date":"2025-08-24T00:36:37","date_gmt":"2025-08-23T22:36:37","guid":{"rendered":"https:\/\/helpbag.eu\/?post_type=product&#038;p=51504"},"modified":"2025-11-17T00:55:43","modified_gmt":"2025-11-16T23:55:43","slug":"checklists","status":"publish","type":"product","link":"https:\/\/helpbag.eu\/lt\/shop\/products\/checklists\/","title":{"rendered":"Kontroliniai s\u0105ra\u0161ai HELP BAG\u00ae (skaitmeninis)"},"content":{"rendered":"<p>HELP BAG\u00ae praktiniai kontroliniai s\u0105ra\u0161ai - tai paruo\u0161ti kontroliniai s\u0105ra\u0161ai, padedantys tinkamai pasiruo\u0161ti ekstremalioms situacijoms ir u\u017etikrinti savo, artim\u0173j\u0173 ir turto saugum\u0105. Kiekvienas kontrolinis s\u0105ra\u0161as skirtas skirtingoms gyvenimo sritims - nuo nam\u0173 apsaugos, vaik\u0173 ir namini\u0173 gyv\u016bn\u0173 prie\u017ei\u016bros iki automobilio paruo\u0161imo - kartu sukurdami vis\u0105 pagalbos ekstremaliomis situacijomis sistem\u0105. Kontroliniai s\u0105ra\u0161ai yra skaitmenin\u0117s formos.<\/p>","protected":false},"excerpt":{"rendered":"<p>HELP BAG\u00ae praktiniai kontroliniai s\u0105ra\u0161ai - tai paruo\u0161ti kontroliniai s\u0105ra\u0161ai, padedantys tinkamai pasiruo\u0161ti ekstremalioms situacijoms ir u\u017etikrinti savo, artim\u0173j\u0173 ir turto saugum\u0105. Kiekvienas kontrolinis s\u0105ra\u0161as skirtas skirtingoms gyvenimo sritims - nuo nam\u0173 apsaugos, vaik\u0173 ir namini\u0173 gyv\u016bn\u0173 prie\u017ei\u016bros iki automobilio paruo\u0161imo - kartu sukurdami vis\u0105 pagalbos ekstremaliomis situacijomis sistem\u0105.<\/p>","protected":false},"featured_media":48893,"comment_status":"closed","ping_status":"closed","template":"","meta":[],"product_brand":[1239],"product_cat":[17],"product_tag":[1261],"class_list":{"0":"post-51504","1":"product","2":"type-product","3":"status-publish","4":"has-post-thumbnail","6":"product_brand-helpbag","7":"product_cat-products","8":"product_tag-checklist1","10":"first","11":"instock","12":"sale","13":"sold-individually","14":"taxable","15":"shipping-taxable","16":"purchasable","17":"product-type-variable","18":"has-default-attributes"},"gallery_images":[],"_links":{"self":[{"href":"https:\/\/helpbag.eu\/lt\/wp-json\/wp\/v2\/product\/51504","targetHints":{"allow":["GET"]}}],"collection":[{"href":"https:\/\/helpbag.eu\/lt\/wp-json\/wp\/v2\/product"}],"about":[{"href":"https:\/\/helpbag.eu\/lt\/wp-json\/wp\/v2\/types\/product"}],"replies":[{"embeddable":true,"href":"https:\/\/helpbag.eu\/lt\/wp-json\/wp\/v2\/comments?post=51504"}],"version-history":[{"count":0,"href":"https:\/\/helpbag.eu\/lt\/wp-json\/wp\/v2\/product\/51504\/revisions"}],"wp:featuredmedia":[{"embeddable":true,"href":"https:\/\/helpbag.eu\/lt\/wp-json\/wp\/v2\/media\/48893"}],"wp:attachment":[{"href":"https:\/\/helpbag.eu\/lt\/wp-json\/wp\/v2\/media?parent=51504"}],"wp:term":[{"taxonomy":"product_brand","embeddable":true,"href":"https:\/\/helpbag.eu\/lt\/wp-json\/wp\/v2\/product_brand?post=51504"},{"taxonomy":"product_cat","embeddable":true,"href":"https:\/\/helpbag.eu\/lt\/wp-json\/wp\/v2\/product_cat?post=51504"},{"taxonomy":"product_tag","embeddable":true,"href":"https:\/\/helpbag.eu\/lt\/wp-json\/wp\/v2\/product_tag?post=51504"}],"curies":[{"name":"wp","href":"https:\/\/api.w.org\/{rel}","templated":true}]}}