{"id":52024,"date":"2025-08-24T23:54:21","date_gmt":"2025-08-24T21:54:21","guid":{"rendered":"https:\/\/helpbag.eu\/?post_type=product&#038;p=52024"},"modified":"2026-03-30T21:02:58","modified_gmt":"2026-03-30T19:02:58","slug":"basic","status":"publish","type":"product","link":"https:\/\/helpbag.eu\/lt\/shop\/kits\/basic\/","title":{"rendered":"Avarinis rinkinys HELP BAG\u00ae BASIC"},"content":{"rendered":"<p>\"HELP BAG\u00ae BASIC\" avarin\u012f rinkin\u012f sudaro:<\/p>\n<ul>\n<li><strong>Kuprin\u0117 HELP BAG\u00ae BASIC<\/strong><\/li>\n<li><strong>PAPILDOMOSIOS RAMYB\u0116S modulis<\/strong><\/li>\n<li><strong>Vanduo 500 ml<\/strong><\/li>\n<li><strong>Vandens dezinfekavimo tablet\u0117s<\/strong><\/li>\n<li><strong>3 x Maisto davinys 200 g<\/strong><\/li>\n<li><strong>Plazminis \u017eiebtuv\u0117lis<\/strong><\/li>\n<li><strong>Avarinis miegmai\u0161is<\/strong><\/li>\n<li><strong>Rank\u0173 \u0161ildytuvai<\/strong><\/li>\n<li><strong>Kauk\u0117 FFP2\/KN95<\/strong><\/li>\n<li><strong>Lietaus pon\u010das<\/strong><\/li>\n<li><strong>Daugiafunkcinis kaminas<\/strong><\/li>\n<li><strong>Siuvimo rinkinys<\/strong><\/li>\n<li><strong>Avarinis plaktukas su stiklo dreifu ir degikliu<\/strong><\/li>\n<li><strong>USB 3-in-1 kabelis<\/strong><\/li>\n<li><strong>Pirmosios pagalbos rinkinys su priedais<\/strong><\/li>\n<li><strong>Kosmetikos krep\u0161elis su priedais<\/strong><\/li>\n<li><strong>Mikropluo\u0161to rank\u0161luostis<\/strong><\/li>\n<li><strong>Daugiafunkcin\u0117 apyrank\u0117<\/strong><\/li>\n<li><strong>Tritonai \/ kabeli\u0173 rai\u0161\u010diai<\/strong><\/li>\n<li><strong>Darbo pir\u0161tin\u0117s<\/strong><\/li>\n<li><strong>Galvinis \u017eibintuv\u0117lis<\/strong><\/li>\n<li><strong>Atspindintys dir\u017eai<\/strong><\/li>\n<li><strong>Daugiafunkcinis \u012frankis<\/strong><\/li>\n<li><strong>10000 mAh maitinimo blokas<\/strong><\/li>\n<li><strong>U\u017era\u0161\u0173 knygut\u0117 su pie\u0161tuku<\/strong><\/li>\n<li><strong>Drabu\u017ei\u0173 vakuuminis mai\u0161elis<\/strong><\/li>\n<li><strong>Plieninis puodelis su dangteliu<\/strong><\/li>\n<li><strong>Stalo \u012frankiai 3in1<\/strong><\/li>\n<li><strong>\"Dynamo\" radijo imtuvas 5000 mAh<\/strong><\/li>\n<\/ul>","protected":false},"excerpt":{"rendered":"<p>\"Help Bag Basic\" - tai pagrindinis avarinis rinkinys, kuriame rasite \u0161viesos, \u0161ilumos, vandens ir saugumo bet kokioje situacijoje. Kuprin\u0117, papildomo saugojimo modulis ir b\u016btiniausia \u012franga. I\u0161tikus nelaimei, b\u016bsite pasireng\u0119 ir savaranki\u0161ki.<\/p>","protected":false},"featured_media":52133,"comment_status":"closed","ping_status":"closed","template":"","meta":[],"product_brand":[1239],"product_cat":[81],"product_tag":[1262],"class_list":{"0":"post-52024","1":"product","2":"type-product","3":"status-publish","4":"has-post-thumbnail","6":"product_brand-helpbag","7":"product_cat-kits","8":"product_tag-basic-kit","10":"first","11":"instock","12":"sale","13":"taxable","14":"shipping-taxable","15":"purchasable","16":"product-type-simple"},"gallery_images":[],"_links":{"self":[{"href":"https:\/\/helpbag.eu\/lt\/wp-json\/wp\/v2\/product\/52024","targetHints":{"allow":["GET"]}}],"collection":[{"href":"https:\/\/helpbag.eu\/lt\/wp-json\/wp\/v2\/product"}],"about":[{"href":"https:\/\/helpbag.eu\/lt\/wp-json\/wp\/v2\/types\/product"}],"replies":[{"embeddable":true,"href":"https:\/\/helpbag.eu\/lt\/wp-json\/wp\/v2\/comments?post=52024"}],"version-history":[{"count":3,"href":"https:\/\/helpbag.eu\/lt\/wp-json\/wp\/v2\/product\/52024\/revisions"}],"predecessor-version":[{"id":68747,"href":"https:\/\/helpbag.eu\/lt\/wp-json\/wp\/v2\/product\/52024\/revisions\/68747"}],"wp:featuredmedia":[{"embeddable":true,"href":"https:\/\/helpbag.eu\/lt\/wp-json\/wp\/v2\/media\/52133"}],"wp:attachment":[{"href":"https:\/\/helpbag.eu\/lt\/wp-json\/wp\/v2\/media?parent=52024"}],"wp:term":[{"taxonomy":"product_brand","embeddable":true,"href":"https:\/\/helpbag.eu\/lt\/wp-json\/wp\/v2\/product_brand?post=52024"},{"taxonomy":"product_cat","embeddable":true,"href":"https:\/\/helpbag.eu\/lt\/wp-json\/wp\/v2\/product_cat?post=52024"},{"taxonomy":"product_tag","embeddable":true,"href":"https:\/\/helpbag.eu\/lt\/wp-json\/wp\/v2\/product_tag?post=52024"}],"curies":[{"name":"wp","href":"https:\/\/api.w.org\/{rel}","templated":true}]}}