{"id":67641,"date":"2026-02-19T11:16:18","date_gmt":"2026-02-19T10:16:18","guid":{"rendered":"https:\/\/helpbag.eu\/?post_type=product&#038;p=67641"},"modified":"2026-04-15T12:58:31","modified_gmt":"2026-04-15T10:58:31","slug":"max-empty","status":"publish","type":"product","link":"https:\/\/helpbag.eu\/lt\/shop\/kits\/max-empty\/","title":{"rendered":"Avarinis rinkinys HELP BAG\u00ae MAX PRO (tu\u0161\u010dias)"},"content":{"rendered":"","protected":false},"excerpt":{"rendered":"<p>\u201cBlackout\u201d, potvynis, evakuacija - \"Help Bag Max Pro\" be pamu\u0161alo yra tu\u0161\u010dias avarinis rinkinys, i\u0161 kurio galima susikurti ideal\u0173 \"i\u0161vykimo krep\u0161\u012f\". Talpi evakuacin\u0117 kuprin\u0117 ir 8 tu\u0161ti moduliai su \u017eym\u0117jimais - paruo\u0161ta strukt\u016bra, kuri\u0105 galima pritaikyti savo poreikiams. Nulis pakavimo chaoso. Nulis organizacini\u0173 sp\u0117lioni\u0173. Nulis tr\u016bkum\u0173 sistemoje. U\u017epildykite modulius tuo, ko reikia jums ir j\u016bs\u0173 \u0161eimai. B\u016bkite savaranki\u0161ki, kai i\u0161tiks kriz\u0117.<\/p>","protected":false},"featured_media":57030,"comment_status":"closed","ping_status":"closed","template":"","meta":[],"product_brand":[1239],"product_cat":[81],"product_tag":[1269],"class_list":{"0":"post-67641","1":"product","2":"type-product","3":"status-publish","4":"has-post-thumbnail","6":"product_brand-helpbag","7":"product_cat-kits","8":"product_tag-max-empty","10":"first","11":"instock","12":"sale","13":"taxable","14":"shipping-taxable","15":"purchasable","16":"product-type-simple"},"gallery_images":[51345,51346,57029,51350,51349,51348,51347,57030],"_links":{"self":[{"href":"https:\/\/helpbag.eu\/lt\/wp-json\/wp\/v2\/product\/67641","targetHints":{"allow":["GET"]}}],"collection":[{"href":"https:\/\/helpbag.eu\/lt\/wp-json\/wp\/v2\/product"}],"about":[{"href":"https:\/\/helpbag.eu\/lt\/wp-json\/wp\/v2\/types\/product"}],"replies":[{"embeddable":true,"href":"https:\/\/helpbag.eu\/lt\/wp-json\/wp\/v2\/comments?post=67641"}],"version-history":[{"count":2,"href":"https:\/\/helpbag.eu\/lt\/wp-json\/wp\/v2\/product\/67641\/revisions"}],"predecessor-version":[{"id":68819,"href":"https:\/\/helpbag.eu\/lt\/wp-json\/wp\/v2\/product\/67641\/revisions\/68819"}],"wp:featuredmedia":[{"embeddable":true,"href":"https:\/\/helpbag.eu\/lt\/wp-json\/wp\/v2\/media\/57030"}],"wp:attachment":[{"href":"https:\/\/helpbag.eu\/lt\/wp-json\/wp\/v2\/media?parent=67641"}],"wp:term":[{"taxonomy":"product_brand","embeddable":true,"href":"https:\/\/helpbag.eu\/lt\/wp-json\/wp\/v2\/product_brand?post=67641"},{"taxonomy":"product_cat","embeddable":true,"href":"https:\/\/helpbag.eu\/lt\/wp-json\/wp\/v2\/product_cat?post=67641"},{"taxonomy":"product_tag","embeddable":true,"href":"https:\/\/helpbag.eu\/lt\/wp-json\/wp\/v2\/product_tag?post=67641"}],"curies":[{"name":"wp","href":"https:\/\/api.w.org\/{rel}","templated":true}]}}