{"id":964,"date":"2021-07-04T17:52:26","date_gmt":"2021-07-04T15:52:26","guid":{"rendered":"https:\/\/www.helpbag.pl\/?page_id=964"},"modified":"2026-03-17T18:11:43","modified_gmt":"2026-03-17T17:11:43","slug":"privacy","status":"publish","type":"page","link":"https:\/\/helpbag.eu\/nl\/privacy\/","title":{"rendered":"Privacy- en cookiebeleid"},"content":{"rendered":"<div data-elementor-type=\"wp-page\" data-elementor-id=\"964\" class=\"elementor elementor-964\" data-elementor-post-type=\"page\">\n\t\t\t\t<div class=\"elementor-element elementor-element-a87287d e-flex e-con-boxed e-con e-parent\" data-id=\"a87287d\" data-element_type=\"container\" data-e-type=\"container\">\n\t\t\t\t\t<div class=\"e-con-inner\">\n\t\t\t\t<div class=\"elementor-element elementor-element-6569215 elementor-widget elementor-widget-text-editor\" data-id=\"6569215\" data-element_type=\"widget\" data-e-type=\"widget\" data-widget_type=\"text-editor.default\">\n\t\t\t\t<div class=\"elementor-widget-container\">\n\t\t\t\t\t\t\t\t\t<h1>Privacy- en gegevensbeschermingsbeleid<\/h1>\n\n<p><strong>Update datum: 17 maart 2026.<\/strong><\/p>\n\n<p>De beheerder van de persoonlijke gegevens is <strong>HELP BAG Ltd.<\/strong>, ul. Sadowa 12, 43-100 Tychy, Polen, NIP 6462998881, REGON 523157283, KRS 0000992798, e-mail: <strong>hello@helpbag.eu<\/strong>. Het bedrijf heeft geen functionaris voor gegevensbescherming aangesteld.<\/p>\n\n<h2>Doel en basis van gegevensverwerking<\/h2>\n<p>Persoonsgegevens worden verwerkt voor:<\/p>\n<ul>\n  <li>orderverwerking,<\/li>\n  <li>afhandeling van gebruikersaccounts,<\/li>\n  <li>klantcontact,<\/li>\n  <li>afhandeling van klachten en retourzendingen,<\/li>\n  <li>marketing- en analytische doeleinden.<\/li>\n<\/ul>\n\n<p>Rechtsgrondslag voor gegevensverwerking:<\/p>\n<ul>\n  <li>Artikel 6, lid 1, onder b) RODO - uitvoering van de overeenkomst,<\/li>\n  <li>Artikel 6, lid 1, onder c) RODO - wettelijke verplichtingen (boekhouding),<\/li>\n  <li>Artikel 6, lid 1, onder f) RODO - gerechtvaardigd belang (communicatie, verhaal, bescherming tegen fraude),<\/li>\n  <li>Artikel 6, lid 1, onder a) RODO - toestemming (voor marketing, cookies, analytische en reclametools is toestemming vereist).<\/li>\n<\/ul>\n\n<h2>Reikwijdte van gegevensverwerking<\/h2>\n<ul>\n  <li>naam,<\/li>\n  <li>e-mailadres,<\/li>\n  <li>telefoonnummer,<\/li>\n  <li>aflever- en factuuradres,<\/li>\n  <li>Factuurgegevens, inclusief fiscaal identificatienummer,<\/li>\n  <li>bestelgeschiedenis,<\/li>\n  <li>technische gegevens (IP-adres, cookie-identificatie, browser- en apparaatgegevens),<\/li>\n  <li>communicatiegerelateerde gegevens.<\/li>\n<\/ul>\n\n<h2>Gegevensbronnen<\/h2>\n<ul>\n  <li>rechtstreeks van de gebruiker (bestelformulieren en contactformulieren),<\/li>\n  <li>beheerder verkoopsystemen,<\/li>\n  <li>marktplaatsplatforms (als de aankoop via hen is gedaan).<\/li>\n<\/ul>\n\n<h2>Ontvangers van gegevens<\/h2>\n<ul>\n  <li>koeriers- en logistieke bedrijven,<\/li>\n  <li>betalingsoperatoren,<\/li>\n  <li>accountantskantoor,<\/li>\n  <li>leveranciers van IT-diensten, hosting, e-mail, analyse- en reclametools,<\/li>\n  <li>verkoopplatformen.<\/li>\n<\/ul>\n\n<p>Gegevens kunnen worden doorgegeven buiten de Europese Economische Ruimte, inclusief naar de VS, met gebruikmaking van geschikte mechanismen om de doorgifte te legaliseren (VCA of EU-VS Data Privacy Framework, indien de betreffende provider hiervan gebruikmaakt).<\/p>\n\n<h2>Opslagtijd gegevens<\/h2>\n<ul>\n  <li>gegevens met betrekking tot inkoop en boekhouding - tot 6 jaar,<\/li>\n  <li>gebruikersaccountgegevens - voor de duur van de activiteit en de periode die nodig is voor het afhandelen van claims na het wissen ervan,<\/li>\n  <li>marketinggegevens - totdat u uw toestemming intrekt of bezwaar maakt,<\/li>\n  <li>gegevens met betrekking tot communicatie - voor de periode die nodig is voor de behandeling van de zaak en het veiligstellen van claims.<\/li>\n<\/ul>\n\n<h2>Rechten van gebruikers<\/h2>\n<p>U hebt recht op:<\/p>\n<ul>\n  <li>recht op toegang tot gegevens,<\/li>\n  <li>het recht op rectificatie,<\/li>\n  <li>het recht op wissen,<\/li>\n  <li>het recht om de verwerking te beperken,<\/li>\n  <li>het recht op gegevensoverdraagbaarheid,<\/li>\n  <li>het recht om bezwaar te maken,<\/li>\n  <li>Het recht om toestemming op elk moment in te trekken.<\/li>\n<\/ul>\n<p>De uitoefening van rechten vindt uiterlijk 30 dagen na ontvangst van het verzoek plaats. Verzoeken moeten worden gericht aan: <strong>hello@helpbag.eu<\/strong>.<\/p>\n<p>U hebt ook het recht om een klacht in te dienen bij de voorzitter van de Gegevensbeschermingsautoriteit.<\/p>\n\n<h2>Cookies en traceringstechnologie\u00ebn<\/h2>\n<p>De website maakt gebruik van cookies en vergelijkbare technologie\u00ebn (pixels, tags, online identificatoren) die worden opgeslagen op of gelezen vanaf het apparaat van de gebruiker.<\/p>\n\n<h3>Doeleinden van het gebruik van cookies:<\/h3>\n<ul>\n  <li>ervoor zorgen dat de website en de shop correct werken (sessieonderhoud, inloggen, winkelwagentje),<\/li>\n  <li>analyse van verkeers- en gebruiksstatistieken,<\/li>\n  <li>het uitvoeren van marketing- en remarketingactiviteiten en het meten van de effectiviteit van reclame.<\/li>\n<\/ul>\n\n<h3>Soorten cookies die worden gebruikt:<\/h3>\n<ul>\n  <li>essenti\u00eble cookies,<\/li>\n  <li>functionele cookies,<\/li>\n  <li>analytische cookies,<\/li>\n  <li>marketingcookies.<\/li>\n<\/ul>\n\n<p>Wettelijke basis voor het gebruik van cookies:<\/p>\n<ul>\n  <li>essenti\u00eble cookies - legitiem belang van de verwerkingsverantwoordelijke,<\/li>\n  <li>Analytische en marketing cookies - toestemming van de gebruiker via banner cookies.<\/li>\n<\/ul>\n\n<p>De gebruiker kan zijn toestemming voor analytische en marketingcookies te allen tijde wijzigen of intrekken via de cookiebanner of browserinstellingen. Het beperken van cookies kan bepaalde functionaliteiten van de website be\u00efnvloeden.<\/p>\n\n<h2>Neem contact op met<\/h2>\n<p>Voor kwesties met betrekking tot de verwerking van persoonsgegevens kunt u contact opnemen met: <strong>hello@helpbag.eu<\/strong><\/p>\n\n<h2>Beleidswijzigingen<\/h2>\n<p>Het beleid kan van tijd tot tijd worden bijgewerkt. De huidige versie wordt altijd op deze pagina gepubliceerd.<\/p>\t\t\t\t\t\t\t\t<\/div>\n\t\t\t\t<\/div>\n\t\t\t\t\t<\/div>\n\t\t\t\t<\/div>\n\t\t\t\t<\/div>","protected":false},"excerpt":{"rendered":"<p>Polityka Prywatno\u015bci i Ochrony Danych Osobowych Data aktualizacji: 17 marca 2026 r. Administratorem danych osobowych jest HELP BAG Sp. z o.o., ul. Sadowa 12, 43-100 Tychy, Polska, NIP 6462998881, REGON 523157283, KRS 0000992798, e-mail: hello@helpbag.eu. W sp\u00f3\u0142ce nie powo\u0142ano Inspektora Ochrony Danych. Cel i podstawa przetwarzania danych Dane osobowe przetwarzane s\u0105 w celu: realizacji zam\u00f3wie\u0144, [&hellip;]<\/p>\n","protected":false},"author":253,"featured_media":0,"parent":0,"menu_order":0,"comment_status":"closed","ping_status":"closed","template":"","meta":{"footnotes":""},"class_list":["post-964","page","type-page","status-publish","hentry"],"_links":{"self":[{"href":"https:\/\/helpbag.eu\/nl\/wp-json\/wp\/v2\/pages\/964","targetHints":{"allow":["GET"]}}],"collection":[{"href":"https:\/\/helpbag.eu\/nl\/wp-json\/wp\/v2\/pages"}],"about":[{"href":"https:\/\/helpbag.eu\/nl\/wp-json\/wp\/v2\/types\/page"}],"author":[{"embeddable":true,"href":"https:\/\/helpbag.eu\/nl\/wp-json\/wp\/v2\/users\/253"}],"replies":[{"embeddable":true,"href":"https:\/\/helpbag.eu\/nl\/wp-json\/wp\/v2\/comments?post=964"}],"version-history":[{"count":3,"href":"https:\/\/helpbag.eu\/nl\/wp-json\/wp\/v2\/pages\/964\/revisions"}],"predecessor-version":[{"id":68323,"href":"https:\/\/helpbag.eu\/nl\/wp-json\/wp\/v2\/pages\/964\/revisions\/68323"}],"wp:attachment":[{"href":"https:\/\/helpbag.eu\/nl\/wp-json\/wp\/v2\/media?parent=964"}],"curies":[{"name":"wp","href":"https:\/\/api.w.org\/{rel}","templated":true}]}}