{"id":51504,"date":"2025-08-24T00:36:37","date_gmt":"2025-08-23T22:36:37","guid":{"rendered":"https:\/\/helpbag.eu\/?post_type=product&#038;p=51504"},"modified":"2025-11-17T00:55:43","modified_gmt":"2025-11-16T23:55:43","slug":"checklists","status":"publish","type":"product","link":"https:\/\/helpbag.eu\/pt\/shop\/products\/checklists\/","title":{"rendered":"Listas de controlo HELP BAG\u00ae (Digital)"},"content":{"rendered":"<p>As Listas de Verifica\u00e7\u00e3o Pr\u00e1ticas HELP BAG\u00ae s\u00e3o listas de verifica\u00e7\u00e3o prontas para o ajudar a preparar-se adequadamente para emerg\u00eancias e a manter-se a si, aos seus entes queridos e aos seus bens em seguran\u00e7a. Cada lista de verifica\u00e7\u00e3o foi concebida para uma \u00e1rea diferente da vida - desde a seguran\u00e7a da sua casa, aos cuidados a ter com as crian\u00e7as e animais de estima\u00e7\u00e3o, \u00e0 prepara\u00e7\u00e3o do seu carro - criando em conjunto um sistema completo de apoio em caso de emerg\u00eancia. As listas de controlo est\u00e3o em formato digital.<\/p>","protected":false},"excerpt":{"rendered":"<p>As Listas de Verifica\u00e7\u00e3o Pr\u00e1ticas HELP BAG\u00ae s\u00e3o listas de verifica\u00e7\u00e3o prontas para o ajudar a preparar-se adequadamente para emerg\u00eancias e a manter-se a si, aos seus entes queridos e aos seus bens em seguran\u00e7a. Cada lista de verifica\u00e7\u00e3o foi concebida para uma \u00e1rea diferente da vida - desde a seguran\u00e7a da sua casa, aos cuidados a ter com as crian\u00e7as e animais de estima\u00e7\u00e3o, \u00e0 prepara\u00e7\u00e3o do seu carro - criando em conjunto um sistema completo de apoio a emerg\u00eancias.<\/p>","protected":false},"featured_media":48893,"comment_status":"closed","ping_status":"closed","template":"","meta":[],"product_brand":[1239],"product_cat":[17],"product_tag":[1261],"class_list":{"0":"post-51504","1":"product","2":"type-product","3":"status-publish","4":"has-post-thumbnail","6":"product_brand-helpbag","7":"product_cat-products","8":"product_tag-checklist1","10":"first","11":"instock","12":"sale","13":"sold-individually","14":"taxable","15":"shipping-taxable","16":"purchasable","17":"product-type-variable","18":"has-default-attributes"},"gallery_images":[],"_links":{"self":[{"href":"https:\/\/helpbag.eu\/pt\/wp-json\/wp\/v2\/product\/51504","targetHints":{"allow":["GET"]}}],"collection":[{"href":"https:\/\/helpbag.eu\/pt\/wp-json\/wp\/v2\/product"}],"about":[{"href":"https:\/\/helpbag.eu\/pt\/wp-json\/wp\/v2\/types\/product"}],"replies":[{"embeddable":true,"href":"https:\/\/helpbag.eu\/pt\/wp-json\/wp\/v2\/comments?post=51504"}],"version-history":[{"count":0,"href":"https:\/\/helpbag.eu\/pt\/wp-json\/wp\/v2\/product\/51504\/revisions"}],"wp:featuredmedia":[{"embeddable":true,"href":"https:\/\/helpbag.eu\/pt\/wp-json\/wp\/v2\/media\/48893"}],"wp:attachment":[{"href":"https:\/\/helpbag.eu\/pt\/wp-json\/wp\/v2\/media?parent=51504"}],"wp:term":[{"taxonomy":"product_brand","embeddable":true,"href":"https:\/\/helpbag.eu\/pt\/wp-json\/wp\/v2\/product_brand?post=51504"},{"taxonomy":"product_cat","embeddable":true,"href":"https:\/\/helpbag.eu\/pt\/wp-json\/wp\/v2\/product_cat?post=51504"},{"taxonomy":"product_tag","embeddable":true,"href":"https:\/\/helpbag.eu\/pt\/wp-json\/wp\/v2\/product_tag?post=51504"}],"curies":[{"name":"wp","href":"https:\/\/api.w.org\/{rel}","templated":true}]}}