{"id":52024,"date":"2025-08-24T23:54:21","date_gmt":"2025-08-24T21:54:21","guid":{"rendered":"https:\/\/helpbag.eu\/?post_type=product&#038;p=52024"},"modified":"2026-03-30T21:02:58","modified_gmt":"2026-03-30T19:02:58","slug":"basic","status":"publish","type":"product","link":"https:\/\/helpbag.eu\/pt\/shop\/kits\/basic\/","title":{"rendered":"Kit de emerg\u00eancia HELP BAG\u00ae BASIC"},"content":{"rendered":"<p>O kit de emerg\u00eancia HELP BAG\u00ae BASIC inclui:<\/p>\n<ul>\n<li><strong>Mochila HELP BAG\u00ae BASIC<\/strong><\/li>\n<li><strong>M\u00f3dulo EXTRA STORAGE<\/strong><\/li>\n<li><strong>\u00c1gua 500 ml<\/strong><\/li>\n<li><strong>Pastilhas de desinfe\u00e7\u00e3o da \u00e1gua<\/strong><\/li>\n<li><strong>3 x ra\u00e7\u00e3o alimentar 200 g<\/strong><\/li>\n<li><strong>Isqueiro de plasma<\/strong><\/li>\n<li><strong>Saco-cama de emerg\u00eancia<\/strong><\/li>\n<li><strong>Aquecedores de m\u00e3os<\/strong><\/li>\n<li><strong>M\u00e1scara FFP2\/KN95<\/strong><\/li>\n<li><strong>Poncho de chuva<\/strong><\/li>\n<li><strong>Chamin\u00e9 multifuncional<\/strong><\/li>\n<li><strong>Kit de costura<\/strong><\/li>\n<li><strong>Martelo de emerg\u00eancia com tira de vidro e lanterna<\/strong><\/li>\n<li><strong>Cabo USB 3 em 1<\/strong><\/li>\n<li><strong>Estojo de primeiros socorros com acess\u00f3rios<\/strong><\/li>\n<li><strong>Bolsa de cosm\u00e9ticos com acess\u00f3rios<\/strong><\/li>\n<li><strong>Toalha de microfibra<\/strong><\/li>\n<li><strong>Pulseira multifuncional<\/strong><\/li>\n<li><strong>Trit\u00f5es \/ abra\u00e7adeiras<\/strong><\/li>\n<li><strong>Luvas de trabalho<\/strong><\/li>\n<li><strong>Lanterna de cabe\u00e7a<\/strong><\/li>\n<li><strong>Arn\u00eas refletor<\/strong><\/li>\n<li><strong>Multiferramenta<\/strong><\/li>\n<li><strong>Banco de pot\u00eancia 10000 mAh<\/strong><\/li>\n<li><strong>Bloco de notas com l\u00e1pis<\/strong><\/li>\n<li><strong>Saco de v\u00e1cuo para roupa<\/strong><\/li>\n<li><strong>Caneca de a\u00e7o com tampa<\/strong><\/li>\n<li><strong>Talheres 3 em 1<\/strong><\/li>\n<li><strong>R\u00e1dio Dynamo 5000 mAh<\/strong><\/li>\n<\/ul>","protected":false},"excerpt":{"rendered":"<p>Apag\u00e3o, inunda\u00e7\u00e3o, evacua\u00e7\u00e3o, o Help Bag Basic \u00e9 um kit de emerg\u00eancia b\u00e1sico que fornece luz, calor, \u00e1gua e seguran\u00e7a em qualquer situa\u00e7\u00e3o. Uma mochila, um m\u00f3dulo EXTRA STORAGE e o equipamento mais necess\u00e1rio. Em caso de emerg\u00eancia, estar\u00e1 preparado e ser\u00e1 autossuficiente.<\/p>","protected":false},"featured_media":52133,"comment_status":"closed","ping_status":"closed","template":"","meta":[],"product_brand":[1239],"product_cat":[81],"product_tag":[1262],"class_list":{"0":"post-52024","1":"product","2":"type-product","3":"status-publish","4":"has-post-thumbnail","6":"product_brand-helpbag","7":"product_cat-kits","8":"product_tag-basic-kit","10":"first","11":"instock","12":"sale","13":"taxable","14":"shipping-taxable","15":"purchasable","16":"product-type-simple"},"gallery_images":[],"_links":{"self":[{"href":"https:\/\/helpbag.eu\/pt\/wp-json\/wp\/v2\/product\/52024","targetHints":{"allow":["GET"]}}],"collection":[{"href":"https:\/\/helpbag.eu\/pt\/wp-json\/wp\/v2\/product"}],"about":[{"href":"https:\/\/helpbag.eu\/pt\/wp-json\/wp\/v2\/types\/product"}],"replies":[{"embeddable":true,"href":"https:\/\/helpbag.eu\/pt\/wp-json\/wp\/v2\/comments?post=52024"}],"version-history":[{"count":3,"href":"https:\/\/helpbag.eu\/pt\/wp-json\/wp\/v2\/product\/52024\/revisions"}],"predecessor-version":[{"id":68747,"href":"https:\/\/helpbag.eu\/pt\/wp-json\/wp\/v2\/product\/52024\/revisions\/68747"}],"wp:featuredmedia":[{"embeddable":true,"href":"https:\/\/helpbag.eu\/pt\/wp-json\/wp\/v2\/media\/52133"}],"wp:attachment":[{"href":"https:\/\/helpbag.eu\/pt\/wp-json\/wp\/v2\/media?parent=52024"}],"wp:term":[{"taxonomy":"product_brand","embeddable":true,"href":"https:\/\/helpbag.eu\/pt\/wp-json\/wp\/v2\/product_brand?post=52024"},{"taxonomy":"product_cat","embeddable":true,"href":"https:\/\/helpbag.eu\/pt\/wp-json\/wp\/v2\/product_cat?post=52024"},{"taxonomy":"product_tag","embeddable":true,"href":"https:\/\/helpbag.eu\/pt\/wp-json\/wp\/v2\/product_tag?post=52024"}],"curies":[{"name":"wp","href":"https:\/\/api.w.org\/{rel}","templated":true}]}}