{"id":67641,"date":"2026-02-19T11:16:18","date_gmt":"2026-02-19T10:16:18","guid":{"rendered":"https:\/\/helpbag.eu\/?post_type=product&#038;p=67641"},"modified":"2026-04-15T12:58:31","modified_gmt":"2026-04-15T10:58:31","slug":"max-empty","status":"publish","type":"product","link":"https:\/\/helpbag.eu\/pt\/shop\/kits\/max-empty\/","title":{"rendered":"Kit de emerg\u00eancia HELP BAG\u00ae MAX PRO (Vazio)"},"content":{"rendered":"","protected":false},"excerpt":{"rendered":"<p>Apag\u00e3o, inunda\u00e7\u00e3o, evacua\u00e7\u00e3o - o Help Bag Max Pro vers\u00e3o sem forro \u00e9 um kit de emerg\u00eancia vazio para criar o seu \u201cbug-out bag\u201d ideal. Uma mochila de evacua\u00e7\u00e3o espa\u00e7osa e 8 m\u00f3dulos vazios com marca\u00e7\u00f5es - uma estrutura pronta a ser personalizada de acordo com as suas necessidades. Zero caos na embalagem. Sem adivinha\u00e7\u00f5es de organiza\u00e7\u00e3o. Zero car\u00eancias no sistema. Preencha os m\u00f3dulos com o que voc\u00ea e a sua fam\u00edlia precisam. Seja autossuficiente quando surgir uma crise.<\/p>","protected":false},"featured_media":57030,"comment_status":"closed","ping_status":"closed","template":"","meta":[],"product_brand":[1239],"product_cat":[81],"product_tag":[1269],"class_list":{"0":"post-67641","1":"product","2":"type-product","3":"status-publish","4":"has-post-thumbnail","6":"product_brand-helpbag","7":"product_cat-kits","8":"product_tag-max-empty","10":"first","11":"instock","12":"sale","13":"taxable","14":"shipping-taxable","15":"purchasable","16":"product-type-simple"},"gallery_images":[51345,51346,57029,51350,51349,51348,51347,57030],"_links":{"self":[{"href":"https:\/\/helpbag.eu\/pt\/wp-json\/wp\/v2\/product\/67641","targetHints":{"allow":["GET"]}}],"collection":[{"href":"https:\/\/helpbag.eu\/pt\/wp-json\/wp\/v2\/product"}],"about":[{"href":"https:\/\/helpbag.eu\/pt\/wp-json\/wp\/v2\/types\/product"}],"replies":[{"embeddable":true,"href":"https:\/\/helpbag.eu\/pt\/wp-json\/wp\/v2\/comments?post=67641"}],"version-history":[{"count":2,"href":"https:\/\/helpbag.eu\/pt\/wp-json\/wp\/v2\/product\/67641\/revisions"}],"predecessor-version":[{"id":68819,"href":"https:\/\/helpbag.eu\/pt\/wp-json\/wp\/v2\/product\/67641\/revisions\/68819"}],"wp:featuredmedia":[{"embeddable":true,"href":"https:\/\/helpbag.eu\/pt\/wp-json\/wp\/v2\/media\/57030"}],"wp:attachment":[{"href":"https:\/\/helpbag.eu\/pt\/wp-json\/wp\/v2\/media?parent=67641"}],"wp:term":[{"taxonomy":"product_brand","embeddable":true,"href":"https:\/\/helpbag.eu\/pt\/wp-json\/wp\/v2\/product_brand?post=67641"},{"taxonomy":"product_cat","embeddable":true,"href":"https:\/\/helpbag.eu\/pt\/wp-json\/wp\/v2\/product_cat?post=67641"},{"taxonomy":"product_tag","embeddable":true,"href":"https:\/\/helpbag.eu\/pt\/wp-json\/wp\/v2\/product_tag?post=67641"}],"curies":[{"name":"wp","href":"https:\/\/api.w.org\/{rel}","templated":true}]}}