{"id":8976,"date":"2023-11-29T22:40:15","date_gmt":"2023-11-29T21:40:15","guid":{"rendered":"https:\/\/helpbag.eu\/?post_type=product&#038;p=8976"},"modified":"2026-04-15T12:58:41","modified_gmt":"2026-04-15T10:58:41","slug":"edc-outlet","status":"publish","type":"product","link":"https:\/\/helpbag.eu\/pt\/shop\/outlet\/edc-outlet\/","title":{"rendered":"M\u00f3dulo EDC HELP BAG"},"content":{"rendered":"<div data-elementor-type=\"container\" data-elementor-id=\"19554\" class=\"elementor elementor-19554\" data-elementor-post-type=\"elementor_library\">\n\t\t\t\t<div class=\"elementor-element elementor-element-876b20c pad-tb-m e-con-full e-flex e-con e-parent\" data-id=\"876b20c\" data-element_type=\"container\" data-e-type=\"container\" data-settings=\"{&quot;background_background&quot;:&quot;classic&quot;}\">\n\t\t<div class=\"elementor-element elementor-element-7f0516b e-con-full e-flex e-con e-child\" data-id=\"7f0516b\" data-element_type=\"container\" data-e-type=\"container\">\n\t\t\t\t<div class=\"elementor-element elementor-element-bcf681c elementor-widget elementor-widget-text-editor\" data-id=\"bcf681c\" data-element_type=\"widget\" data-e-type=\"widget\" data-widget_type=\"text-editor.default\">\n\t\t\t\t<div class=\"elementor-widget-container\">\n\t\t\t\t\t\t\t\t\t<span class=\"highlight-text-dark\">OUTLET - porqu\u00ea mais barato?<\/span><br>\nO saco tem um log\u00f3tipo HELP BAG\u00ae branco e a nova vers\u00e3o tem um log\u00f3tipo HELP BAG\u00ae preto.\t\t\t\t\t\t\t\t<\/div>\n\t\t\t\t<\/div>\n\t\t\t\t<\/div>\n\t\t<div class=\"elementor-element elementor-element-51f8d23 e-con-full e-flex e-con e-child\" data-id=\"51f8d23\" data-element_type=\"container\" data-e-type=\"container\">\n\t\t<div class=\"elementor-element elementor-element-f7cd64f e-con-full e-flex e-con e-child\" data-id=\"f7cd64f\" data-element_type=\"container\" data-e-type=\"container\">\n\t\t<div class=\"elementor-element elementor-element-be75e43 e-con-full e-flex e-con e-child\" data-id=\"be75e43\" data-element_type=\"container\" data-e-type=\"container\" data-settings=\"{&quot;background_background&quot;:&quot;classic&quot;}\">\n\t\t\t\t<div class=\"elementor-element elementor-element-cc6ea70 elementor-widget elementor-widget-heading\" data-id=\"cc6ea70\" data-element_type=\"widget\" data-e-type=\"widget\" data-widget_type=\"heading.default\">\n\t\t\t\t<div class=\"elementor-widget-container\">\n\t\t\t\t\t<p class=\"elementor-heading-title elementor-size-default\">M\u00f3dulo EDC (sa\u00edda)<\/p>\t\t\t\t<\/div>\n\t\t\t\t<\/div>\n\t\t\t\t<div class=\"elementor-element elementor-element-c0116d6 elementor-widget elementor-widget-text-editor\" data-id=\"c0116d6\" data-element_type=\"widget\" data-e-type=\"widget\" data-widget_type=\"text-editor.default\">\n\t\t\t\t<div class=\"elementor-widget-container\">\n\t\t\t\t\t\t\t\t\tUm m\u00f3dulo EDC adicional para guardar os seus objectos pessoais do dia a dia. Pode fix\u00e1-lo na sua mala, mochila ou cinto.\t\t\t\t\t\t\t\t<\/div>\n\t\t\t\t<\/div>\n\t\t<div class=\"elementor-element elementor-element-cfdded8 e-con-full desc-logo-box e-flex e-con e-child\" data-id=\"cfdded8\" data-element_type=\"container\" data-e-type=\"container\">\n\t\t\t\t<div class=\"elementor-element elementor-element-d31b41b elementor-widget elementor-widget-image\" data-id=\"d31b41b\" data-element_type=\"widget\" data-e-type=\"widget\" data-widget_type=\"image.default\">\n\t\t\t\t<div class=\"elementor-widget-container\">\n\t\t\t\t\t\t\t\t\t\t\t\t\t\t\t<img fetchpriority=\"high\" decoding=\"async\" width=\"1878\" height=\"490\" src=\"https:\/\/helpbag.eu\/wp-content\/uploads\/2023\/12\/Help-Bag-Select-Black.svg\" class=\"attachment-full size-full wp-image-10633\" alt=\"\" \/>\t\t\t\t\t\t\t\t\t\t\t\t\t\t\t<\/div>\n\t\t\t\t<\/div>\n\t\t\t\t<\/div>\n\t\t\t\t<\/div>\n\t\t<div class=\"elementor-element elementor-element-a84db76 e-con-full e-flex e-con e-child\" data-id=\"a84db76\" data-element_type=\"container\" data-e-type=\"container\">\n\t\t\t\t<div class=\"elementor-element elementor-element-5b5cfa4 elementor-widget elementor-widget-image\" data-id=\"5b5cfa4\" data-element_type=\"widget\" data-e-type=\"widget\" data-widget_type=\"image.default\">\n\t\t\t\t<div class=\"elementor-widget-container\">\n\t\t\t\t\t\t\t\t\t\t\t\t\t\t\t<img decoding=\"async\" width=\"2048\" height=\"2048\" src=\"https:\/\/helpbag.eu\/wp-content\/uploads\/2023\/11\/edc-black-0.webp\" class=\"attachment-full size-full wp-image-9203\" alt=\"\" srcset=\"https:\/\/helpbag.eu\/wp-content\/uploads\/2023\/11\/edc-black-0.webp 2048w, https:\/\/helpbag.eu\/wp-content\/uploads\/2023\/11\/edc-black-0-600x600.webp 600w, https:\/\/helpbag.eu\/wp-content\/uploads\/2023\/11\/edc-black-0-250x250.webp 250w, https:\/\/helpbag.eu\/wp-content\/uploads\/2023\/11\/edc-black-0-700x700.webp 700w, https:\/\/helpbag.eu\/wp-content\/uploads\/2023\/11\/edc-black-0-300x300.webp 300w, https:\/\/helpbag.eu\/wp-content\/uploads\/2023\/11\/edc-black-0-1024x1024.webp 1024w, https:\/\/helpbag.eu\/wp-content\/uploads\/2023\/11\/edc-black-0-150x150.webp 150w, https:\/\/helpbag.eu\/wp-content\/uploads\/2023\/11\/edc-black-0-768x768.webp 768w, https:\/\/helpbag.eu\/wp-content\/uploads\/2023\/11\/edc-black-0-1536x1536.webp 1536w, https:\/\/helpbag.eu\/wp-content\/uploads\/2023\/11\/edc-black-0-12x12.webp 12w\" sizes=\"(max-width: 2048px) 100vw, 2048px\" \/>\t\t\t\t\t\t\t\t\t\t\t\t\t\t\t<\/div>\n\t\t\t\t<\/div>\n\t\t\t\t<\/div>\n\t\t\t\t<\/div>\n\t\t\t\t<\/div>\n\t\t<div class=\"elementor-element elementor-element-b10eaba e-con-full e-flex e-con e-child\" data-id=\"b10eaba\" data-element_type=\"container\" data-e-type=\"container\">\n\t\t\t\t<div class=\"elementor-element elementor-element-d5710c1 elementor-widget__width-initial acrdn-active-border elementor-widget-mobile__width-inherit elementor-widget elementor-widget-n-accordion\" data-id=\"d5710c1\" data-element_type=\"widget\" data-e-type=\"widget\" data-settings=\"{&quot;default_state&quot;:&quot;all_collapsed&quot;,&quot;max_items_expended&quot;:&quot;one&quot;,&quot;n_accordion_animation_duration&quot;:{&quot;unit&quot;:&quot;ms&quot;,&quot;size&quot;:400,&quot;sizes&quot;:[]}}\" data-widget_type=\"nested-accordion.default\">\n\t\t\t\t<div class=\"elementor-widget-container\">\n\t\t\t\t\t\t\t<div class=\"e-n-accordion\" aria-label=\"Acorde\u00e3o. Abra liga\u00e7\u00f5es com Enter ou Espa\u00e7o, feche com Escape e navegue com Setas.\">\n\t\t\t\t\t\t<details id=\"e-n-accordion-item-2230\" class=\"e-n-accordion-item\" >\n\t\t\t\t<summary class=\"e-n-accordion-item-title\" data-accordion-index=\"1\" tabindex=\"0\" aria-expanded=\"false\" aria-controls=\"e-n-accordion-item-2230\" >\n\t\t\t\t\t<span class='e-n-accordion-item-title-header'><div class=\"e-n-accordion-item-title-text\"> ESPECIFICA\u00c7\u00c3O <\/div><\/span>\n\t\t\t\t\t\t\t<span class='e-n-accordion-item-title-icon'>\n\t\t\t<span class='e-opened' ><i aria-hidden=\"true\" class=\"far fa-arrow-alt-circle-up\"><\/i><\/span>\n\t\t\t<span class='e-closed'><i aria-hidden=\"true\" class=\"fas fa-plus-circle\"><\/i><\/span>\n\t\t<\/span>\n\n\t\t\t\t\t\t<\/summary>\n\t\t\t\t<div role=\"region\" aria-labelledby=\"e-n-accordion-item-2230\" class=\"elementor-element elementor-element-ab10679 e-con-full pad-s e-flex e-con e-child\" data-id=\"ab10679\" data-element_type=\"container\" data-e-type=\"container\" data-settings=\"{&quot;background_background&quot;:&quot;classic&quot;}\">\n\t\t\t\t<div class=\"elementor-element elementor-element-076658f elementor-widget-mobile__width-inherit elementor-widget elementor-widget-text-editor\" data-id=\"076658f\" data-element_type=\"widget\" data-e-type=\"widget\" data-widget_type=\"text-editor.default\">\n\t\t\t\t<div class=\"elementor-widget-container\">\n\t\t\t\t\t\t\t\t\t<p>Materiais utilizados - <strong>CORDURA\u00ae 560 dtex (100%)<\/strong><br \/>Dimens\u00f5es do m\u00f3dulo - <strong>9 x 18 x 3 cm (L\/H\/D)<\/strong><br \/>Peso do m\u00f3dulo vazio - <strong>70g<\/strong><\/p>\t\t\t\t\t\t\t\t<\/div>\n\t\t\t\t<\/div>\n\t\t\t\t<\/div>\n\t\t\t\t\t<\/details>\n\t\t\t\t\t<\/div>\n\t\t\t\t\t\t<\/div>\n\t\t\t\t<\/div>\n\t\t\t\t<\/div>\n\t\t\t\t<div class=\"elementor-element elementor-element-97d40e6 elementor-widget-divider--view-line elementor-widget elementor-widget-divider\" data-id=\"97d40e6\" data-element_type=\"widget\" data-e-type=\"widget\" data-widget_type=\"divider.default\">\n\t\t\t\t<div class=\"elementor-widget-container\">\n\t\t\t\t\t\t\t<div class=\"elementor-divider\">\n\t\t\t<span class=\"elementor-divider-separator\">\n\t\t\t\t\t\t<\/span>\n\t\t<\/div>\n\t\t\t\t\t\t<\/div>\n\t\t\t\t<\/div>\n\t\t\t\t<\/div>\n\t\t\t\t<\/div>","protected":false},"excerpt":{"rendered":"<p>Um m\u00f3dulo EDC adicional para guardar os seus objectos pessoais do dia a dia. Pode fix\u00e1-lo na sua mala ou nas suas cal\u00e7as.<\/p>","protected":false},"featured_media":9424,"comment_status":"open","ping_status":"closed","template":"","meta":[],"product_brand":[1239],"product_cat":[134],"product_tag":[],"class_list":{"0":"post-8976","1":"product","2":"type-product","3":"status-publish","4":"has-post-thumbnail","6":"product_brand-helpbag","7":"product_cat-outlet","9":"first","10":"instock","11":"sale","12":"taxable","13":"shipping-taxable","14":"purchasable","15":"product-type-variable","16":"has-default-attributes"},"gallery_images":[],"_links":{"self":[{"href":"https:\/\/helpbag.eu\/pt\/wp-json\/wp\/v2\/product\/8976","targetHints":{"allow":["GET"]}}],"collection":[{"href":"https:\/\/helpbag.eu\/pt\/wp-json\/wp\/v2\/product"}],"about":[{"href":"https:\/\/helpbag.eu\/pt\/wp-json\/wp\/v2\/types\/product"}],"replies":[{"embeddable":true,"href":"https:\/\/helpbag.eu\/pt\/wp-json\/wp\/v2\/comments?post=8976"}],"version-history":[{"count":3,"href":"https:\/\/helpbag.eu\/pt\/wp-json\/wp\/v2\/product\/8976\/revisions"}],"predecessor-version":[{"id":68080,"href":"https:\/\/helpbag.eu\/pt\/wp-json\/wp\/v2\/product\/8976\/revisions\/68080"}],"wp:featuredmedia":[{"embeddable":true,"href":"https:\/\/helpbag.eu\/pt\/wp-json\/wp\/v2\/media\/9424"}],"wp:attachment":[{"href":"https:\/\/helpbag.eu\/pt\/wp-json\/wp\/v2\/media?parent=8976"}],"wp:term":[{"taxonomy":"product_brand","embeddable":true,"href":"https:\/\/helpbag.eu\/pt\/wp-json\/wp\/v2\/product_brand?post=8976"},{"taxonomy":"product_cat","embeddable":true,"href":"https:\/\/helpbag.eu\/pt\/wp-json\/wp\/v2\/product_cat?post=8976"},{"taxonomy":"product_tag","embeddable":true,"href":"https:\/\/helpbag.eu\/pt\/wp-json\/wp\/v2\/product_tag?post=8976"}],"curies":[{"name":"wp","href":"https:\/\/api.w.org\/{rel}","templated":true}]}}