{"id":964,"date":"2021-07-04T17:52:26","date_gmt":"2021-07-04T15:52:26","guid":{"rendered":"https:\/\/www.helpbag.pl\/?page_id=964"},"modified":"2026-03-17T18:11:43","modified_gmt":"2026-03-17T17:11:43","slug":"privacy","status":"publish","type":"page","link":"https:\/\/helpbag.eu\/ru\/privacy\/","title":{"rendered":"\u041f\u043e\u043b\u0438\u0442\u0438\u043a\u0430 \u043a\u043e\u043d\u0444\u0438\u0434\u0435\u043d\u0446\u0438\u0430\u043b\u044c\u043d\u043e\u0441\u0442\u0438 \u0438 \u0438\u0441\u043f\u043e\u043b\u044c\u0437\u043e\u0432\u0430\u043d\u0438\u044f \u0444\u0430\u0439\u043b\u043e\u0432 cookie"},"content":{"rendered":"<div data-elementor-type=\"wp-page\" data-elementor-id=\"964\" class=\"elementor elementor-964\" data-elementor-post-type=\"page\">\n\t\t\t\t<div class=\"elementor-element elementor-element-a87287d e-flex e-con-boxed e-con e-parent\" data-id=\"a87287d\" data-element_type=\"container\" data-e-type=\"container\">\n\t\t\t\t\t<div class=\"e-con-inner\">\n\t\t\t\t<div class=\"elementor-element elementor-element-6569215 elementor-widget elementor-widget-text-editor\" data-id=\"6569215\" data-element_type=\"widget\" data-e-type=\"widget\" data-widget_type=\"text-editor.default\">\n\t\t\t\t<div class=\"elementor-widget-container\">\n\t\t\t\t\t\t\t\t\t<h1>\u041f\u043e\u043b\u0438\u0442\u0438\u043a\u0430 \u043a\u043e\u043d\u0444\u0438\u0434\u0435\u043d\u0446\u0438\u0430\u043b\u044c\u043d\u043e\u0441\u0442\u0438 \u0438 \u0437\u0430\u0449\u0438\u0442\u044b \u0434\u0430\u043d\u043d\u044b\u0445<\/h1>\n\n<p><strong>\u0414\u0430\u0442\u0430 \u043e\u0431\u043d\u043e\u0432\u043b\u0435\u043d\u0438\u044f: 17 \u043c\u0430\u0440\u0442\u0430 2026 \u0433\u043e\u0434\u0430.<\/strong><\/p>\n\n<p>\u041a\u043e\u043d\u0442\u0440\u043e\u043b\u0435\u0440\u043e\u043c \u043f\u0435\u0440\u0441\u043e\u043d\u0430\u043b\u044c\u043d\u044b\u0445 \u0434\u0430\u043d\u043d\u044b\u0445 \u044f\u0432\u043b\u044f\u0435\u0442\u0441\u044f <strong>HELP BAG Ltd.<\/strong>, ul. Sadowa 12, 43-100 Tychy, Poland, NIP 6462998881, REGON 523157283, KRS 0000992798, e-mail: <strong>hello@helpbag.eu<\/strong>. \u0412 \u043a\u043e\u043c\u043f\u0430\u043d\u0438\u0438 \u043d\u0435 \u043d\u0430\u0437\u043d\u0430\u0447\u0435\u043d \u0441\u043e\u0442\u0440\u0443\u0434\u043d\u0438\u043a \u043f\u043e \u0437\u0430\u0449\u0438\u0442\u0435 \u0434\u0430\u043d\u043d\u044b\u0445.<\/p>\n\n<h2>\u0426\u0435\u043b\u044c \u0438 \u043e\u0441\u043d\u043e\u0432\u0430\u043d\u0438\u0435 \u0434\u043b\u044f \u043e\u0431\u0440\u0430\u0431\u043e\u0442\u043a\u0438 \u0434\u0430\u043d\u043d\u044b\u0445<\/h2>\n<p>\u041f\u0435\u0440\u0441\u043e\u043d\u0430\u043b\u044c\u043d\u044b\u0435 \u0434\u0430\u043d\u043d\u044b\u0435 \u043e\u0431\u0440\u0430\u0431\u0430\u0442\u044b\u0432\u0430\u044e\u0442\u0441\u044f \u0434\u043b\u044f:<\/p>\n<ul>\n  <li>\u043e\u0431\u0440\u0430\u0431\u043e\u0442\u043a\u0430 \u0437\u0430\u043a\u0430\u0437\u043e\u0432,<\/li>\n  <li>\u0440\u0430\u0431\u043e\u0442\u0430 \u0441 \u0443\u0447\u0435\u0442\u043d\u044b\u043c\u0438 \u0437\u0430\u043f\u0438\u0441\u044f\u043c\u0438 \u043f\u043e\u043b\u044c\u0437\u043e\u0432\u0430\u0442\u0435\u043b\u0435\u0439,<\/li>\n  <li>\u043a\u043e\u043d\u0442\u0430\u043a\u0442 \u0441 \u043a\u043b\u0438\u0435\u043d\u0442\u043e\u043c,<\/li>\n  <li>\u043e\u0431\u0440\u0430\u0431\u043e\u0442\u043a\u0430 \u0436\u0430\u043b\u043e\u0431 \u0438 \u0432\u043e\u0437\u0432\u0440\u0430\u0442\u043e\u0432,<\/li>\n  <li>\u043c\u0430\u0440\u043a\u0435\u0442\u0438\u043d\u0433\u043e\u0432\u044b\u0435 \u0438 \u0430\u043d\u0430\u043b\u0438\u0442\u0438\u0447\u0435\u0441\u043a\u0438\u0435 \u0446\u0435\u043b\u0438.<\/li>\n<\/ul>\n\n<p>\u041f\u0440\u0430\u0432\u043e\u0432\u043e\u0435 \u043e\u0441\u043d\u043e\u0432\u0430\u043d\u0438\u0435 \u0434\u043b\u044f \u043e\u0431\u0440\u0430\u0431\u043e\u0442\u043a\u0438 \u0434\u0430\u043d\u043d\u044b\u0445:<\/p>\n<ul>\n  <li>\u0421\u0442\u0430\u0442\u044c\u044f 6(1)(b) RODO - \u0438\u0441\u043f\u043e\u043b\u043d\u0435\u043d\u0438\u0435 \u0434\u043e\u0433\u043e\u0432\u043e\u0440\u0430,<\/li>\n  <li>\u0421\u0442\u0430\u0442\u044c\u044f 6(1)(c) RODO - \u044e\u0440\u0438\u0434\u0438\u0447\u0435\u0441\u043a\u0438\u0435 \u043e\u0431\u044f\u0437\u0430\u0442\u0435\u043b\u044c\u0441\u0442\u0432\u0430 (\u0431\u0443\u0445\u0433\u0430\u043b\u0442\u0435\u0440\u0441\u043a\u0438\u0439 \u0443\u0447\u0435\u0442),<\/li>\n  <li>\u0421\u0442\u0430\u0442\u044c\u044f 6(1)(f) RODO - \u0437\u0430\u043a\u043e\u043d\u043d\u044b\u0439 \u0438\u043d\u0442\u0435\u0440\u0435\u0441 (\u043a\u043e\u043c\u043c\u0443\u043d\u0438\u043a\u0430\u0446\u0438\u044f, \u0432\u043e\u0437\u043c\u0435\u0449\u0435\u043d\u0438\u0435 \u0443\u0449\u0435\u0440\u0431\u0430, \u0437\u0430\u0449\u0438\u0442\u0430 \u043e\u0442 \u043c\u043e\u0448\u0435\u043d\u043d\u0438\u0447\u0435\u0441\u0442\u0432\u0430),<\/li>\n  <li>\u0421\u0442\u0430\u0442\u044c\u044f 6(1)(a) RODO - \u0441\u043e\u0433\u043b\u0430\u0441\u0438\u0435 (\u043c\u0430\u0440\u043a\u0435\u0442\u0438\u043d\u0433, \u0444\u0430\u0439\u043b\u044b cookie, \u0430\u043d\u0430\u043b\u0438\u0442\u0438\u0447\u0435\u0441\u043a\u0438\u0435 \u0438 \u0440\u0435\u043a\u043b\u0430\u043c\u043d\u044b\u0435 \u0438\u043d\u0441\u0442\u0440\u0443\u043c\u0435\u043d\u0442\u044b, \u0442\u0440\u0435\u0431\u0443\u044e\u0449\u0438\u0435 \u0441\u043e\u0433\u043b\u0430\u0441\u0438\u044f).<\/li>\n<\/ul>\n\n<h2>\u0421\u0444\u0435\u0440\u0430 \u043e\u0431\u0440\u0430\u0431\u043e\u0442\u043a\u0438 \u0434\u0430\u043d\u043d\u044b\u0445<\/h2>\n<ul>\n  <li>\u0438\u043c\u044f,<\/li>\n  <li>\u0430\u0434\u0440\u0435\u0441 \u044d\u043b\u0435\u043a\u0442\u0440\u043e\u043d\u043d\u043e\u0439 \u043f\u043e\u0447\u0442\u044b,<\/li>\n  <li>\u043d\u043e\u043c\u0435\u0440 \u0442\u0435\u043b\u0435\u0444\u043e\u043d\u0430,<\/li>\n  <li>\u0430\u0434\u0440\u0435\u0441 \u0434\u043e\u0441\u0442\u0430\u0432\u043a\u0438 \u0438 \u0440\u0430\u0441\u0447\u0435\u0442\u043d\u044b\u0439 \u0430\u0434\u0440\u0435\u0441,<\/li>\n  <li>\u0414\u0430\u043d\u043d\u044b\u0435 \u0441\u0447\u0435\u0442\u0430-\u0444\u0430\u043a\u0442\u0443\u0440\u044b, \u0432\u043a\u043b\u044e\u0447\u0430\u044f \u0438\u0434\u0435\u043d\u0442\u0438\u0444\u0438\u043a\u0430\u0446\u0438\u043e\u043d\u043d\u044b\u0439 \u043d\u043e\u043c\u0435\u0440 \u043d\u0430\u043b\u043e\u0433\u043e\u043f\u043b\u0430\u0442\u0435\u043b\u044c\u0449\u0438\u043a\u0430,<\/li>\n  <li>\u0438\u0441\u0442\u043e\u0440\u0438\u044f \u0437\u0430\u043a\u0430\u0437\u043e\u0432,<\/li>\n  <li>\u0442\u0435\u0445\u043d\u0438\u0447\u0435\u0441\u043a\u0438\u0435 \u0434\u0430\u043d\u043d\u044b\u0435 (IP-\u0430\u0434\u0440\u0435\u0441, \u0438\u0434\u0435\u043d\u0442\u0438\u0444\u0438\u043a\u0430\u0442\u043e\u0440\u044b cookie, \u0434\u0430\u043d\u043d\u044b\u0435 \u0431\u0440\u0430\u0443\u0437\u0435\u0440\u0430 \u0438 \u0443\u0441\u0442\u0440\u043e\u0439\u0441\u0442\u0432\u0430),<\/li>\n  <li>\u0434\u0430\u043d\u043d\u044b\u0435, \u0441\u0432\u044f\u0437\u0430\u043d\u043d\u044b\u0435 \u0441 \u043a\u043e\u043c\u043c\u0443\u043d\u0438\u043a\u0430\u0446\u0438\u0435\u0439.<\/li>\n<\/ul>\n\n<h2>\u0418\u0441\u0442\u043e\u0447\u043d\u0438\u043a\u0438 \u0434\u0430\u043d\u043d\u044b\u0445<\/h2>\n<ul>\n  <li>\u043d\u0435\u043f\u043e\u0441\u0440\u0435\u0434\u0441\u0442\u0432\u0435\u043d\u043d\u043e \u043e\u0442 \u043f\u043e\u043b\u044c\u0437\u043e\u0432\u0430\u0442\u0435\u043b\u044f (\u0444\u043e\u0440\u043c\u044b \u0437\u0430\u043a\u0430\u0437\u0430 \u0438 \u043a\u043e\u043d\u0442\u0430\u043a\u0442\u043d\u044b\u0435 \u0444\u043e\u0440\u043c\u044b),<\/li>\n  <li>\u0430\u0434\u043c\u0438\u043d\u0438\u0441\u0442\u0440\u0430\u0442\u043e\u0440 \u0441\u0438\u0441\u0442\u0435\u043c \u043f\u0440\u043e\u0434\u0430\u0436,<\/li>\n  <li>\u0442\u043e\u0440\u0433\u043e\u0432\u044b\u0435 \u043f\u043b\u043e\u0449\u0430\u0434\u043a\u0438 (\u0435\u0441\u043b\u0438 \u043f\u043e\u043a\u0443\u043f\u043a\u0430 \u0431\u044b\u043b\u0430 \u0441\u043e\u0432\u0435\u0440\u0448\u0435\u043d\u0430 \u0447\u0435\u0440\u0435\u0437 \u043d\u0438\u0445).<\/li>\n<\/ul>\n\n<h2>\u041f\u043e\u043b\u0443\u0447\u0430\u0442\u0435\u043b\u0438 \u0434\u0430\u043d\u043d\u044b\u0445<\/h2>\n<ul>\n  <li>\u043a\u0443\u0440\u044c\u0435\u0440\u0441\u043a\u0438\u0435 \u0438 \u043b\u043e\u0433\u0438\u0441\u0442\u0438\u0447\u0435\u0441\u043a\u0438\u0435 \u043a\u043e\u043c\u043f\u0430\u043d\u0438\u0438,<\/li>\n  <li>\u043f\u043b\u0430\u0442\u0435\u0436\u043d\u044b\u0435 \u043e\u043f\u0435\u0440\u0430\u0442\u043e\u0440\u044b,<\/li>\n  <li>\u0431\u0443\u0445\u0433\u0430\u043b\u0442\u0435\u0440\u0438\u044f,<\/li>\n  <li>\u043f\u043e\u0441\u0442\u0430\u0432\u0449\u0438\u043a\u0438 IT-\u0443\u0441\u043b\u0443\u0433, \u0445\u043e\u0441\u0442\u0438\u043d\u0433\u0430, \u044d\u043b\u0435\u043a\u0442\u0440\u043e\u043d\u043d\u043e\u0439 \u043f\u043e\u0447\u0442\u044b, \u0430\u043d\u0430\u043b\u0438\u0442\u0438\u043a\u0438 \u0438 \u0440\u0435\u043a\u043b\u0430\u043c\u043d\u044b\u0445 \u0438\u043d\u0441\u0442\u0440\u0443\u043c\u0435\u043d\u0442\u043e\u0432,<\/li>\n  <li>\u0442\u043e\u0440\u0433\u043e\u0432\u044b\u0435 \u043f\u043b\u043e\u0449\u0430\u0434\u043a\u0438.<\/li>\n<\/ul>\n\n<p>\u0414\u0430\u043d\u043d\u044b\u0435 \u043c\u043e\u0433\u0443\u0442 \u0431\u044b\u0442\u044c \u043f\u0435\u0440\u0435\u0434\u0430\u043d\u044b \u0437\u0430 \u043f\u0440\u0435\u0434\u0435\u043b\u044b \u0415\u0432\u0440\u043e\u043f\u0435\u0439\u0441\u043a\u043e\u0439 \u044d\u043a\u043e\u043d\u043e\u043c\u0438\u0447\u0435\u0441\u043a\u043e\u0439 \u0437\u043e\u043d\u044b, \u0432 \u0442\u043e\u043c \u0447\u0438\u0441\u043b\u0435 \u0432 \u0421\u0428\u0410, \u0441 \u0438\u0441\u043f\u043e\u043b\u044c\u0437\u043e\u0432\u0430\u043d\u0438\u0435\u043c \u0441\u043e\u043e\u0442\u0432\u0435\u0442\u0441\u0442\u0432\u0443\u044e\u0449\u0438\u0445 \u043c\u0435\u0445\u0430\u043d\u0438\u0437\u043c\u043e\u0432 \u0434\u043b\u044f \u043b\u0435\u0433\u0430\u043b\u0438\u0437\u0430\u0446\u0438\u0438 \u043f\u0435\u0440\u0435\u0434\u0430\u0447\u0438 (SCC \u0438\u043b\u0438 \u0420\u0430\u043c\u043e\u0447\u043d\u0430\u044f \u043f\u0440\u043e\u0433\u0440\u0430\u043c\u043c\u0430 \u043a\u043e\u043d\u0444\u0438\u0434\u0435\u043d\u0446\u0438\u0430\u043b\u044c\u043d\u043e\u0441\u0442\u0438 \u0434\u0430\u043d\u043d\u044b\u0445 \u043c\u0435\u0436\u0434\u0443 \u0415\u0421 \u0438 \u0421\u0428\u0410, \u0435\u0441\u043b\u0438 \u0441\u043e\u043e\u0442\u0432\u0435\u0442\u0441\u0442\u0432\u0443\u044e\u0449\u0438\u0439 \u043f\u043e\u0441\u0442\u0430\u0432\u0449\u0438\u043a \u0438\u0441\u043f\u043e\u043b\u044c\u0437\u0443\u0435\u0442 \u0435\u0435).<\/p>\n\n<h2>\u0412\u0440\u0435\u043c\u044f \u0445\u0440\u0430\u043d\u0435\u043d\u0438\u044f \u0434\u0430\u043d\u043d\u044b\u0445<\/h2>\n<ul>\n  <li>\u0434\u0430\u043d\u043d\u044b\u0435, \u0441\u0432\u044f\u0437\u0430\u043d\u043d\u044b\u0435 \u0441 \u0437\u0430\u043a\u0443\u043f\u043a\u0430\u043c\u0438 \u0438 \u0431\u0443\u0445\u0433\u0430\u043b\u0442\u0435\u0440\u0441\u043a\u043e\u0439 \u043e\u0442\u0447\u0435\u0442\u043d\u043e\u0441\u0442\u044c\u044e - \u0434\u043e 6 \u043b\u0435\u0442,<\/li>\n  <li>\u0434\u0430\u043d\u043d\u044b\u0435 \u0443\u0447\u0435\u0442\u043d\u043e\u0439 \u0437\u0430\u043f\u0438\u0441\u0438 \u043f\u043e\u043b\u044c\u0437\u043e\u0432\u0430\u0442\u0435\u043b\u044f - \u043d\u0430 \u0432\u0440\u0435\u043c\u044f \u043e\u0441\u0443\u0449\u0435\u0441\u0442\u0432\u043b\u0435\u043d\u0438\u044f \u0434\u0435\u044f\u0442\u0435\u043b\u044c\u043d\u043e\u0441\u0442\u0438 \u0438 \u043d\u0430 \u043f\u0435\u0440\u0438\u043e\u0434, \u043d\u0435\u043e\u0431\u0445\u043e\u0434\u0438\u043c\u044b\u0439 \u0434\u043b\u044f \u0443\u0440\u0435\u0433\u0443\u043b\u0438\u0440\u043e\u0432\u0430\u043d\u0438\u044f \u043f\u0440\u0435\u0442\u0435\u043d\u0437\u0438\u0439 \u043f\u043e\u0441\u043b\u0435 \u0435\u0435 \u0443\u0434\u0430\u043b\u0435\u043d\u0438\u044f,<\/li>\n  <li>\u043c\u0430\u0440\u043a\u0435\u0442\u0438\u043d\u0433\u043e\u0432\u044b\u0435 \u0434\u0430\u043d\u043d\u044b\u0435 - \u0434\u043e \u0442\u0435\u0445 \u043f\u043e\u0440, \u043f\u043e\u043a\u0430 \u0432\u044b \u043d\u0435 \u043e\u0442\u0437\u043e\u0432\u0435\u0442\u0435 \u0441\u0432\u043e\u0435 \u0441\u043e\u0433\u043b\u0430\u0441\u0438\u0435 \u0438\u043b\u0438 \u043d\u0435 \u0432\u043e\u0437\u0440\u0430\u0437\u0438\u0442\u0435,<\/li>\n  <li>\u0434\u0430\u043d\u043d\u044b\u0435, \u0441\u0432\u044f\u0437\u0430\u043d\u043d\u044b\u0435 \u0441 \u043e\u0431\u0449\u0435\u043d\u0438\u0435\u043c, - \u0432 \u0442\u0435\u0447\u0435\u043d\u0438\u0435 \u043f\u0435\u0440\u0438\u043e\u0434\u0430, \u043d\u0435\u043e\u0431\u0445\u043e\u0434\u0438\u043c\u043e\u0433\u043e \u0434\u043b\u044f \u0440\u0430\u0441\u0441\u043c\u043e\u0442\u0440\u0435\u043d\u0438\u044f \u0434\u0435\u043b\u0430 \u0438 \u043e\u0431\u0435\u0441\u043f\u0435\u0447\u0435\u043d\u0438\u044f \u043f\u0440\u0435\u0442\u0435\u043d\u0437\u0438\u0439.<\/li>\n<\/ul>\n\n<h2>\u041f\u0440\u0430\u0432\u0430 \u043f\u043e\u043b\u044c\u0437\u043e\u0432\u0430\u0442\u0435\u043b\u0435\u0439<\/h2>\n<p>\u0412\u044b \u0438\u043c\u0435\u0435\u0442\u0435 \u043f\u0440\u0430\u0432\u043e \u043d\u0430:<\/p>\n<ul>\n  <li>\u043f\u0440\u0430\u0432\u043e \u043d\u0430 \u0434\u043e\u0441\u0442\u0443\u043f \u043a \u0434\u0430\u043d\u043d\u044b\u043c,<\/li>\n  <li>\u043f\u0440\u0430\u0432\u043e \u043d\u0430 \u0440\u0435\u043a\u0442\u0438\u0444\u0438\u043a\u0430\u0446\u0438\u044e,<\/li>\n  <li>\u043f\u0440\u0430\u0432\u043e \u043d\u0430 \u0441\u0442\u0438\u0440\u0430\u043d\u0438\u0435,<\/li>\n  <li>\u043f\u0440\u0430\u0432\u043e \u043d\u0430 \u043e\u0433\u0440\u0430\u043d\u0438\u0447\u0435\u043d\u0438\u0435 \u043e\u0431\u0440\u0430\u0431\u043e\u0442\u043a\u0438,<\/li>\n  <li>\u043f\u0440\u0430\u0432\u043e \u043d\u0430 \u043f\u0435\u0440\u0435\u043d\u043e\u0441\u0438\u043c\u043e\u0441\u0442\u044c \u0434\u0430\u043d\u043d\u044b\u0445,<\/li>\n  <li>\u043f\u0440\u0430\u0432\u043e \u043d\u0430 \u0432\u043e\u0437\u0440\u0430\u0436\u0435\u043d\u0438\u0435,<\/li>\n  <li>\u041f\u0440\u0430\u0432\u043e \u043e\u0442\u043e\u0437\u0432\u0430\u0442\u044c \u0441\u043e\u0433\u043b\u0430\u0441\u0438\u0435 \u0432 \u043b\u044e\u0431\u043e\u0435 \u0432\u0440\u0435\u043c\u044f.<\/li>\n<\/ul>\n<p>\u041e\u0441\u0443\u0449\u0435\u0441\u0442\u0432\u043b\u0435\u043d\u0438\u0435 \u043f\u0440\u0430\u0432 \u0434\u043e\u043b\u0436\u043d\u043e \u043f\u0440\u043e\u0438\u0437\u043e\u0439\u0442\u0438 \u043d\u0435 \u043f\u043e\u0437\u0434\u043d\u0435\u0435 \u0447\u0435\u043c \u0447\u0435\u0440\u0435\u0437 30 \u0434\u043d\u0435\u0439 \u043f\u043e\u0441\u043b\u0435 \u043f\u043e\u043b\u0443\u0447\u0435\u043d\u0438\u044f \u0437\u0430\u043f\u0440\u043e\u0441\u0430. \u0417\u0430\u043f\u0440\u043e\u0441\u044b \u0441\u043b\u0435\u0434\u0443\u0435\u0442 \u043d\u0430\u043f\u0440\u0430\u0432\u043b\u044f\u0442\u044c \u043f\u043e \u0430\u0434\u0440\u0435\u0441\u0443: <strong>hello@helpbag.eu<\/strong>.<\/p>\n<p>\u0412\u044b \u0442\u0430\u043a\u0436\u0435 \u0438\u043c\u0435\u0435\u0442\u0435 \u043f\u0440\u0430\u0432\u043e \u043f\u043e\u0434\u0430\u0442\u044c \u0436\u0430\u043b\u043e\u0431\u0443 \u043f\u0440\u0435\u0437\u0438\u0434\u0435\u043d\u0442\u0443 \u0423\u043f\u0440\u0430\u0432\u043b\u0435\u043d\u0438\u044f \u043f\u043e \u0437\u0430\u0449\u0438\u0442\u0435 \u0434\u0430\u043d\u043d\u044b\u0445.<\/p>\n\n<h2>\u0424\u0430\u0439\u043b\u044b cookie \u0438 \u0442\u0435\u0445\u043d\u043e\u043b\u043e\u0433\u0438\u0438 \u043e\u0442\u0441\u043b\u0435\u0436\u0438\u0432\u0430\u043d\u0438\u044f<\/h2>\n<p>\u041d\u0430 \u0441\u0430\u0439\u0442\u0435 \u0438\u0441\u043f\u043e\u043b\u044c\u0437\u0443\u044e\u0442\u0441\u044f \u0444\u0430\u0439\u043b\u044b cookie \u0438 \u0430\u043d\u0430\u043b\u043e\u0433\u0438\u0447\u043d\u044b\u0435 \u0442\u0435\u0445\u043d\u043e\u043b\u043e\u0433\u0438\u0438 (\u043f\u0438\u043a\u0441\u0435\u043b\u0438, \u0442\u0435\u0433\u0438, \u043e\u043d\u043b\u0430\u0439\u043d-\u0438\u0434\u0435\u043d\u0442\u0438\u0444\u0438\u043a\u0430\u0442\u043e\u0440\u044b), \u043a\u043e\u0442\u043e\u0440\u044b\u0435 \u0441\u043e\u0445\u0440\u0430\u043d\u044f\u044e\u0442\u0441\u044f \u043d\u0430 \u0443\u0441\u0442\u0440\u043e\u0439\u0441\u0442\u0432\u0435 \u043f\u043e\u043b\u044c\u0437\u043e\u0432\u0430\u0442\u0435\u043b\u044f \u0438\u043b\u0438 \u0441\u0447\u0438\u0442\u044b\u0432\u0430\u044e\u0442\u0441\u044f \u0441 \u043d\u0435\u0433\u043e.<\/p>\n\n<h3>\u0426\u0435\u043b\u0438 \u0438\u0441\u043f\u043e\u043b\u044c\u0437\u043e\u0432\u0430\u043d\u0438\u044f \u0444\u0430\u0439\u043b\u043e\u0432 cookie:<\/h3>\n<ul>\n  <li>\u043e\u0431\u0435\u0441\u043f\u0435\u0447\u0435\u043d\u0438\u0435 \u043a\u043e\u0440\u0440\u0435\u043a\u0442\u043d\u043e\u0439 \u0440\u0430\u0431\u043e\u0442\u044b \u0441\u0430\u0439\u0442\u0430 \u0438 \u043c\u0430\u0433\u0430\u0437\u0438\u043d\u0430 (\u0432\u0435\u0434\u0435\u043d\u0438\u0435 \u0441\u0435\u0441\u0441\u0438\u0438, \u0432\u0445\u043e\u0434 \u0432 \u0441\u0438\u0441\u0442\u0435\u043c\u0443, \u043a\u043e\u0440\u0437\u0438\u043d\u0430),<\/li>\n  <li>\u0430\u043d\u0430\u043b\u0438\u0437 \u0442\u0440\u0430\u0444\u0438\u043a\u0430 \u0438 \u0441\u0442\u0430\u0442\u0438\u0441\u0442\u0438\u043a\u0438 \u0438\u0441\u043f\u043e\u043b\u044c\u0437\u043e\u0432\u0430\u043d\u0438\u044f,<\/li>\n  <li>\u043f\u0440\u043e\u0432\u0435\u0434\u0435\u043d\u0438\u0435 \u043c\u0430\u0440\u043a\u0435\u0442\u0438\u043d\u0433\u043e\u0432\u044b\u0445 \u0438 \u0440\u0435\u043c\u0430\u0440\u043a\u0435\u0442\u0438\u043d\u0433\u043e\u0432\u044b\u0445 \u043c\u0435\u0440\u043e\u043f\u0440\u0438\u044f\u0442\u0438\u0439 \u0438 \u043e\u043f\u0440\u0435\u0434\u0435\u043b\u0435\u043d\u0438\u0435 \u044d\u0444\u0444\u0435\u043a\u0442\u0438\u0432\u043d\u043e\u0441\u0442\u0438 \u0440\u0435\u043a\u043b\u0430\u043c\u044b.<\/li>\n<\/ul>\n\n<h3>\u0422\u0438\u043f\u044b \u0438\u0441\u043f\u043e\u043b\u044c\u0437\u0443\u0435\u043c\u044b\u0445 \u0444\u0430\u0439\u043b\u043e\u0432 cookie:<\/h3>\n<ul>\n  <li>\u043e\u0441\u043d\u043e\u0432\u043d\u044b\u0435 \u0444\u0430\u0439\u043b\u044b cookie,<\/li>\n  <li>\u0444\u0443\u043d\u043a\u0446\u0438\u043e\u043d\u0430\u043b\u044c\u043d\u044b\u0435 \u0444\u0430\u0439\u043b\u044b cookie,<\/li>\n  <li>\u0430\u043d\u0430\u043b\u0438\u0442\u0438\u0447\u0435\u0441\u043a\u0438\u0435 \u0444\u0430\u0439\u043b\u044b cookie,<\/li>\n  <li>\u043c\u0430\u0440\u043a\u0435\u0442\u0438\u043d\u0433\u043e\u0432\u044b\u0435 \u0444\u0430\u0439\u043b\u044b cookie.<\/li>\n<\/ul>\n\n<p>\u041f\u0440\u0430\u0432\u043e\u0432\u0430\u044f \u043e\u0441\u043d\u043e\u0432\u0430 \u0434\u043b\u044f \u0438\u0441\u043f\u043e\u043b\u044c\u0437\u043e\u0432\u0430\u043d\u0438\u044f \u0444\u0430\u0439\u043b\u043e\u0432 cookie:<\/p>\n<ul>\n  <li>\u0441\u0443\u0449\u0435\u0441\u0442\u0432\u0435\u043d\u043d\u044b\u0435 \u0444\u0430\u0439\u043b\u044b cookie - \u0437\u0430\u043a\u043e\u043d\u043d\u044b\u0439 \u0438\u043d\u0442\u0435\u0440\u0435\u0441 \u043a\u043e\u043d\u0442\u0440\u043e\u043b\u043b\u0435\u0440\u0430,<\/li>\n  <li>\u0410\u043d\u0430\u043b\u0438\u0442\u0438\u0447\u0435\u0441\u043a\u0438\u0435 \u0438 \u043c\u0430\u0440\u043a\u0435\u0442\u0438\u043d\u0433\u043e\u0432\u044b\u0435 \u0444\u0430\u0439\u043b\u044b cookie - \u0441\u043e\u0433\u043b\u0430\u0441\u0438\u0435 \u043f\u043e\u043b\u044c\u0437\u043e\u0432\u0430\u0442\u0435\u043b\u044f \u0441 \u043f\u043e\u043c\u043e\u0449\u044c\u044e \u0431\u0430\u043d\u043d\u0435\u0440\u043d\u044b\u0445 \u0444\u0430\u0439\u043b\u043e\u0432 cookie.<\/li>\n<\/ul>\n\n<p>\u041f\u043e\u043b\u044c\u0437\u043e\u0432\u0430\u0442\u0435\u043b\u044c \u043c\u043e\u0436\u0435\u0442 \u0432 \u043b\u044e\u0431\u043e\u0439 \u043c\u043e\u043c\u0435\u043d\u0442 \u0438\u0437\u043c\u0435\u043d\u0438\u0442\u044c \u0438\u043b\u0438 \u043e\u0442\u043e\u0437\u0432\u0430\u0442\u044c \u0441\u043e\u0433\u043b\u0430\u0441\u0438\u0435 \u043d\u0430 \u0430\u043d\u0430\u043b\u0438\u0442\u0438\u0447\u0435\u0441\u043a\u0438\u0435 \u0438 \u043c\u0430\u0440\u043a\u0435\u0442\u0438\u043d\u0433\u043e\u0432\u044b\u0435 \u0444\u0430\u0439\u043b\u044b cookie \u0447\u0435\u0440\u0435\u0437 \u0431\u0430\u043d\u043d\u0435\u0440 cookie \u0438\u043b\u0438 \u043d\u0430\u0441\u0442\u0440\u043e\u0439\u043a\u0438 \u0431\u0440\u0430\u0443\u0437\u0435\u0440\u0430. \u041e\u0433\u0440\u0430\u043d\u0438\u0447\u0435\u043d\u0438\u0435 cookies \u043c\u043e\u0436\u0435\u0442 \u043f\u043e\u0432\u043b\u0438\u044f\u0442\u044c \u043d\u0430 \u043d\u0435\u043a\u043e\u0442\u043e\u0440\u044b\u0435 \u0444\u0443\u043d\u043a\u0446\u0438\u043e\u043d\u0430\u043b\u044c\u043d\u044b\u0435 \u0432\u043e\u0437\u043c\u043e\u0436\u043d\u043e\u0441\u0442\u0438 \u0441\u0430\u0439\u0442\u0430.<\/p>\n\n<h2>\u0421\u0432\u044f\u0437\u0430\u0442\u044c\u0441\u044f \u0441<\/h2>\n<p>\u041f\u043e \u0432\u043e\u043f\u0440\u043e\u0441\u0430\u043c, \u0441\u0432\u044f\u0437\u0430\u043d\u043d\u044b\u043c \u0441 \u043e\u0431\u0440\u0430\u0431\u043e\u0442\u043a\u043e\u0439 \u043f\u0435\u0440\u0441\u043e\u043d\u0430\u043b\u044c\u043d\u044b\u0445 \u0434\u0430\u043d\u043d\u044b\u0445, \u043f\u043e\u0436\u0430\u043b\u0443\u0439\u0441\u0442\u0430, \u043e\u0431\u0440\u0430\u0449\u0430\u0439\u0442\u0435\u0441\u044c: <strong>hello@helpbag.eu<\/strong><\/p>\n\n<h2>\u0418\u0437\u043c\u0435\u043d\u0435\u043d\u0438\u044f \u0432 \u043f\u043e\u043b\u0438\u0442\u0438\u043a\u0435<\/h2>\n<p>\u041f\u043e\u043b\u0438\u0442\u0438\u043a\u0430 \u043c\u043e\u0436\u0435\u0442 \u0432\u0440\u0435\u043c\u044f \u043e\u0442 \u0432\u0440\u0435\u043c\u0435\u043d\u0438 \u043e\u0431\u043d\u043e\u0432\u043b\u044f\u0442\u044c\u0441\u044f. \u0422\u0435\u043a\u0443\u0449\u0430\u044f \u0432\u0435\u0440\u0441\u0438\u044f \u0432\u0441\u0435\u0433\u0434\u0430 \u043f\u0443\u0431\u043b\u0438\u043a\u0443\u0435\u0442\u0441\u044f \u043d\u0430 \u044d\u0442\u043e\u0439 \u0441\u0442\u0440\u0430\u043d\u0438\u0446\u0435.<\/p>\t\t\t\t\t\t\t\t<\/div>\n\t\t\t\t<\/div>\n\t\t\t\t\t<\/div>\n\t\t\t\t<\/div>\n\t\t\t\t<\/div>","protected":false},"excerpt":{"rendered":"<p>Polityka Prywatno\u015bci i Ochrony Danych Osobowych Data aktualizacji: 17 marca 2026 r. Administratorem danych osobowych jest HELP BAG Sp. z o.o., ul. Sadowa 12, 43-100 Tychy, Polska, NIP 6462998881, REGON 523157283, KRS 0000992798, e-mail: hello@helpbag.eu. W sp\u00f3\u0142ce nie powo\u0142ano Inspektora Ochrony Danych. Cel i podstawa przetwarzania danych Dane osobowe przetwarzane s\u0105 w celu: realizacji zam\u00f3wie\u0144, [&hellip;]<\/p>\n","protected":false},"author":253,"featured_media":0,"parent":0,"menu_order":0,"comment_status":"closed","ping_status":"closed","template":"","meta":{"footnotes":""},"class_list":["post-964","page","type-page","status-publish","hentry"],"_links":{"self":[{"href":"https:\/\/helpbag.eu\/ru\/wp-json\/wp\/v2\/pages\/964","targetHints":{"allow":["GET"]}}],"collection":[{"href":"https:\/\/helpbag.eu\/ru\/wp-json\/wp\/v2\/pages"}],"about":[{"href":"https:\/\/helpbag.eu\/ru\/wp-json\/wp\/v2\/types\/page"}],"author":[{"embeddable":true,"href":"https:\/\/helpbag.eu\/ru\/wp-json\/wp\/v2\/users\/253"}],"replies":[{"embeddable":true,"href":"https:\/\/helpbag.eu\/ru\/wp-json\/wp\/v2\/comments?post=964"}],"version-history":[{"count":3,"href":"https:\/\/helpbag.eu\/ru\/wp-json\/wp\/v2\/pages\/964\/revisions"}],"predecessor-version":[{"id":68323,"href":"https:\/\/helpbag.eu\/ru\/wp-json\/wp\/v2\/pages\/964\/revisions\/68323"}],"wp:attachment":[{"href":"https:\/\/helpbag.eu\/ru\/wp-json\/wp\/v2\/media?parent=964"}],"curies":[{"name":"wp","href":"https:\/\/api.w.org\/{rel}","templated":true}]}}