{"id":51205,"date":"2025-08-22T23:14:41","date_gmt":"2025-08-22T21:14:41","guid":{"rendered":"https:\/\/helpbag.eu\/?post_type=product&#038;p=51205"},"modified":"2026-05-07T14:12:37","modified_gmt":"2026-05-07T12:12:37","slug":"modules","status":"publish","type":"product","link":"https:\/\/helpbag.eu\/sk\/shop\/extras\/modules\/","title":{"rendered":"Moduly 4.0 (pr\u00e1zdne) HELP BAG\u00ae"},"content":{"rendered":"","protected":false},"excerpt":{"rendered":"<p>Pr\u00e1zdny modul syst\u00e9mu HELP BAG\u00ae 4.0 - kompatibiln\u00fd s ta\u0161kou a batohom HELP BAG\u00ae. Modul\u00e1rny syst\u00e9m umo\u017e\u0148uje prisp\u00f4sobi\u0165 obsah. Vyberte si typ (kuch\u00e1r a potraviny, prv\u00e1 pomoc, elektronika, n\u00e1radie) a farbu a potom ju napl\u0148te predmetmi pod\u013ea vlastn\u00e9ho v\u00fdberu.<\/p>","protected":false},"featured_media":9450,"comment_status":"closed","ping_status":"closed","template":"","meta":[],"product_brand":[1239],"product_cat":[136],"product_tag":[1259],"class_list":{"0":"post-51205","1":"product","2":"type-product","3":"status-publish","4":"has-post-thumbnail","6":"product_brand-helpbag","7":"product_cat-extras","8":"product_tag-empty-modules","10":"first","11":"instock","12":"sale","13":"taxable","14":"shipping-taxable","15":"purchasable","16":"product-type-variable","17":"has-default-attributes"},"gallery_images":[],"_links":{"self":[{"href":"https:\/\/helpbag.eu\/sk\/wp-json\/wp\/v2\/product\/51205","targetHints":{"allow":["GET"]}}],"collection":[{"href":"https:\/\/helpbag.eu\/sk\/wp-json\/wp\/v2\/product"}],"about":[{"href":"https:\/\/helpbag.eu\/sk\/wp-json\/wp\/v2\/types\/product"}],"replies":[{"embeddable":true,"href":"https:\/\/helpbag.eu\/sk\/wp-json\/wp\/v2\/comments?post=51205"}],"version-history":[{"count":1,"href":"https:\/\/helpbag.eu\/sk\/wp-json\/wp\/v2\/product\/51205\/revisions"}],"predecessor-version":[{"id":69674,"href":"https:\/\/helpbag.eu\/sk\/wp-json\/wp\/v2\/product\/51205\/revisions\/69674"}],"wp:featuredmedia":[{"embeddable":true,"href":"https:\/\/helpbag.eu\/sk\/wp-json\/wp\/v2\/media\/9450"}],"wp:attachment":[{"href":"https:\/\/helpbag.eu\/sk\/wp-json\/wp\/v2\/media?parent=51205"}],"wp:term":[{"taxonomy":"product_brand","embeddable":true,"href":"https:\/\/helpbag.eu\/sk\/wp-json\/wp\/v2\/product_brand?post=51205"},{"taxonomy":"product_cat","embeddable":true,"href":"https:\/\/helpbag.eu\/sk\/wp-json\/wp\/v2\/product_cat?post=51205"},{"taxonomy":"product_tag","embeddable":true,"href":"https:\/\/helpbag.eu\/sk\/wp-json\/wp\/v2\/product_tag?post=51205"}],"curies":[{"name":"wp","href":"https:\/\/api.w.org\/{rel}","templated":true}]}}