{"id":51504,"date":"2025-08-24T00:36:37","date_gmt":"2025-08-23T22:36:37","guid":{"rendered":"https:\/\/helpbag.eu\/?post_type=product&#038;p=51504"},"modified":"2025-11-17T00:55:43","modified_gmt":"2025-11-16T23:55:43","slug":"checklists","status":"publish","type":"product","link":"https:\/\/helpbag.eu\/sk\/shop\/products\/checklists\/","title":{"rendered":"Kontroln\u00e9 zoznamy HELP BAG\u00ae (digit\u00e1lne)"},"content":{"rendered":"<p>Praktick\u00e9 kontroln\u00e9 zoznamy HELP BAG\u00ae s\u00fa hotov\u00e9 kontroln\u00e9 zoznamy, ktor\u00e9 v\u00e1m pom\u00f4\u017eu spr\u00e1vne sa pripravi\u0165 na n\u00fadzov\u00e9 situ\u00e1cie a zabezpe\u010di\u0165 bezpe\u010dnos\u0165 seba, svojich bl\u00edzkych a svojho majetku. Ka\u017ed\u00fd kontroln\u00fd zoznam je ur\u010den\u00fd pre in\u00fa oblas\u0165 \u017eivota - od zabezpe\u010denia v\u00e1\u0161ho domova, cez starostlivos\u0165 o deti a dom\u00e1ce zvierat\u00e1 a\u017e po pr\u00edpravu v\u00e1\u0161ho auta - spolu vytv\u00e1raj\u00fa kompletn\u00fd syst\u00e9m podpory v n\u00fadzov\u00fdch situ\u00e1ci\u00e1ch. Kontroln\u00e9 zoznamy s\u00fa v digit\u00e1lnej podobe.<\/p>","protected":false},"excerpt":{"rendered":"<p>Praktick\u00e9 kontroln\u00e9 zoznamy HELP BAG\u00ae s\u00fa hotov\u00e9 kontroln\u00e9 zoznamy, ktor\u00e9 v\u00e1m pom\u00f4\u017eu spr\u00e1vne sa pripravi\u0165 na n\u00fadzov\u00e9 situ\u00e1cie a zabezpe\u010di\u0165 bezpe\u010dnos\u0165 seba, svojich bl\u00edzkych a svojho majetku. Ka\u017ed\u00fd kontroln\u00fd zoznam je ur\u010den\u00fd pre in\u00fa oblas\u0165 \u017eivota - od zabezpe\u010denia v\u00e1\u0161ho domova, cez starostlivos\u0165 o deti a dom\u00e1ce zvierat\u00e1 a\u017e po pr\u00edpravu v\u00e1\u0161ho auta - spolu vytv\u00e1raj\u00fa kompletn\u00fd syst\u00e9m podpory v n\u00fadzov\u00fdch situ\u00e1ci\u00e1ch.<\/p>","protected":false},"featured_media":48893,"comment_status":"closed","ping_status":"closed","template":"","meta":[],"product_brand":[1239],"product_cat":[17],"product_tag":[1261],"class_list":{"0":"post-51504","1":"product","2":"type-product","3":"status-publish","4":"has-post-thumbnail","6":"product_brand-helpbag","7":"product_cat-products","8":"product_tag-checklist1","10":"first","11":"instock","12":"sale","13":"sold-individually","14":"taxable","15":"shipping-taxable","16":"purchasable","17":"product-type-variable","18":"has-default-attributes"},"gallery_images":[],"_links":{"self":[{"href":"https:\/\/helpbag.eu\/sk\/wp-json\/wp\/v2\/product\/51504","targetHints":{"allow":["GET"]}}],"collection":[{"href":"https:\/\/helpbag.eu\/sk\/wp-json\/wp\/v2\/product"}],"about":[{"href":"https:\/\/helpbag.eu\/sk\/wp-json\/wp\/v2\/types\/product"}],"replies":[{"embeddable":true,"href":"https:\/\/helpbag.eu\/sk\/wp-json\/wp\/v2\/comments?post=51504"}],"version-history":[{"count":0,"href":"https:\/\/helpbag.eu\/sk\/wp-json\/wp\/v2\/product\/51504\/revisions"}],"wp:featuredmedia":[{"embeddable":true,"href":"https:\/\/helpbag.eu\/sk\/wp-json\/wp\/v2\/media\/48893"}],"wp:attachment":[{"href":"https:\/\/helpbag.eu\/sk\/wp-json\/wp\/v2\/media?parent=51504"}],"wp:term":[{"taxonomy":"product_brand","embeddable":true,"href":"https:\/\/helpbag.eu\/sk\/wp-json\/wp\/v2\/product_brand?post=51504"},{"taxonomy":"product_cat","embeddable":true,"href":"https:\/\/helpbag.eu\/sk\/wp-json\/wp\/v2\/product_cat?post=51504"},{"taxonomy":"product_tag","embeddable":true,"href":"https:\/\/helpbag.eu\/sk\/wp-json\/wp\/v2\/product_tag?post=51504"}],"curies":[{"name":"wp","href":"https:\/\/api.w.org\/{rel}","templated":true}]}}