{"id":52024,"date":"2025-08-24T23:54:21","date_gmt":"2025-08-24T21:54:21","guid":{"rendered":"https:\/\/helpbag.eu\/?post_type=product&#038;p=52024"},"modified":"2026-05-08T10:28:10","modified_gmt":"2026-05-08T08:28:10","slug":"basic","status":"publish","type":"product","link":"https:\/\/helpbag.eu\/sk\/shop\/kits\/basic\/","title":{"rendered":"N\u00fadzov\u00e1 s\u00faprava HELP BAG\u00ae BASIC"},"content":{"rendered":"<p>N\u00fadzov\u00e1 s\u00faprava HELP BAG\u00ae BASIC obsahuje:<\/p>\n<ul>\n<li><strong>Batoh HELP BAG\u00ae BASIC<\/strong><\/li>\n<li><strong>Modul EXTRA STORAGE<\/strong><\/li>\n<li><strong>Voda 500 ml<\/strong><\/li>\n<li><strong>Tablety na dezinfekciu vody<\/strong><\/li>\n<li><strong>3 x k\u0155mna d\u00e1vka 200 g<\/strong><\/li>\n<li><strong>Plazmov\u00fd zapa\u013eova\u010d<\/strong><\/li>\n<li><strong>N\u00fadzov\u00fd spac\u00ed vak<\/strong><\/li>\n<li><strong>Ohrieva\u010de r\u00fak<\/strong><\/li>\n<li><strong>Maska FFP2\/KN95<\/strong><\/li>\n<li><strong>Pl\u00e1\u0161tenka do da\u017e\u010fa<\/strong><\/li>\n<li><strong>Multifunk\u010dn\u00fd kom\u00edn<\/strong><\/li>\n<li><strong>S\u00faprava na \u0161itie<\/strong><\/li>\n<li><strong>N\u00fadzov\u00e9 kladivo so sklenen\u00fdm driftom a hor\u00e1kom<\/strong><\/li>\n<li><strong>K\u00e1bel USB 3 v 1<\/strong><\/li>\n<li><strong>S\u00faprava prvej pomoci s pr\u00edslu\u0161enstvom<\/strong><\/li>\n<li><strong>Kozmetick\u00e1 ta\u0161ka s pr\u00edslu\u0161enstvom<\/strong><\/li>\n<li><strong>Uter\u00e1k z mikrovl\u00e1kna<\/strong><\/li>\n<li><strong>Multifunk\u010dn\u00fd n\u00e1ramok<\/strong><\/li>\n<li><strong>Trit\u00f3ny \/ k\u00e1blov\u00e9 p\u00e1sky<\/strong><\/li>\n<li><strong>Pracovn\u00e9 rukavice<\/strong><\/li>\n<li><strong>Hlavov\u00e1 baterka<\/strong><\/li>\n<li><strong>Reflexn\u00fd postroj<\/strong><\/li>\n<li><strong>Multitool<\/strong><\/li>\n<li><strong>Powerbank 10000 mAh<\/strong><\/li>\n<li><strong>Pozn\u00e1mkov\u00fd blok s ceruzkou<\/strong><\/li>\n<li><strong>V\u00e1kuov\u00e9 vrecko na oble\u010denie<\/strong><\/li>\n<li><strong>Oce\u013eov\u00fd hrn\u010dek s vie\u010dkom<\/strong><\/li>\n<li><strong>Pr\u00edbor 3v1<\/strong><\/li>\n<li><strong>Dynamo r\u00e1dio 5000 mAh<\/strong><\/li>\n<\/ul>","protected":false},"excerpt":{"rendered":"<p>V\u00fdpadok pr\u00fadu, z\u00e1plavy, evaku\u00e1cia, Help Bag Basic je z\u00e1kladn\u00e1 n\u00fadzov\u00e1 s\u00faprava, ktor\u00e1 poskytuje svetlo, teplo, vodu a bezpe\u010dnos\u0165 v ka\u017edej situ\u00e1cii. Batoh, modul EXTRA SKLAD a najnutnej\u0161ie vybavenie. V pr\u00edpade n\u00fadze budete pripraven\u00ed a sebesta\u010dn\u00ed.<\/p>","protected":false},"featured_media":52133,"comment_status":"closed","ping_status":"closed","template":"","meta":[],"product_brand":[1239],"product_cat":[81],"product_tag":[1262],"class_list":{"0":"post-52024","1":"product","2":"type-product","3":"status-publish","4":"has-post-thumbnail","6":"product_brand-helpbag","7":"product_cat-kits","8":"product_tag-basic-kit","10":"first","11":"instock","12":"sale","13":"taxable","14":"shipping-taxable","15":"purchasable","16":"product-type-simple"},"gallery_images":[],"_links":{"self":[{"href":"https:\/\/helpbag.eu\/sk\/wp-json\/wp\/v2\/product\/52024","targetHints":{"allow":["GET"]}}],"collection":[{"href":"https:\/\/helpbag.eu\/sk\/wp-json\/wp\/v2\/product"}],"about":[{"href":"https:\/\/helpbag.eu\/sk\/wp-json\/wp\/v2\/types\/product"}],"replies":[{"embeddable":true,"href":"https:\/\/helpbag.eu\/sk\/wp-json\/wp\/v2\/comments?post=52024"}],"version-history":[{"count":3,"href":"https:\/\/helpbag.eu\/sk\/wp-json\/wp\/v2\/product\/52024\/revisions"}],"predecessor-version":[{"id":68747,"href":"https:\/\/helpbag.eu\/sk\/wp-json\/wp\/v2\/product\/52024\/revisions\/68747"}],"wp:featuredmedia":[{"embeddable":true,"href":"https:\/\/helpbag.eu\/sk\/wp-json\/wp\/v2\/media\/52133"}],"wp:attachment":[{"href":"https:\/\/helpbag.eu\/sk\/wp-json\/wp\/v2\/media?parent=52024"}],"wp:term":[{"taxonomy":"product_brand","embeddable":true,"href":"https:\/\/helpbag.eu\/sk\/wp-json\/wp\/v2\/product_brand?post=52024"},{"taxonomy":"product_cat","embeddable":true,"href":"https:\/\/helpbag.eu\/sk\/wp-json\/wp\/v2\/product_cat?post=52024"},{"taxonomy":"product_tag","embeddable":true,"href":"https:\/\/helpbag.eu\/sk\/wp-json\/wp\/v2\/product_tag?post=52024"}],"curies":[{"name":"wp","href":"https:\/\/api.w.org\/{rel}","templated":true}]}}