{"id":67641,"date":"2026-02-19T11:16:18","date_gmt":"2026-02-19T10:16:18","guid":{"rendered":"https:\/\/helpbag.eu\/?post_type=product&#038;p=67641"},"modified":"2026-04-20T01:55:11","modified_gmt":"2026-04-19T23:55:11","slug":"max-empty","status":"publish","type":"product","link":"https:\/\/helpbag.eu\/sk\/shop\/kits\/max-empty\/","title":{"rendered":"N\u00fadzov\u00e1 s\u00faprava HELP BAG\u00ae MAX PRO (pr\u00e1zdna)"},"content":{"rendered":"","protected":false},"excerpt":{"rendered":"<p>V\u00fdpadok pr\u00fadu, povode\u0148, evaku\u00e1cia - verzia Help Bag Max Pro bez pod\u0161\u00edvky je pr\u00e1zdna n\u00fadzov\u00e1 s\u00faprava na vytvorenie ide\u00e1lnej \u201cbug-out bag\u201d. Priestrann\u00fd evakua\u010dn\u00fd batoh a 8 pr\u00e1zdnych modulov s ozna\u010den\u00edm - hotov\u00e1 \u0161trukt\u00fara, ktor\u00fa si m\u00f4\u017eete prisp\u00f4sobi\u0165 svojim potreb\u00e1m. Nulov\u00fd chaos pri balen\u00ed. Nulov\u00e9 dohady o organiz\u00e1cii. Nulov\u00fd nedostatok v syst\u00e9me. Napl\u0148te moduly t\u00fdm, \u010do vy a va\u0161a rodina potrebujete. Bu\u010fte sebesta\u010dn\u00ed, ke\u010f nastane kr\u00edza.<\/p>","protected":false},"featured_media":57030,"comment_status":"closed","ping_status":"closed","template":"","meta":[],"product_brand":[1239],"product_cat":[81],"product_tag":[1269],"class_list":{"0":"post-67641","1":"product","2":"type-product","3":"status-publish","4":"has-post-thumbnail","6":"product_brand-helpbag","7":"product_cat-kits","8":"product_tag-max-empty","10":"first","11":"instock","12":"sale","13":"taxable","14":"shipping-taxable","15":"purchasable","16":"product-type-simple"},"gallery_images":[51345,51346,57029,51350,51349,51348,51347,57030],"_links":{"self":[{"href":"https:\/\/helpbag.eu\/sk\/wp-json\/wp\/v2\/product\/67641","targetHints":{"allow":["GET"]}}],"collection":[{"href":"https:\/\/helpbag.eu\/sk\/wp-json\/wp\/v2\/product"}],"about":[{"href":"https:\/\/helpbag.eu\/sk\/wp-json\/wp\/v2\/types\/product"}],"replies":[{"embeddable":true,"href":"https:\/\/helpbag.eu\/sk\/wp-json\/wp\/v2\/comments?post=67641"}],"version-history":[{"count":2,"href":"https:\/\/helpbag.eu\/sk\/wp-json\/wp\/v2\/product\/67641\/revisions"}],"predecessor-version":[{"id":68819,"href":"https:\/\/helpbag.eu\/sk\/wp-json\/wp\/v2\/product\/67641\/revisions\/68819"}],"wp:featuredmedia":[{"embeddable":true,"href":"https:\/\/helpbag.eu\/sk\/wp-json\/wp\/v2\/media\/57030"}],"wp:attachment":[{"href":"https:\/\/helpbag.eu\/sk\/wp-json\/wp\/v2\/media?parent=67641"}],"wp:term":[{"taxonomy":"product_brand","embeddable":true,"href":"https:\/\/helpbag.eu\/sk\/wp-json\/wp\/v2\/product_brand?post=67641"},{"taxonomy":"product_cat","embeddable":true,"href":"https:\/\/helpbag.eu\/sk\/wp-json\/wp\/v2\/product_cat?post=67641"},{"taxonomy":"product_tag","embeddable":true,"href":"https:\/\/helpbag.eu\/sk\/wp-json\/wp\/v2\/product_tag?post=67641"}],"curies":[{"name":"wp","href":"https:\/\/api.w.org\/{rel}","templated":true}]}}