{"id":8960,"date":"2023-11-29T20:35:44","date_gmt":"2023-11-29T19:35:44","guid":{"rendered":"https:\/\/helpbag.eu\/?post_type=product&#038;p=8960"},"modified":"2026-04-20T03:09:37","modified_gmt":"2026-04-20T01:09:37","slug":"tourniquet","status":"publish","type":"product","link":"https:\/\/helpbag.eu\/sk\/shop\/equipment\/tourniquet\/","title":{"rendered":"\u0160krtidlo HELP BAG\u00ae"},"content":{"rendered":"<div data-elementor-type=\"container\" data-elementor-id=\"19568\" class=\"elementor elementor-19568\" data-elementor-post-type=\"elementor_library\">\n\t\t\t\t<div class=\"elementor-element elementor-element-876b20c pad-tb-m e-con-full e-flex e-con e-parent\" data-id=\"876b20c\" data-element_type=\"container\" data-e-type=\"container\" data-settings=\"{&quot;background_background&quot;:&quot;classic&quot;}\">\n\t\t<div class=\"elementor-element elementor-element-638a610 e-con-full e-flex e-con e-child\" data-id=\"638a610\" data-element_type=\"container\" data-e-type=\"container\">\n\t\t<div class=\"elementor-element elementor-element-24ce41a e-con-full e-flex e-con e-child\" data-id=\"24ce41a\" data-element_type=\"container\" data-e-type=\"container\">\n\t\t<div class=\"elementor-element elementor-element-dc59993 e-con-full e-flex e-con e-child\" data-id=\"dc59993\" data-element_type=\"container\" data-e-type=\"container\" data-settings=\"{&quot;background_background&quot;:&quot;classic&quot;}\">\n\t\t\t\t<div class=\"elementor-element elementor-element-0b64eed elementor-widget elementor-widget-heading\" data-id=\"0b64eed\" data-element_type=\"widget\" data-e-type=\"widget\" data-widget_type=\"heading.default\">\n\t\t\t\t<div class=\"elementor-widget-container\">\n\t\t\t\t\t<p class=\"elementor-heading-title elementor-size-default\">Turniket<\/p>\t\t\t\t<\/div>\n\t\t\t\t<\/div>\n\t\t\t\t<div class=\"elementor-element elementor-element-d7ad10a elementor-widget elementor-widget-text-editor\" data-id=\"d7ad10a\" data-element_type=\"widget\" data-e-type=\"widget\" data-widget_type=\"text-editor.default\">\n\t\t\t\t<div class=\"elementor-widget-container\">\n\t\t\t\t\t\t\t\t\t\u0160krtidlo, zn\u00e1me aj ako taktick\u00e1 st\u00e1za, sa pou\u017e\u00edva na zastavenie ve\u013emi siln\u00e9ho krv\u00e1cania pri poranen\u00ed kon\u010datiny. Pou\u017e\u00edva sa v situ\u00e1ci\u00e1ch, ke\u010f s\u00fa \u0161tandardn\u00e9 met\u00f3dy zastavenia krv\u00e1cania, ako napr\u00edklad priamy tlak na ranu, ne\u00fa\u010dinn\u00e9.\t\t\t\t\t\t\t\t<\/div>\n\t\t\t\t<\/div>\n\t\t<div class=\"elementor-element elementor-element-d29b988 e-con-full desc-logo-box e-flex e-con e-child\" data-id=\"d29b988\" data-element_type=\"container\" data-e-type=\"container\">\n\t\t\t\t<div class=\"elementor-element elementor-element-86e63d4 elementor-widget elementor-widget-image\" data-id=\"86e63d4\" data-element_type=\"widget\" data-e-type=\"widget\" data-widget_type=\"image.default\">\n\t\t\t\t<div class=\"elementor-widget-container\">\n\t\t\t\t\t\t\t\t\t\t\t\t\t\t\t<img fetchpriority=\"high\" decoding=\"async\" width=\"1878\" height=\"490\" src=\"https:\/\/helpbag.eu\/wp-content\/uploads\/2023\/12\/Help-Bag-Select-Black.svg\" class=\"attachment-full size-full wp-image-10633\" alt=\"\" \/>\t\t\t\t\t\t\t\t\t\t\t\t\t\t\t<\/div>\n\t\t\t\t<\/div>\n\t\t\t\t<div class=\"elementor-element elementor-element-1c8618a elementor-widget elementor-widget-image\" data-id=\"1c8618a\" data-element_type=\"widget\" data-e-type=\"widget\" data-widget_type=\"image.default\">\n\t\t\t\t<div class=\"elementor-widget-container\">\n\t\t\t\t\t\t\t\t\t\t\t\t\t\t\t<img decoding=\"async\" src=\"https:\/\/helpbag.eu\/wp-content\/uploads\/2024\/01\/tuv-sud-1.svg\" class=\"attachment-full size-full wp-image-19332\" alt=\"\" \/>\t\t\t\t\t\t\t\t\t\t\t\t\t\t\t<\/div>\n\t\t\t\t<\/div>\n\t\t\t\t<\/div>\n\t\t\t\t<\/div>\n\t\t<div class=\"elementor-element elementor-element-d73ee3e e-con-full e-flex e-con e-child\" data-id=\"d73ee3e\" data-element_type=\"container\" data-e-type=\"container\">\n\t\t\t\t<div class=\"elementor-element elementor-element-bf3fbb3 elementor-widget elementor-widget-image\" data-id=\"bf3fbb3\" data-element_type=\"widget\" data-e-type=\"widget\" data-widget_type=\"image.default\">\n\t\t\t\t<div class=\"elementor-widget-container\">\n\t\t\t\t\t\t\t\t\t\t\t\t\t\t\t<img decoding=\"async\" width=\"2048\" height=\"2048\" src=\"https:\/\/helpbag.eu\/wp-content\/uploads\/2023\/11\/staza.jpg\" class=\"attachment-full size-full wp-image-8963\" alt=\"\" srcset=\"https:\/\/helpbag.eu\/wp-content\/uploads\/2023\/11\/staza.jpg 2048w, https:\/\/helpbag.eu\/wp-content\/uploads\/2023\/11\/staza-600x600.jpg 600w, https:\/\/helpbag.eu\/wp-content\/uploads\/2023\/11\/staza-250x250.jpg 250w, https:\/\/helpbag.eu\/wp-content\/uploads\/2023\/11\/staza-700x700.jpg 700w, https:\/\/helpbag.eu\/wp-content\/uploads\/2023\/11\/staza-300x300.jpg 300w, https:\/\/helpbag.eu\/wp-content\/uploads\/2023\/11\/staza-1024x1024.jpg 1024w, https:\/\/helpbag.eu\/wp-content\/uploads\/2023\/11\/staza-150x150.jpg 150w, https:\/\/helpbag.eu\/wp-content\/uploads\/2023\/11\/staza-768x768.jpg 768w, https:\/\/helpbag.eu\/wp-content\/uploads\/2023\/11\/staza-1536x1536.jpg 1536w, https:\/\/helpbag.eu\/wp-content\/uploads\/2023\/11\/staza-12x12.jpg 12w\" sizes=\"(max-width: 2048px) 100vw, 2048px\" \/>\t\t\t\t\t\t\t\t\t\t\t\t\t\t\t<\/div>\n\t\t\t\t<\/div>\n\t\t\t\t<\/div>\n\t\t\t\t<\/div>\n\t\t\t\t<\/div>\n\t\t<div class=\"elementor-element elementor-element-3508251 e-con-full e-flex e-con e-child\" data-id=\"3508251\" data-element_type=\"container\" data-e-type=\"container\">\n\t\t<div class=\"elementor-element elementor-element-d58154a e-flex e-con-boxed e-con e-child\" data-id=\"d58154a\" data-element_type=\"container\" data-e-type=\"container\">\n\t\t\t\t\t<div class=\"e-con-inner\">\n\t\t\t\t<div class=\"elementor-element elementor-element-bf20003 elementor-widget elementor-widget-heading\" data-id=\"bf20003\" data-element_type=\"widget\" data-e-type=\"widget\" data-widget_type=\"heading.default\">\n\t\t\t\t<div class=\"elementor-widget-container\">\n\t\t\t\t\t<p class=\"elementor-heading-title elementor-size-default\">Funkcie<\/p>\t\t\t\t<\/div>\n\t\t\t\t<\/div>\n\t\t\t\t<div class=\"elementor-element elementor-element-30cf6ab elementor-widget elementor-widget-heading\" data-id=\"30cf6ab\" data-element_type=\"widget\" data-e-type=\"widget\" data-widget_type=\"heading.default\">\n\t\t\t\t<div class=\"elementor-widget-container\">\n\t\t\t\t\t<p class=\"elementor-heading-title elementor-size-default\">Podrobnosti.<\/p>\t\t\t\t<\/div>\n\t\t\t\t<\/div>\n\t\t\t\t\t<\/div>\n\t\t\t\t<\/div>\n\t\t<div class=\"elementor-element elementor-element-0a8467f e-con-full e-flex e-con e-child\" data-id=\"0a8467f\" data-element_type=\"container\" data-e-type=\"container\">\n\t\t<div class=\"elementor-element elementor-element-b5fb798 e-con-full e-flex e-con e-child\" data-id=\"b5fb798\" data-element_type=\"container\" data-e-type=\"container\" data-settings=\"{&quot;background_background&quot;:&quot;classic&quot;}\">\n\t\t\t\t<div class=\"elementor-element elementor-element-603bd05 elementor-align-start elementor-icon-list--layout-traditional elementor-list-item-link-full_width elementor-widget elementor-widget-icon-list\" data-id=\"603bd05\" data-element_type=\"widget\" data-e-type=\"widget\" data-widget_type=\"icon-list.default\">\n\t\t\t\t<div class=\"elementor-widget-container\">\n\t\t\t\t\t\t\t<ul class=\"elementor-icon-list-items\">\n\t\t\t\t\t\t\t<li class=\"elementor-icon-list-item\">\n\t\t\t\t\t\t\t\t\t\t\t<span class=\"elementor-icon-list-icon\">\n\t\t\t\t\t\t\t<i aria-hidden=\"true\" class=\"fas fa-chevron-circle-right\"><\/i>\t\t\t\t\t\t<\/span>\n\t\t\t\t\t\t\t\t\t\t<span class=\"elementor-icon-list-text\">\u0160krtidlo, zn\u00e1me aj ako taktick\u00e1 st\u00e1za, sa pou\u017e\u00edva na zastavenie ve\u013emi siln\u00e9ho krv\u00e1cania pri poranen\u00ed kon\u010datiny.<\/span>\n\t\t\t\t\t\t\t\t\t<\/li>\n\t\t\t\t\t\t<\/ul>\n\t\t\t\t\t\t<\/div>\n\t\t\t\t<\/div>\n\t\t\t\t<div class=\"elementor-element elementor-element-06e78d7 elementor-align-start elementor-icon-list--layout-traditional elementor-list-item-link-full_width elementor-widget elementor-widget-icon-list\" data-id=\"06e78d7\" data-element_type=\"widget\" data-e-type=\"widget\" data-widget_type=\"icon-list.default\">\n\t\t\t\t<div class=\"elementor-widget-container\">\n\t\t\t\t\t\t\t<ul class=\"elementor-icon-list-items\">\n\t\t\t\t\t\t\t<li class=\"elementor-icon-list-item\">\n\t\t\t\t\t\t\t\t\t\t\t<span class=\"elementor-icon-list-icon\">\n\t\t\t\t\t\t\t<i aria-hidden=\"true\" class=\"fas fa-chevron-circle-right\"><\/i>\t\t\t\t\t\t<\/span>\n\t\t\t\t\t\t\t\t\t\t<span class=\"elementor-icon-list-text\">Pou\u017e\u00edva sa vtedy, ke\u010f s\u00fa \u0161tandardn\u00e9 met\u00f3dy zastavenia krv\u00e1cania, ako napr\u00edklad priamy tlak na ranu, ne\u00fa\u010dinn\u00e9.<\/span>\n\t\t\t\t\t\t\t\t\t<\/li>\n\t\t\t\t\t\t<\/ul>\n\t\t\t\t\t\t<\/div>\n\t\t\t\t<\/div>\n\t\t\t\t<div class=\"elementor-element elementor-element-3d8635e elementor-align-start elementor-icon-list--layout-traditional elementor-list-item-link-full_width elementor-widget elementor-widget-icon-list\" data-id=\"3d8635e\" data-element_type=\"widget\" data-e-type=\"widget\" data-widget_type=\"icon-list.default\">\n\t\t\t\t<div class=\"elementor-widget-container\">\n\t\t\t\t\t\t\t<ul class=\"elementor-icon-list-items\">\n\t\t\t\t\t\t\t<li class=\"elementor-icon-list-item\">\n\t\t\t\t\t\t\t\t\t\t\t<span class=\"elementor-icon-list-icon\">\n\t\t\t\t\t\t\t<i aria-hidden=\"true\" class=\"fas fa-chevron-circle-right\"><\/i>\t\t\t\t\t\t<\/span>\n\t\t\t\t\t\t\t\t\t\t<span class=\"elementor-icon-list-text\"><span class=\"highlight-text-dark\">Pokyny:<\/span><br>1. Na krv\u00e1caj\u00face miesto prilo\u017ete \u0161krtidlo a poranen\u00fa kon\u010datinu prestr\u010dte cez slu\u010dku \u0161krtidla.<br>2. pevne zatiahnite za popruh a upevnite ho. P\u00e1sku obvia\u017ete okolo kon\u010datiny a ot\u00e1\u010dajte \u0148ou, k\u00fdm sa krv\u00e1canie nezastav\u00ed.<br>3. vlo\u017ete ty\u010d do svorky a zaistite ju na mieste.<br>4 Skontrolujte stav rany a ak e\u0161te st\u00e1le mas\u00edvne krv\u00e1ca, prilo\u017ete \u010fal\u0161ie \u0161krtidlo.<br>5. Upevnite ty\u010d a obv\u00e4z pomocou p\u00e1sky a zaznamenajte \u010das, kedy je staza umiestnen\u00e1 na rane.<\/span>\n\t\t\t\t\t\t\t\t\t<\/li>\n\t\t\t\t\t\t<\/ul>\n\t\t\t\t\t\t<\/div>\n\t\t\t\t<\/div>\n\t\t\t\t<\/div>\n\t\t<div class=\"elementor-element elementor-element-a75fa48 e-con-full e-flex e-con e-child\" data-id=\"a75fa48\" data-element_type=\"container\" data-e-type=\"container\" data-settings=\"{&quot;background_background&quot;:&quot;classic&quot;}\">\n\t\t\t\t<\/div>\n\t\t\t\t<\/div>\n\t\t\t\t<\/div>\n\t\t<div class=\"elementor-element elementor-element-8148180 e-con-full e-flex e-con e-child\" data-id=\"8148180\" data-element_type=\"container\" data-e-type=\"container\">\n\t\t\t\t<div class=\"elementor-element elementor-element-b8525ed elementor-widget__width-initial acrdn-active-border elementor-widget-mobile__width-inherit elementor-widget elementor-widget-n-accordion\" data-id=\"b8525ed\" data-element_type=\"widget\" data-e-type=\"widget\" data-settings=\"{&quot;default_state&quot;:&quot;all_collapsed&quot;,&quot;max_items_expended&quot;:&quot;one&quot;,&quot;n_accordion_animation_duration&quot;:{&quot;unit&quot;:&quot;ms&quot;,&quot;size&quot;:400,&quot;sizes&quot;:[]}}\" data-widget_type=\"nested-accordion.default\">\n\t\t\t\t<div class=\"elementor-widget-container\">\n\t\t\t\t\t\t\t<div class=\"e-n-accordion\" aria-label=\"Akorde\u00f3n. Odkazy otv\u00e1rajte kl\u00e1vesom Enter alebo Medzera, zatv\u00e1rajte kl\u00e1vesom Escape a navigujte pomocou \u0161\u00edpok.\">\n\t\t\t\t\t\t<details id=\"e-n-accordion-item-1930\" class=\"e-n-accordion-item\" >\n\t\t\t\t<summary class=\"e-n-accordion-item-title\" data-accordion-index=\"1\" tabindex=\"0\" aria-expanded=\"false\" aria-controls=\"e-n-accordion-item-1930\" >\n\t\t\t\t\t<span class='e-n-accordion-item-title-header'><div class=\"e-n-accordion-item-title-text\"> \u0160PECIFIK\u00c1CIA <\/div><\/span>\n\t\t\t\t\t\t\t<span class='e-n-accordion-item-title-icon'>\n\t\t\t<span class='e-opened' ><i aria-hidden=\"true\" class=\"far fa-arrow-alt-circle-up\"><\/i><\/span>\n\t\t\t<span class='e-closed'><i aria-hidden=\"true\" class=\"fas fa-plus-circle\"><\/i><\/span>\n\t\t<\/span>\n\n\t\t\t\t\t\t<\/summary>\n\t\t\t\t<div role=\"region\" aria-labelledby=\"e-n-accordion-item-1930\" class=\"elementor-element elementor-element-c2bba45 e-con-full pad-s e-flex e-con e-child\" data-id=\"c2bba45\" data-element_type=\"container\" data-e-type=\"container\" data-settings=\"{&quot;background_background&quot;:&quot;classic&quot;}\">\n\t\t\t\t<div class=\"elementor-element elementor-element-0a95fe8 elementor-widget-mobile__width-inherit elementor-widget elementor-widget-text-editor\" data-id=\"0a95fe8\" data-element_type=\"widget\" data-e-type=\"widget\" data-widget_type=\"text-editor.default\">\n\t\t\t\t<div class=\"elementor-widget-container\">\n\t\t\t\t\t\t\t\t\t<p>M\u00e1 <strong>Certifik\u00e1t TUV<\/strong>.<br \/>Vyroben\u00e9 z nylonu a kovu.<br \/>Ur\u010den\u00e9 na zastavenie siln\u00e9ho krv\u00e1cania.<\/p>\t\t\t\t\t\t\t\t<\/div>\n\t\t\t\t<\/div>\n\t\t\t\t<\/div>\n\t\t\t\t\t<\/details>\n\t\t\t\t\t<\/div>\n\t\t\t\t\t\t<\/div>\n\t\t\t\t<\/div>\n\t\t\t\t<\/div>\n\t\t\t\t<div class=\"elementor-element elementor-element-97d40e6 elementor-widget-divider--view-line elementor-widget elementor-widget-divider\" data-id=\"97d40e6\" data-element_type=\"widget\" data-e-type=\"widget\" data-widget_type=\"divider.default\">\n\t\t\t\t<div class=\"elementor-widget-container\">\n\t\t\t\t\t\t\t<div class=\"elementor-divider\">\n\t\t\t<span class=\"elementor-divider-separator\">\n\t\t\t\t\t\t<\/span>\n\t\t<\/div>\n\t\t\t\t\t\t<\/div>\n\t\t\t\t<\/div>\n\t\t\t\t<\/div>\n\t\t\t\t<\/div>","protected":false},"excerpt":{"rendered":"<p>\u0160krtidlo, zn\u00e1me aj ako taktick\u00e1 st\u00e1za, sa pou\u017e\u00edva na zastavenie ve\u013emi siln\u00e9ho krv\u00e1cania pri poranen\u00ed kon\u010datiny. Pou\u017e\u00edva sa v situ\u00e1ci\u00e1ch, ke\u010f s\u00fa \u0161tandardn\u00e9 met\u00f3dy zastavenia krv\u00e1cania, ako napr\u00edklad priamy tlak na ranu, ne\u00fa\u010dinn\u00e9.<\/p>","protected":false},"featured_media":9217,"comment_status":"open","ping_status":"closed","template":"","meta":[],"product_brand":[],"product_cat":[135],"product_tag":[],"class_list":{"0":"post-8960","1":"product","2":"type-product","3":"status-publish","4":"has-post-thumbnail","6":"product_cat-equipment","8":"first","9":"instock","10":"sale","11":"taxable","12":"shipping-taxable","13":"purchasable","14":"product-type-variable","15":"has-default-attributes"},"gallery_images":[],"_links":{"self":[{"href":"https:\/\/helpbag.eu\/sk\/wp-json\/wp\/v2\/product\/8960","targetHints":{"allow":["GET"]}}],"collection":[{"href":"https:\/\/helpbag.eu\/sk\/wp-json\/wp\/v2\/product"}],"about":[{"href":"https:\/\/helpbag.eu\/sk\/wp-json\/wp\/v2\/types\/product"}],"replies":[{"embeddable":true,"href":"https:\/\/helpbag.eu\/sk\/wp-json\/wp\/v2\/comments?post=8960"}],"version-history":[{"count":0,"href":"https:\/\/helpbag.eu\/sk\/wp-json\/wp\/v2\/product\/8960\/revisions"}],"wp:featuredmedia":[{"embeddable":true,"href":"https:\/\/helpbag.eu\/sk\/wp-json\/wp\/v2\/media\/9217"}],"wp:attachment":[{"href":"https:\/\/helpbag.eu\/sk\/wp-json\/wp\/v2\/media?parent=8960"}],"wp:term":[{"taxonomy":"product_brand","embeddable":true,"href":"https:\/\/helpbag.eu\/sk\/wp-json\/wp\/v2\/product_brand?post=8960"},{"taxonomy":"product_cat","embeddable":true,"href":"https:\/\/helpbag.eu\/sk\/wp-json\/wp\/v2\/product_cat?post=8960"},{"taxonomy":"product_tag","embeddable":true,"href":"https:\/\/helpbag.eu\/sk\/wp-json\/wp\/v2\/product_tag?post=8960"}],"curies":[{"name":"wp","href":"https:\/\/api.w.org\/{rel}","templated":true}]}}