{"id":51322,"date":"2025-08-23T00:17:02","date_gmt":"2025-08-22T22:17:02","guid":{"rendered":"https:\/\/helpbag.eu\/?post_type=product&#038;p=51322"},"modified":"2026-04-07T23:55:30","modified_gmt":"2026-04-07T21:55:30","slug":"sleeping-pad","status":"publish","type":"product","link":"https:\/\/helpbag.eu\/sv\/shop\/products\/sleeping-pad\/","title":{"rendered":"Uppbl\u00e5sbart liggunderlag HELP BAG\u00ae"},"content":{"rendered":"<div data-elementor-type=\"container\" data-elementor-id=\"51555\" class=\"elementor elementor-51555\" data-elementor-post-type=\"elementor_library\">\n\t\t\t\t<div class=\"elementor-element elementor-element-35c050c pad-tb-m e-con-full e-flex e-con e-parent\" data-id=\"35c050c\" data-element_type=\"container\" data-e-type=\"container\" data-settings=\"{&quot;background_background&quot;:&quot;classic&quot;}\">\n\t\t<div class=\"elementor-element elementor-element-40485a0 e-con-full e-flex e-con e-child\" data-id=\"40485a0\" data-element_type=\"container\" data-e-type=\"container\">\n\t\t<div class=\"elementor-element elementor-element-70e2bc7 e-con-full e-flex e-con e-child\" data-id=\"70e2bc7\" data-element_type=\"container\" data-e-type=\"container\">\n\t\t<div class=\"elementor-element elementor-element-2b63408 e-con-full e-flex e-con e-child\" data-id=\"2b63408\" data-element_type=\"container\" data-e-type=\"container\" data-settings=\"{&quot;background_background&quot;:&quot;classic&quot;}\">\n\t\t\t\t<div class=\"elementor-element elementor-element-d77ad09 elementor-widget elementor-widget-heading\" data-id=\"d77ad09\" data-element_type=\"widget\" data-e-type=\"widget\" data-widget_type=\"heading.default\">\n\t\t\t\t<div class=\"elementor-widget-container\">\n\t\t\t\t\t<p class=\"elementor-heading-title elementor-size-default\">Uppbl\u00e5sbart liggunderlag<\/p>\t\t\t\t<\/div>\n\t\t\t\t<\/div>\n\t\t\t\t<div class=\"elementor-element elementor-element-7b47bd7 elementor-widget elementor-widget-text-editor\" data-id=\"7b47bd7\" data-element_type=\"widget\" data-e-type=\"widget\" data-widget_type=\"text-editor.default\">\n\t\t\t\t<div class=\"elementor-widget-container\">\n\t\t\t\t\t\t\t\t\tDet uppbl\u00e5sbara liggunderlaget \u00e4r en l\u00e4ttviktig och praktisk l\u00f6sning som <span class=\"highlight-text-dark\">ger komfort och isolering n\u00e4r du sover.<\/span> Den \u00e4r l\u00e4tt att bl\u00e5sa upp och tar liten plats n\u00e4r den \u00e4r hopf\u00e4lld, vilket g\u00f6r den bekv\u00e4m att transportera och f\u00f6rvara.\t\t\t\t\t\t\t\t<\/div>\n\t\t\t\t<\/div>\n\t\t<div class=\"elementor-element elementor-element-2dee7c6 e-con-full desc-logo-box e-flex e-con e-child\" data-id=\"2dee7c6\" data-element_type=\"container\" data-e-type=\"container\">\n\t\t\t\t<div class=\"elementor-element elementor-element-756e11c elementor-widget elementor-widget-image\" data-id=\"756e11c\" data-element_type=\"widget\" data-e-type=\"widget\" data-widget_type=\"image.default\">\n\t\t\t\t<div class=\"elementor-widget-container\">\n\t\t\t\t\t\t\t\t\t\t\t\t\t\t\t<img decoding=\"async\" src=\"https:\/\/helpbag.eu\/wp-content\/uploads\/2021\/07\/helpbag-black.svg\" class=\"attachment-full size-full wp-image-1927\" alt=\"Help Bag Logo Svart\" \/>\t\t\t\t\t\t\t\t\t\t\t\t\t\t\t<\/div>\n\t\t\t\t<\/div>\n\t\t\t\t<\/div>\n\t\t\t\t<\/div>\n\t\t<div class=\"elementor-element elementor-element-91a371c e-con-full e-flex e-con e-child\" data-id=\"91a371c\" data-element_type=\"container\" data-e-type=\"container\">\n\t\t\t\t<div class=\"elementor-element elementor-element-82fb670 elementor-widget elementor-widget-image\" data-id=\"82fb670\" data-element_type=\"widget\" data-e-type=\"widget\" data-widget_type=\"image.default\">\n\t\t\t\t<div class=\"elementor-widget-container\">\n\t\t\t\t\t\t\t\t\t\t\t\t\t\t\t<img fetchpriority=\"high\" decoding=\"async\" width=\"2048\" height=\"2048\" src=\"https:\/\/helpbag.eu\/wp-content\/uploads\/Inflatable-sleeping-pad-SLEEP-5.0.webp\" class=\"attachment-full size-full wp-image-51338\" alt=\"\" srcset=\"https:\/\/helpbag.eu\/wp-content\/uploads\/Inflatable-sleeping-pad-SLEEP-5.0.webp 2048w, https:\/\/helpbag.eu\/wp-content\/uploads\/Inflatable-sleeping-pad-SLEEP-5.0-300x300.webp 300w, https:\/\/helpbag.eu\/wp-content\/uploads\/Inflatable-sleeping-pad-SLEEP-5.0-1024x1024.webp 1024w, https:\/\/helpbag.eu\/wp-content\/uploads\/Inflatable-sleeping-pad-SLEEP-5.0-150x150.webp 150w, https:\/\/helpbag.eu\/wp-content\/uploads\/Inflatable-sleeping-pad-SLEEP-5.0-768x768.webp 768w, https:\/\/helpbag.eu\/wp-content\/uploads\/Inflatable-sleeping-pad-SLEEP-5.0-1536x1536.webp 1536w, https:\/\/helpbag.eu\/wp-content\/uploads\/Inflatable-sleeping-pad-SLEEP-5.0-12x12.webp 12w, https:\/\/helpbag.eu\/wp-content\/uploads\/Inflatable-sleeping-pad-SLEEP-5.0-700x700.webp 700w, https:\/\/helpbag.eu\/wp-content\/uploads\/Inflatable-sleeping-pad-SLEEP-5.0-600x600.webp 600w, https:\/\/helpbag.eu\/wp-content\/uploads\/Inflatable-sleeping-pad-SLEEP-5.0-250x250.webp 250w\" sizes=\"(max-width: 2048px) 100vw, 2048px\" \/>\t\t\t\t\t\t\t\t\t\t\t\t\t\t\t<\/div>\n\t\t\t\t<\/div>\n\t\t\t\t<\/div>\n\t\t\t\t<\/div>\n\t\t\t\t<\/div>\n\t\t<!--Theplus  Hidden Section--><div class=\"elementor-element elementor-element-49c6949 e-con-full e-flex e-con e-child\" data-id=\"49c6949\" data-element_type=\"container\" data-e-type=\"container\">\n\t\t\t\t<div class=\"elementor-element elementor-element-23f5629 elementor-widget__width-initial acrdn-active-border elementor-widget-mobile__width-inherit elementor-widget elementor-widget-n-accordion\" data-id=\"23f5629\" data-element_type=\"widget\" data-e-type=\"widget\" data-settings=\"{&quot;default_state&quot;:&quot;all_collapsed&quot;,&quot;max_items_expended&quot;:&quot;one&quot;,&quot;n_accordion_animation_duration&quot;:{&quot;unit&quot;:&quot;ms&quot;,&quot;size&quot;:400,&quot;sizes&quot;:[]}}\" data-widget_type=\"nested-accordion.default\">\n\t\t\t\t<div class=\"elementor-widget-container\">\n\t\t\t\t\t\t\t<div class=\"e-n-accordion\" aria-label=\"Dragspel. \u00d6ppna l\u00e4nkar med Enter eller Space, st\u00e4ng med Escape och navigera med piltangenterna.\">\n\t\t\t\t\t\t<details id=\"e-n-accordion-item-3770\" class=\"e-n-accordion-item\" >\n\t\t\t\t<summary class=\"e-n-accordion-item-title\" data-accordion-index=\"1\" tabindex=\"0\" aria-expanded=\"false\" aria-controls=\"e-n-accordion-item-3770\" >\n\t\t\t\t\t<span class='e-n-accordion-item-title-header'><div class=\"e-n-accordion-item-title-text\"> SPECIFIKATION <\/div><\/span>\n\t\t\t\t\t\t\t<span class='e-n-accordion-item-title-icon'>\n\t\t\t<span class='e-opened' ><i aria-hidden=\"true\" class=\"far fa-arrow-alt-circle-up\"><\/i><\/span>\n\t\t\t<span class='e-closed'><i aria-hidden=\"true\" class=\"fas fa-plus-circle\"><\/i><\/span>\n\t\t<\/span>\n\n\t\t\t\t\t\t<\/summary>\n\t\t\t\t<div role=\"region\" aria-labelledby=\"e-n-accordion-item-3770\" class=\"elementor-element elementor-element-0f9ed06 e-con-full pad-s e-flex e-con e-child\" data-id=\"0f9ed06\" data-element_type=\"container\" data-e-type=\"container\" data-settings=\"{&quot;background_background&quot;:&quot;classic&quot;}\">\n\t\t\t\t<div class=\"elementor-element elementor-element-246d7e4 elementor-widget-mobile__width-inherit elementor-widget elementor-widget-text-editor\" data-id=\"246d7e4\" data-element_type=\"widget\" data-e-type=\"widget\" data-widget_type=\"text-editor.default\">\n\t\t\t\t<div class=\"elementor-widget-container\">\n\t\t\t\t\t\t\t\t\t<p>Vikt - (kg) <strong>500 g<\/strong><br \/>M\u00e5tt n\u00e4r den \u00e4r utf\u00e4lld <strong>190 x 60 x 5 cm<\/strong><br \/>M\u00e5tt efter hopf\u00e4llning<strong> 24 x 11 cm<\/strong><br \/>Indikator f\u00f6r R-v\u00e4rde - <strong>2.0<\/strong><\/p>\t\t\t\t\t\t\t\t<\/div>\n\t\t\t\t<\/div>\n\t\t\t\t<\/div>\n\t\t\t\t\t<\/details>\n\t\t\t\t\t<\/div>\n\t\t\t\t\t\t<\/div>\n\t\t\t\t<\/div>\n\t\t\t\t<\/div>\n\t\t\t\t<div class=\"elementor-element elementor-element-c40d661 elementor-widget-divider--view-line elementor-widget elementor-widget-divider\" data-id=\"c40d661\" data-element_type=\"widget\" data-e-type=\"widget\" data-widget_type=\"divider.default\">\n\t\t\t\t<div class=\"elementor-widget-container\">\n\t\t\t\t\t\t\t<div class=\"elementor-divider\">\n\t\t\t<span class=\"elementor-divider-separator\">\n\t\t\t\t\t\t<\/span>\n\t\t<\/div>\n\t\t\t\t\t\t<\/div>\n\t\t\t\t<\/div>\n\t\t\t\t<\/div>\n\t\t\t\t<\/div>","protected":false},"excerpt":{"rendered":"<p>Det uppbl\u00e5sbara liggunderlaget \u00e4r en l\u00e4tt och praktisk l\u00f6sning som ger komfort och isolering n\u00e4r du sover. Det \u00e4r l\u00e4tt att bl\u00e5sa upp och tar liten plats n\u00e4r det \u00e4r hopf\u00e4llt, vilket g\u00f6r det bekv\u00e4mt att transportera och f\u00f6rvara.<\/p>","protected":false},"featured_media":51338,"comment_status":"closed","ping_status":"closed","template":"","meta":[],"product_brand":[1239],"product_cat":[17],"product_tag":[1260],"class_list":{"0":"post-51322","1":"product","2":"type-product","3":"status-publish","4":"has-post-thumbnail","6":"product_brand-helpbag","7":"product_cat-products","8":"product_tag-sleeping-pad","10":"first","11":"instock","12":"sale","13":"taxable","14":"shipping-taxable","15":"purchasable","16":"product-type-simple"},"gallery_images":[51342,51341],"_links":{"self":[{"href":"https:\/\/helpbag.eu\/sv\/wp-json\/wp\/v2\/product\/51322","targetHints":{"allow":["GET"]}}],"collection":[{"href":"https:\/\/helpbag.eu\/sv\/wp-json\/wp\/v2\/product"}],"about":[{"href":"https:\/\/helpbag.eu\/sv\/wp-json\/wp\/v2\/types\/product"}],"replies":[{"embeddable":true,"href":"https:\/\/helpbag.eu\/sv\/wp-json\/wp\/v2\/comments?post=51322"}],"version-history":[{"count":0,"href":"https:\/\/helpbag.eu\/sv\/wp-json\/wp\/v2\/product\/51322\/revisions"}],"wp:featuredmedia":[{"embeddable":true,"href":"https:\/\/helpbag.eu\/sv\/wp-json\/wp\/v2\/media\/51338"}],"wp:attachment":[{"href":"https:\/\/helpbag.eu\/sv\/wp-json\/wp\/v2\/media?parent=51322"}],"wp:term":[{"taxonomy":"product_brand","embeddable":true,"href":"https:\/\/helpbag.eu\/sv\/wp-json\/wp\/v2\/product_brand?post=51322"},{"taxonomy":"product_cat","embeddable":true,"href":"https:\/\/helpbag.eu\/sv\/wp-json\/wp\/v2\/product_cat?post=51322"},{"taxonomy":"product_tag","embeddable":true,"href":"https:\/\/helpbag.eu\/sv\/wp-json\/wp\/v2\/product_tag?post=51322"}],"curies":[{"name":"wp","href":"https:\/\/api.w.org\/{rel}","templated":true}]}}