{"id":52024,"date":"2025-08-24T23:54:21","date_gmt":"2025-08-24T21:54:21","guid":{"rendered":"https:\/\/helpbag.eu\/?post_type=product&#038;p=52024"},"modified":"2026-03-30T21:02:58","modified_gmt":"2026-03-30T19:02:58","slug":"basic","status":"publish","type":"product","link":"https:\/\/helpbag.eu\/sv\/shop\/kits\/basic\/","title":{"rendered":"N\u00f6dutrustning HELP BAG\u00ae BASIC"},"content":{"rendered":"<p>HELP BAG\u00ae BASIC-n\u00f6dfallsl\u00e5dan inneh\u00e5ller:<\/p>\n<ul>\n<li><strong>Ryggs\u00e4ck HELP BAG\u00ae BASIC<\/strong><\/li>\n<li><strong>Modul f\u00f6r extra f\u00f6rvaring<\/strong><\/li>\n<li><strong>Vatten 500 ml<\/strong><\/li>\n<li><strong>Tabletter f\u00f6r desinfektion av vatten<\/strong><\/li>\n<li><strong>3 x Foderranson 200 g<\/strong><\/li>\n<li><strong>Plasmat\u00e4ndare<\/strong><\/li>\n<li><strong>Sovs\u00e4ck f\u00f6r n\u00f6dsituationer<\/strong><\/li>\n<li><strong>Handv\u00e4rmare<\/strong><\/li>\n<li><strong>Mask FFP2\/KN95<\/strong><\/li>\n<li><strong>Regnponcho<\/strong><\/li>\n<li><strong>Multifunktionell skorsten<\/strong><\/li>\n<li><strong>Sybeh\u00f6rssats<\/strong><\/li>\n<li><strong>N\u00f6dhammare med glasdrift och ficklampa<\/strong><\/li>\n<li><strong>USB 3-i-1-kabel<\/strong><\/li>\n<li><strong>F\u00f6rsta hj\u00e4lpen-kit med tillbeh\u00f6r<\/strong><\/li>\n<li><strong>Kosmetikav\u00e4ska med tillbeh\u00f6r<\/strong><\/li>\n<li><strong>Mikrofiberhandduk<\/strong><\/li>\n<li><strong>Multifunktionellt armband<\/strong><\/li>\n<li><strong>Tritoner \/ buntband<\/strong><\/li>\n<li><strong>Arbetshandskar<\/strong><\/li>\n<li><strong>Pannlampa<\/strong><\/li>\n<li><strong>Reflekterande sele<\/strong><\/li>\n<li><strong>Multiverktyg<\/strong><\/li>\n<li><strong>Powerbank 10000 mAh<\/strong><\/li>\n<li><strong>Anteckningsblock med penna<\/strong><\/li>\n<li><strong>Vakuump\u00e5se f\u00f6r kl\u00e4der<\/strong><\/li>\n<li><strong>St\u00e5lmugg med lock<\/strong><\/li>\n<li><strong>Bestick 3i1<\/strong><\/li>\n<li><strong>Dynamo radio 5000 mAh<\/strong><\/li>\n<\/ul>","protected":false},"excerpt":{"rendered":"<p>M\u00f6rkl\u00e4ggning, \u00f6versv\u00e4mning, evakuering, Help Bag Basic \u00e4r ett grundl\u00e4ggande n\u00f6dkit som ger ljus, v\u00e4rme, vatten och s\u00e4kerhet i alla situationer. En ryggs\u00e4ck, en EXTRA STORAGE-modul och den mest n\u00f6dv\u00e4ndiga utrustningen. I h\u00e4ndelse av en n\u00f6dsituation kommer du att vara redo och sj\u00e4lvf\u00f6rs\u00f6rjande.<\/p>","protected":false},"featured_media":52133,"comment_status":"closed","ping_status":"closed","template":"","meta":[],"product_brand":[1239],"product_cat":[81],"product_tag":[1262],"class_list":{"0":"post-52024","1":"product","2":"type-product","3":"status-publish","4":"has-post-thumbnail","6":"product_brand-helpbag","7":"product_cat-kits","8":"product_tag-basic-kit","10":"first","11":"instock","12":"sale","13":"taxable","14":"shipping-taxable","15":"purchasable","16":"product-type-simple"},"gallery_images":[],"_links":{"self":[{"href":"https:\/\/helpbag.eu\/sv\/wp-json\/wp\/v2\/product\/52024","targetHints":{"allow":["GET"]}}],"collection":[{"href":"https:\/\/helpbag.eu\/sv\/wp-json\/wp\/v2\/product"}],"about":[{"href":"https:\/\/helpbag.eu\/sv\/wp-json\/wp\/v2\/types\/product"}],"replies":[{"embeddable":true,"href":"https:\/\/helpbag.eu\/sv\/wp-json\/wp\/v2\/comments?post=52024"}],"version-history":[{"count":3,"href":"https:\/\/helpbag.eu\/sv\/wp-json\/wp\/v2\/product\/52024\/revisions"}],"predecessor-version":[{"id":68747,"href":"https:\/\/helpbag.eu\/sv\/wp-json\/wp\/v2\/product\/52024\/revisions\/68747"}],"wp:featuredmedia":[{"embeddable":true,"href":"https:\/\/helpbag.eu\/sv\/wp-json\/wp\/v2\/media\/52133"}],"wp:attachment":[{"href":"https:\/\/helpbag.eu\/sv\/wp-json\/wp\/v2\/media?parent=52024"}],"wp:term":[{"taxonomy":"product_brand","embeddable":true,"href":"https:\/\/helpbag.eu\/sv\/wp-json\/wp\/v2\/product_brand?post=52024"},{"taxonomy":"product_cat","embeddable":true,"href":"https:\/\/helpbag.eu\/sv\/wp-json\/wp\/v2\/product_cat?post=52024"},{"taxonomy":"product_tag","embeddable":true,"href":"https:\/\/helpbag.eu\/sv\/wp-json\/wp\/v2\/product_tag?post=52024"}],"curies":[{"name":"wp","href":"https:\/\/api.w.org\/{rel}","templated":true}]}}