{"id":964,"date":"2021-07-04T17:52:26","date_gmt":"2021-07-04T15:52:26","guid":{"rendered":"https:\/\/www.helpbag.pl\/?page_id=964"},"modified":"2026-03-17T18:11:43","modified_gmt":"2026-03-17T17:11:43","slug":"privacy","status":"publish","type":"page","link":"https:\/\/helpbag.eu\/uk\/privacy\/","title":{"rendered":"\u041f\u043e\u043b\u0456\u0442\u0438\u043a\u0430 \u043a\u043e\u043d\u0444\u0456\u0434\u0435\u043d\u0446\u0456\u0439\u043d\u043e\u0441\u0442\u0456 \u0442\u0430 \u0432\u0438\u043a\u043e\u0440\u0438\u0441\u0442\u0430\u043d\u043d\u044f \u0444\u0430\u0439\u043b\u0456\u0432 cookie"},"content":{"rendered":"<div data-elementor-type=\"wp-page\" data-elementor-id=\"964\" class=\"elementor elementor-964\" data-elementor-post-type=\"page\">\n\t\t\t\t<div class=\"elementor-element elementor-element-a87287d e-flex e-con-boxed e-con e-parent\" data-id=\"a87287d\" data-element_type=\"container\" data-e-type=\"container\">\n\t\t\t\t\t<div class=\"e-con-inner\">\n\t\t\t\t<div class=\"elementor-element elementor-element-6569215 elementor-widget elementor-widget-text-editor\" data-id=\"6569215\" data-element_type=\"widget\" data-e-type=\"widget\" data-widget_type=\"text-editor.default\">\n\t\t\t\t<div class=\"elementor-widget-container\">\n\t\t\t\t\t\t\t\t\t<h1>\u041f\u043e\u043b\u0456\u0442\u0438\u043a\u0430 \u043a\u043e\u043d\u0444\u0456\u0434\u0435\u043d\u0446\u0456\u0439\u043d\u043e\u0441\u0442\u0456 \u0442\u0430 \u0437\u0430\u0445\u0438\u0441\u0442\u0443 \u0434\u0430\u043d\u0438\u0445<\/h1>\n\n<p><strong>\u0414\u0430\u0442\u0430 \u043e\u043d\u043e\u0432\u043b\u0435\u043d\u043d\u044f: 17 \u0431\u0435\u0440\u0435\u0437\u043d\u044f 2026 \u0440\u043e\u043a\u0443.<\/strong><\/p>\n\n<p>\u041a\u043e\u043d\u0442\u0440\u043e\u043b\u0435\u0440\u043e\u043c \u043f\u0435\u0440\u0441\u043e\u043d\u0430\u043b\u044c\u043d\u0438\u0445 \u0434\u0430\u043d\u0438\u0445 \u0454 <strong>HELP BAG Ltd.<\/strong>, \u0432\u0443\u043b. \u0421\u0430\u0434\u043e\u0432\u0430 12, 43-100 \u0422\u0438\u0445\u0438, \u041f\u043e\u043b\u044c\u0449\u0430, NIP 6462998881, REGON 523157283, KRS 0000992798, e-mail: <strong>hello@helpbag.eu<\/strong>. \u041a\u043e\u043c\u043f\u0430\u043d\u0456\u044f \u043d\u0435 \u043f\u0440\u0438\u0437\u043d\u0430\u0447\u0438\u043b\u0430 \u0432\u0456\u0434\u043f\u043e\u0432\u0456\u0434\u0430\u043b\u044c\u043d\u043e\u0433\u043e \u0437\u0430 \u0437\u0430\u0445\u0438\u0441\u0442 \u0434\u0430\u043d\u0438\u0445.<\/p>\n\n<h2>\u041c\u0435\u0442\u0430 \u0442\u0430 \u043e\u0441\u043d\u043e\u0432\u0430 \u043e\u0431\u0440\u043e\u0431\u043a\u0438 \u0434\u0430\u043d\u0438\u0445<\/h2>\n<p>\u041f\u0435\u0440\u0441\u043e\u043d\u0430\u043b\u044c\u043d\u0456 \u0434\u0430\u043d\u0456 \u043e\u0431\u0440\u043e\u0431\u043b\u044f\u044e\u0442\u044c\u0441\u044f \u0434\u043b\u044f:<\/p>\n<ul>\n  <li>\u043e\u0431\u0440\u043e\u0431\u043a\u0430 \u0437\u0430\u043c\u043e\u0432\u043b\u0435\u043d\u044c,<\/li>\n  <li>\u0443\u043f\u0440\u0430\u0432\u043b\u0456\u043d\u043d\u044f \u043e\u0431\u043b\u0456\u043a\u043e\u0432\u0438\u043c\u0438 \u0437\u0430\u043f\u0438\u0441\u0430\u043c\u0438 \u043a\u043e\u0440\u0438\u0441\u0442\u0443\u0432\u0430\u0447\u0456\u0432,<\/li>\n  <li>\u043a\u043e\u043d\u0442\u0430\u043a\u0442 \u0437 \u043a\u043b\u0456\u0454\u043d\u0442\u0430\u043c\u0438,<\/li>\n  <li>\u0440\u043e\u0431\u043e\u0442\u0430 \u0437\u0456 \u0441\u043a\u0430\u0440\u0433\u0430\u043c\u0438 \u0442\u0430 \u043f\u043e\u0432\u0435\u0440\u043d\u0435\u043d\u043d\u044f\u043c\u0438,<\/li>\n  <li>\u043c\u0430\u0440\u043a\u0435\u0442\u0438\u043d\u0433\u043e\u0432\u0456 \u0442\u0430 \u0430\u043d\u0430\u043b\u0456\u0442\u0438\u0447\u043d\u0456 \u0446\u0456\u043b\u0456.<\/li>\n<\/ul>\n\n<p>\u041f\u0440\u0430\u0432\u043e\u0432\u0430 \u043e\u0441\u043d\u043e\u0432\u0430 \u0434\u043b\u044f \u043e\u0431\u0440\u043e\u0431\u043a\u0438 \u0434\u0430\u043d\u0438\u0445:<\/p>\n<ul>\n  <li>\u0421\u0442\u0430\u0442\u0442\u044f 6(1)(b) \u0420\u041e\u0414\u041e - \u0432\u0438\u043a\u043e\u043d\u0430\u043d\u043d\u044f \u0434\u043e\u0433\u043e\u0432\u043e\u0440\u0443,<\/li>\n  <li>\u0421\u0442\u0430\u0442\u0442\u044f 6(1)(c) RODO - \u044e\u0440\u0438\u0434\u0438\u0447\u043d\u0456 \u0437\u043e\u0431\u043e\u0432'\u044f\u0437\u0430\u043d\u043d\u044f (\u0431\u0443\u0445\u0433\u0430\u043b\u0442\u0435\u0440\u0441\u044c\u043a\u0438\u0439 \u043e\u0431\u043b\u0456\u043a),<\/li>\n  <li>\u0421\u0442\u0430\u0442\u0442\u044f 6(1)(f) RODO - \u0437\u0430\u043a\u043e\u043d\u043d\u0438\u0439 \u0456\u043d\u0442\u0435\u0440\u0435\u0441 (\u043a\u043e\u043c\u0443\u043d\u0456\u043a\u0430\u0446\u0456\u044f, \u0432\u0456\u0434\u0448\u043a\u043e\u0434\u0443\u0432\u0430\u043d\u043d\u044f, \u0437\u0430\u0445\u0438\u0441\u0442 \u0432\u0456\u0434 \u0448\u0430\u0445\u0440\u0430\u0439\u0441\u0442\u0432\u0430),<\/li>\n  <li>\u0421\u0442\u0430\u0442\u0442\u044f 6(1)(\u0430) RODO - \u0437\u0433\u043e\u0434\u0430 (\u043c\u0430\u0440\u043a\u0435\u0442\u0438\u043d\u0433, \u0444\u0430\u0439\u043b\u0438 cookie, \u0430\u043d\u0430\u043b\u0456\u0442\u0438\u0447\u043d\u0456 \u0442\u0430 \u0440\u0435\u043a\u043b\u0430\u043c\u043d\u0456 \u0456\u043d\u0441\u0442\u0440\u0443\u043c\u0435\u043d\u0442\u0438, \u0449\u043e \u0432\u0438\u043c\u0430\u0433\u0430\u044e\u0442\u044c \u0437\u0433\u043e\u0434\u0438).<\/li>\n<\/ul>\n\n<h2>\u041e\u0431\u0441\u044f\u0433 \u043e\u0431\u0440\u043e\u0431\u043a\u0438 \u0434\u0430\u043d\u0438\u0445<\/h2>\n<ul>\n  <li>\u0456\u043c'\u044f,<\/li>\n  <li>\u0430\u0434\u0440\u0435\u0441\u0443 \u0435\u043b\u0435\u043a\u0442\u0440\u043e\u043d\u043d\u043e\u0457 \u043f\u043e\u0448\u0442\u0438,<\/li>\n  <li>\u043d\u043e\u043c\u0435\u0440 \u0442\u0435\u043b\u0435\u0444\u043e\u043d\u0443,<\/li>\n  <li>\u0430\u0434\u0440\u0435\u0441\u0430 \u0434\u043e\u0441\u0442\u0430\u0432\u043a\u0438 \u0442\u0430 \u0432\u0438\u0441\u0442\u0430\u0432\u043b\u0435\u043d\u043d\u044f \u0440\u0430\u0445\u0443\u043d\u043a\u0443,<\/li>\n  <li>\u0414\u0430\u043d\u0456 \u0440\u0430\u0445\u0443\u043d\u043a\u0443-\u0444\u0430\u043a\u0442\u0443\u0440\u0438, \u0432\u043a\u043b\u044e\u0447\u0430\u044e\u0447\u0438 \u043f\u043e\u0434\u0430\u0442\u043a\u043e\u0432\u0438\u0439 \u0456\u0434\u0435\u043d\u0442\u0438\u0444\u0456\u043a\u0430\u0446\u0456\u0439\u043d\u0438\u0439 \u043d\u043e\u043c\u0435\u0440,<\/li>\n  <li>\u0456\u0441\u0442\u043e\u0440\u0456\u044e \u0437\u0430\u043c\u043e\u0432\u043b\u0435\u043d\u044c,<\/li>\n  <li>\u0442\u0435\u0445\u043d\u0456\u0447\u043d\u0456 \u0434\u0430\u043d\u0456 (IP-\u0430\u0434\u0440\u0435\u0441\u0430, \u0456\u0434\u0435\u043d\u0442\u0438\u0444\u0456\u043a\u0430\u0442\u043e\u0440\u0438 \u0444\u0430\u0439\u043b\u0456\u0432 cookie, \u0434\u0430\u043d\u0456 \u0431\u0440\u0430\u0443\u0437\u0435\u0440\u0430 \u0442\u0430 \u043f\u0440\u0438\u0441\u0442\u0440\u043e\u044e),<\/li>\n  <li>\u0434\u0430\u043d\u0456, \u043f\u043e\u0432'\u044f\u0437\u0430\u043d\u0456 \u0437 \u043a\u043e\u043c\u0443\u043d\u0456\u043a\u0430\u0446\u0456\u0454\u044e.<\/li>\n<\/ul>\n\n<h2>\u0414\u0436\u0435\u0440\u0435\u043b\u0430 \u0434\u0430\u043d\u0438\u0445<\/h2>\n<ul>\n  <li>\u0431\u0435\u0437\u043f\u043e\u0441\u0435\u0440\u0435\u0434\u043d\u044c\u043e \u0432\u0456\u0434 \u043a\u043e\u0440\u0438\u0441\u0442\u0443\u0432\u0430\u0447\u0430 (\u0444\u043e\u0440\u043c\u0438 \u0437\u0430\u043c\u043e\u0432\u043b\u0435\u043d\u043d\u044f \u0442\u0430 \u043a\u043e\u043d\u0442\u0430\u043a\u0442\u043d\u0456 \u0444\u043e\u0440\u043c\u0438),<\/li>\n  <li>\u0430\u0434\u043c\u0456\u043d\u0456\u0441\u0442\u0440\u0430\u0442\u043e\u0440\u0438 \u0441\u0438\u0441\u0442\u0435\u043c \u043f\u0440\u043e\u0434\u0430\u0436\u0456\u0432,<\/li>\n  <li>\u043c\u0430\u0440\u043a\u0435\u0442\u043f\u043b\u0435\u0439\u0441\u0438 (\u044f\u043a\u0449\u043e \u043f\u043e\u043a\u0443\u043f\u043a\u0430 \u0431\u0443\u043b\u0430 \u0437\u0434\u0456\u0439\u0441\u043d\u0435\u043d\u0430 \u0447\u0435\u0440\u0435\u0437 \u043d\u0438\u0445).<\/li>\n<\/ul>\n\n<h2>\u041e\u0434\u0435\u0440\u0436\u0443\u0432\u0430\u0447\u0456 \u0434\u0430\u043d\u0438\u0445<\/h2>\n<ul>\n  <li>\u043a\u0443\u0440'\u0454\u0440\u0441\u044c\u043a\u0456 \u0442\u0430 \u043b\u043e\u0433\u0456\u0441\u0442\u0438\u0447\u043d\u0456 \u043a\u043e\u043c\u043f\u0430\u043d\u0456\u0457,<\/li>\n  <li>\u043f\u043b\u0430\u0442\u0456\u0436\u043d\u0438\u0445 \u043e\u043f\u0435\u0440\u0430\u0442\u043e\u0440\u0456\u0432,<\/li>\n  <li>\u0431\u0443\u0445\u0433\u0430\u043b\u0442\u0435\u0440\u0456\u044f,<\/li>\n  <li>\u043f\u043e\u0441\u0442\u0430\u0447\u0430\u043b\u044c\u043d\u0438\u043a\u0438 \u0406\u0422-\u043f\u043e\u0441\u043b\u0443\u0433, \u0445\u043e\u0441\u0442\u0438\u043d\u0433\u0443, \u0435\u043b\u0435\u043a\u0442\u0440\u043e\u043d\u043d\u043e\u0457 \u043f\u043e\u0448\u0442\u0438, \u0430\u043d\u0430\u043b\u0456\u0442\u0438\u043a\u0438 \u0442\u0430 \u0440\u0435\u043a\u043b\u0430\u043c\u043d\u0438\u0445 \u0456\u043d\u0441\u0442\u0440\u0443\u043c\u0435\u043d\u0442\u0456\u0432,<\/li>\n  <li>\u0442\u043e\u0440\u0433\u043e\u0432\u0456 \u043f\u043b\u0430\u0442\u0444\u043e\u0440\u043c\u0438.<\/li>\n<\/ul>\n\n<p>\u0414\u0430\u043d\u0456 \u043c\u043e\u0436\u0443\u0442\u044c \u043f\u0435\u0440\u0435\u0434\u0430\u0432\u0430\u0442\u0438\u0441\u044f \u0437\u0430 \u043c\u0435\u0436\u0456 \u0404\u0432\u0440\u043e\u043f\u0435\u0439\u0441\u044c\u043a\u043e\u0433\u043e \u0435\u043a\u043e\u043d\u043e\u043c\u0456\u0447\u043d\u043e\u0433\u043e \u043f\u0440\u043e\u0441\u0442\u043e\u0440\u0443, \u0432 \u0442\u043e\u043c\u0443 \u0447\u0438\u0441\u043b\u0456 \u0434\u043e \u0421\u0428\u0410, \u0437 \u0432\u0438\u043a\u043e\u0440\u0438\u0441\u0442\u0430\u043d\u043d\u044f\u043c \u0432\u0456\u0434\u043f\u043e\u0432\u0456\u0434\u043d\u0438\u0445 \u043c\u0435\u0445\u0430\u043d\u0456\u0437\u043c\u0456\u0432 \u0434\u043b\u044f \u043b\u0435\u0433\u0430\u043b\u0456\u0437\u0430\u0446\u0456\u0457 \u043f\u0435\u0440\u0435\u0434\u0430\u0447\u0456 (SCC \u0430\u0431\u043e EU-US Data Privacy Framework, \u044f\u043a\u0449\u043e \u0432\u0456\u0434\u043f\u043e\u0432\u0456\u0434\u043d\u0438\u0439 \u043f\u043e\u0441\u0442\u0430\u0447\u0430\u043b\u044c\u043d\u0438\u043a \u0432\u0438\u043a\u043e\u0440\u0438\u0441\u0442\u043e\u0432\u0443\u0454 \u0457\u0445).<\/p>\n\n<h2>\u0427\u0430\u0441 \u0437\u0431\u0435\u0440\u0456\u0433\u0430\u043d\u043d\u044f \u0434\u0430\u043d\u0438\u0445<\/h2>\n<ul>\n  <li>\u0434\u0430\u043d\u0456, \u043f\u043e\u0432'\u044f\u0437\u0430\u043d\u0456 \u0456\u0437 \u0437\u0430\u043a\u0443\u043f\u0456\u0432\u043b\u044f\u043c\u0438 \u0442\u0430 \u0431\u0443\u0445\u0433\u0430\u043b\u0442\u0435\u0440\u0441\u044c\u043a\u043e\u044e \u0434\u043e\u043a\u0443\u043c\u0435\u043d\u0442\u0430\u0446\u0456\u0454\u044e - \u0434\u043e 6 \u0440\u043e\u043a\u0456\u0432,<\/li>\n  <li>\u0434\u0430\u043d\u0456 \u043e\u0431\u043b\u0456\u043a\u043e\u0432\u043e\u0433\u043e \u0437\u0430\u043f\u0438\u0441\u0443 \u043a\u043e\u0440\u0438\u0441\u0442\u0443\u0432\u0430\u0447\u0430 - \u043d\u0430 \u0447\u0430\u0441 \u0430\u043a\u0442\u0438\u0432\u043d\u043e\u0441\u0442\u0456 \u0442\u0430 \u043f\u0435\u0440\u0456\u043e\u0434, \u043d\u0435\u043e\u0431\u0445\u0456\u0434\u043d\u0438\u0439 \u0434\u043b\u044f \u0432\u0440\u0435\u0433\u0443\u043b\u044e\u0432\u0430\u043d\u043d\u044f \u043f\u0440\u0435\u0442\u0435\u043d\u0437\u0456\u0439 \u043f\u0456\u0441\u043b\u044f \u0439\u043e\u0433\u043e \u0432\u0438\u0434\u0430\u043b\u0435\u043d\u043d\u044f,<\/li>\n  <li>\u043c\u0430\u0440\u043a\u0435\u0442\u0438\u043d\u0433\u043e\u0432\u0456 \u0434\u0430\u043d\u0456 - \u0434\u043e\u043a\u0438 \u0432\u0438 \u043d\u0435 \u0432\u0456\u0434\u043a\u043b\u0438\u0447\u0435\u0442\u0435 \u0441\u0432\u043e\u044e \u0437\u0433\u043e\u0434\u0443 \u0430\u0431\u043e \u043d\u0435 \u0437\u0430\u043f\u0435\u0440\u0435\u0447\u0438\u0442\u0435,<\/li>\n  <li>\u0434\u0430\u043d\u0456, \u043f\u043e\u0432'\u044f\u0437\u0430\u043d\u0456 \u0437 \u043a\u043e\u043c\u0443\u043d\u0456\u043a\u0430\u0446\u0456\u0454\u044e, - \u043d\u0430 \u043f\u0435\u0440\u0456\u043e\u0434, \u043d\u0435\u043e\u0431\u0445\u0456\u0434\u043d\u0438\u0439 \u0434\u043b\u044f \u0440\u043e\u0437\u0433\u043b\u044f\u0434\u0443 \u0441\u043f\u0440\u0430\u0432\u0438 \u0442\u0430 \u0437\u0430\u0431\u0435\u0437\u043f\u0435\u0447\u0435\u043d\u043d\u044f \u043f\u043e\u0437\u043e\u0432\u043d\u0438\u0445 \u0432\u0438\u043c\u043e\u0433.<\/li>\n<\/ul>\n\n<h2>\u041f\u0440\u0430\u0432\u0430 \u043a\u043e\u0440\u0438\u0441\u0442\u0443\u0432\u0430\u0447\u0456\u0432<\/h2>\n<p>\u0412\u0438 \u043c\u0430\u0454\u0442\u0435 \u043d\u0430 \u0446\u0435 \u043f\u0440\u0430\u0432\u043e:<\/p>\n<ul>\n  <li>\u043f\u0440\u0430\u0432\u043e \u043d\u0430 \u0434\u043e\u0441\u0442\u0443\u043f \u0434\u043e \u0434\u0430\u043d\u0438\u0445,<\/li>\n  <li>\u043f\u0440\u0430\u0432\u043e \u043d\u0430 \u0432\u0438\u043f\u0440\u0430\u0432\u043b\u0435\u043d\u043d\u044f,<\/li>\n  <li>\u043f\u0440\u0430\u0432\u043e \u043d\u0430 \u0441\u0442\u0438\u0440\u0430\u043d\u043d\u044f,<\/li>\n  <li>\u043f\u0440\u0430\u0432\u043e \u043d\u0430 \u043e\u0431\u043c\u0435\u0436\u0435\u043d\u043d\u044f \u043e\u0431\u0440\u043e\u0431\u043a\u0438,<\/li>\n  <li>\u043f\u0440\u0430\u0432\u043e \u043d\u0430 \u043f\u0435\u0440\u0435\u043d\u0435\u0441\u0435\u043d\u043d\u044f \u0434\u0430\u043d\u0438\u0445,<\/li>\n  <li>\u043f\u0440\u0430\u0432\u043e \u043d\u0430 \u0437\u0430\u043f\u0435\u0440\u0435\u0447\u0435\u043d\u043d\u044f,<\/li>\n  <li>\u041f\u0440\u0430\u0432\u043e \u0432\u0456\u0434\u043a\u043b\u0438\u043a\u0430\u0442\u0438 \u0437\u0433\u043e\u0434\u0443 \u0432 \u0431\u0443\u0434\u044c-\u044f\u043a\u0438\u0439 \u0447\u0430\u0441.<\/li>\n<\/ul>\n<p>\u0420\u0435\u0430\u043b\u0456\u0437\u0430\u0446\u0456\u044f \u043f\u0440\u0430\u0432 \u043c\u0430\u0454 \u0432\u0456\u0434\u0431\u0443\u0442\u0438\u0441\u044f \u043d\u0435 \u043f\u0456\u0437\u043d\u0456\u0448\u0435 \u043d\u0456\u0436 \u0447\u0435\u0440\u0435\u0437 30 \u0434\u043d\u0456\u0432 \u043f\u0456\u0441\u043b\u044f \u043e\u0442\u0440\u0438\u043c\u0430\u043d\u043d\u044f \u0437\u0430\u043f\u0438\u0442\u0443. \u0417\u0430\u043f\u0438\u0442\u0438 \u0441\u043b\u0456\u0434 \u043d\u0430\u0434\u0441\u0438\u043b\u0430\u0442\u0438 \u043d\u0430 \u0430\u0434\u0440\u0435\u0441\u0443: <strong>hello@helpbag.eu<\/strong>.<\/p>\n<p>\u0412\u0438 \u0442\u0430\u043a\u043e\u0436 \u043c\u0430\u0454\u0442\u0435 \u043f\u0440\u0430\u0432\u043e \u043f\u043e\u0434\u0430\u0442\u0438 \u0441\u043a\u0430\u0440\u0433\u0443 \u041f\u0440\u0435\u0437\u0438\u0434\u0435\u043d\u0442\u0443 \u0423\u043f\u0440\u0430\u0432\u043b\u0456\u043d\u043d\u044f \u0437 \u043f\u0438\u0442\u0430\u043d\u044c \u0437\u0430\u0445\u0438\u0441\u0442\u0443 \u0434\u0430\u043d\u0438\u0445.<\/p>\n\n<h2>\u0424\u0430\u0439\u043b\u0438 cookie \u0442\u0430 \u0442\u0435\u0445\u043d\u043e\u043b\u043e\u0433\u0456\u0457 \u0432\u0456\u0434\u0441\u0442\u0435\u0436\u0435\u043d\u043d\u044f<\/h2>\n<p>\u0412\u0435\u0431-\u0441\u0430\u0439\u0442 \u0432\u0438\u043a\u043e\u0440\u0438\u0441\u0442\u043e\u0432\u0443\u0454 \u0444\u0430\u0439\u043b\u0438 cookie \u0442\u0430 \u043f\u043e\u0434\u0456\u0431\u043d\u0456 \u0442\u0435\u0445\u043d\u043e\u043b\u043e\u0433\u0456\u0457 (\u043f\u0456\u043a\u0441\u0435\u043b\u0456, \u0442\u0435\u0433\u0438, \u043e\u043d\u043b\u0430\u0439\u043d-\u0456\u0434\u0435\u043d\u0442\u0438\u0444\u0456\u043a\u0430\u0442\u043e\u0440\u0438), \u044f\u043a\u0456 \u0437\u0431\u0435\u0440\u0456\u0433\u0430\u044e\u0442\u044c\u0441\u044f \u043d\u0430 \u043f\u0440\u0438\u0441\u0442\u0440\u043e\u0457 \u043a\u043e\u0440\u0438\u0441\u0442\u0443\u0432\u0430\u0447\u0430 \u0430\u0431\u043e \u0437\u0447\u0438\u0442\u0443\u044e\u0442\u044c\u0441\u044f \u0437 \u043d\u044c\u043e\u0433\u043e.<\/p>\n\n<h3>\u0426\u0456\u043b\u0456 \u0432\u0438\u043a\u043e\u0440\u0438\u0441\u0442\u0430\u043d\u043d\u044f \u0444\u0430\u0439\u043b\u0456\u0432 cookie:<\/h3>\n<ul>\n  <li>\u0437\u0430\u0431\u0435\u0437\u043f\u0435\u0447\u0435\u043d\u043d\u044f \u043a\u043e\u0440\u0435\u043a\u0442\u043d\u043e\u0457 \u0440\u043e\u0431\u043e\u0442\u0438 \u0441\u0430\u0439\u0442\u0443 \u0442\u0430 \u043c\u0430\u0433\u0430\u0437\u0438\u043d\u0443 (\u043f\u0456\u0434\u0442\u0440\u0438\u043c\u043a\u0430 \u0441\u0435\u0441\u0456\u0457, \u043b\u043e\u0433\u0456\u043d, \u043a\u043e\u0448\u0438\u043a),<\/li>\n  <li>\u0430\u043d\u0430\u043b\u0456\u0437 \u0441\u0442\u0430\u0442\u0438\u0441\u0442\u0438\u043a\u0438 \u0442\u0440\u0430\u0444\u0456\u043a\u0443 \u0442\u0430 \u0432\u0438\u043a\u043e\u0440\u0438\u0441\u0442\u0430\u043d\u043d\u044f,<\/li>\n  <li>\u043f\u0440\u043e\u0432\u0435\u0434\u0435\u043d\u043d\u044f \u043c\u0430\u0440\u043a\u0435\u0442\u0438\u043d\u0433\u043e\u0432\u0438\u0445 \u0456 \u0440\u0435\u043c\u0430\u0440\u043a\u0435\u0442\u0438\u043d\u0433\u043e\u0432\u0438\u0445 \u0437\u0430\u0445\u043e\u0434\u0456\u0432 \u0442\u0430 \u0432\u0438\u043c\u0456\u0440\u044e\u0432\u0430\u043d\u043d\u044f \u0435\u0444\u0435\u043a\u0442\u0438\u0432\u043d\u043e\u0441\u0442\u0456 \u0440\u0435\u043a\u043b\u0430\u043c\u0438.<\/li>\n<\/ul>\n\n<h3>\u0422\u0438\u043f\u0438 \u0432\u0438\u043a\u043e\u0440\u0438\u0441\u0442\u043e\u0432\u0443\u0432\u0430\u043d\u0438\u0445 \u0444\u0430\u0439\u043b\u0456\u0432 cookie:<\/h3>\n<ul>\n  <li>\u043d\u0435\u043e\u0431\u0445\u0456\u0434\u043d\u0435 \u043f\u0435\u0447\u0438\u0432\u043e,<\/li>\n  <li>\u0444\u0443\u043d\u043a\u0446\u0456\u043e\u043d\u0430\u043b\u044c\u043d\u0456 \u0444\u0430\u0439\u043b\u0438 cookie,<\/li>\n  <li>\u0430\u043d\u0430\u043b\u0456\u0442\u0438\u0447\u043d\u0456 \u0444\u0430\u0439\u043b\u0438 cookie,<\/li>\n  <li>\u043c\u0430\u0440\u043a\u0435\u0442\u0438\u043d\u0433\u043e\u0432\u0456 \u0444\u0430\u0439\u043b\u0438 cookie.<\/li>\n<\/ul>\n\n<p>\u041f\u0440\u0430\u0432\u043e\u0432\u0430 \u043e\u0441\u043d\u043e\u0432\u0430 \u0434\u043b\u044f \u0432\u0438\u043a\u043e\u0440\u0438\u0441\u0442\u0430\u043d\u043d\u044f \u0444\u0430\u0439\u043b\u0456\u0432 cookie:<\/p>\n<ul>\n  <li>\u043e\u0441\u043d\u043e\u0432\u043d\u0456 \u0444\u0430\u0439\u043b\u0438 cookie - \u0437\u0430\u043a\u043e\u043d\u043d\u0438\u0439 \u0456\u043d\u0442\u0435\u0440\u0435\u0441 \u043a\u043e\u043d\u0442\u0440\u043e\u043b\u0435\u0440\u0430,<\/li>\n  <li>\u0410\u043d\u0430\u043b\u0456\u0442\u0438\u0447\u043d\u0456 \u0442\u0430 \u043c\u0430\u0440\u043a\u0435\u0442\u0438\u043d\u0433\u043e\u0432\u0456 \u0444\u0430\u0439\u043b\u0438 cookie - \u0437\u0433\u043e\u0434\u0430 \u043a\u043e\u0440\u0438\u0441\u0442\u0443\u0432\u0430\u0447\u0430 \u0447\u0435\u0440\u0435\u0437 \u0431\u0430\u043d\u0435\u0440\u043d\u0456 \u0444\u0430\u0439\u043b\u0438 cookie.<\/li>\n<\/ul>\n\n<p>\u041a\u043e\u0440\u0438\u0441\u0442\u0443\u0432\u0430\u0447 \u043c\u043e\u0436\u0435 \u0437\u043c\u0456\u043d\u0438\u0442\u0438 \u0430\u0431\u043e \u0432\u0456\u0434\u043a\u043b\u0438\u043a\u0430\u0442\u0438 \u0437\u0433\u043e\u0434\u0443 \u043d\u0430 \u0430\u043d\u0430\u043b\u0456\u0442\u0438\u0447\u043d\u0456 \u0442\u0430 \u043c\u0430\u0440\u043a\u0435\u0442\u0438\u043d\u0433\u043e\u0432\u0456 \u0444\u0430\u0439\u043b\u0438 cookie \u0432 \u0431\u0443\u0434\u044c-\u044f\u043a\u0438\u0439 \u0447\u0430\u0441 \u0447\u0435\u0440\u0435\u0437 \u0431\u0430\u043d\u0435\u0440 \u0437 \u0444\u0430\u0439\u043b\u0430\u043c\u0438 cookie \u0430\u0431\u043e \u043d\u0430\u043b\u0430\u0448\u0442\u0443\u0432\u0430\u043d\u043d\u044f \u0431\u0440\u0430\u0443\u0437\u0435\u0440\u0430. \u041e\u0431\u043c\u0435\u0436\u0435\u043d\u043d\u044f \u0432\u0438\u043a\u043e\u0440\u0438\u0441\u0442\u0430\u043d\u043d\u044f \u0444\u0430\u0439\u043b\u0456\u0432 cookie \u043c\u043e\u0436\u0435 \u0432\u043f\u043b\u0438\u043d\u0443\u0442\u0438 \u043d\u0430 \u043f\u0435\u0432\u043d\u0456 \u0444\u0443\u043d\u043a\u0446\u0456\u0457 \u0432\u0435\u0431-\u0441\u0430\u0439\u0442\u0443.<\/p>\n\n<h2>\u041a\u043e\u043d\u0442\u0430\u043a\u0442\u0438<\/h2>\n<p>\u0417 \u043f\u0438\u0442\u0430\u043d\u044c, \u043f\u043e\u0432'\u044f\u0437\u0430\u043d\u0438\u0445 \u0437 \u043e\u0431\u0440\u043e\u0431\u043a\u043e\u044e \u043f\u0435\u0440\u0441\u043e\u043d\u0430\u043b\u044c\u043d\u0438\u0445 \u0434\u0430\u043d\u0438\u0445, \u0431\u0443\u0434\u044c \u043b\u0430\u0441\u043a\u0430, \u0437\u0432\u0435\u0440\u0442\u0430\u0439\u0442\u0435\u0441\u044f: <strong>hello@helpbag.eu<\/strong><\/p>\n\n<h2>\u0417\u043c\u0456\u043d\u0438 \u0432 \u043f\u043e\u043b\u0456\u0442\u0438\u0446\u0456<\/h2>\n<p>\u041f\u043e\u043b\u0456\u0442\u0438\u043a\u0430 \u043c\u043e\u0436\u0435 \u0447\u0430\u0441 \u0432\u0456\u0434 \u0447\u0430\u0441\u0443 \u043e\u043d\u043e\u0432\u043b\u044e\u0432\u0430\u0442\u0438\u0441\u044f. \u041f\u043e\u0442\u043e\u0447\u043d\u0430 \u0432\u0435\u0440\u0441\u0456\u044f \u0437\u0430\u0432\u0436\u0434\u0438 \u043f\u0443\u0431\u043b\u0456\u043a\u0443\u0454\u0442\u044c\u0441\u044f \u043d\u0430 \u0446\u0456\u0439 \u0441\u0442\u043e\u0440\u0456\u043d\u0446\u0456.<\/p>\t\t\t\t\t\t\t\t<\/div>\n\t\t\t\t<\/div>\n\t\t\t\t\t<\/div>\n\t\t\t\t<\/div>\n\t\t\t\t<\/div>","protected":false},"excerpt":{"rendered":"<p>Polityka Prywatno\u015bci i Ochrony Danych Osobowych Data aktualizacji: 17 marca 2026 r. Administratorem danych osobowych jest HELP BAG Sp. z o.o., ul. Sadowa 12, 43-100 Tychy, Polska, NIP 6462998881, REGON 523157283, KRS 0000992798, e-mail: hello@helpbag.eu. W sp\u00f3\u0142ce nie powo\u0142ano Inspektora Ochrony Danych. Cel i podstawa przetwarzania danych Dane osobowe przetwarzane s\u0105 w celu: realizacji zam\u00f3wie\u0144, [&hellip;]<\/p>\n","protected":false},"author":253,"featured_media":0,"parent":0,"menu_order":0,"comment_status":"closed","ping_status":"closed","template":"","meta":{"footnotes":""},"class_list":["post-964","page","type-page","status-publish","hentry"],"_links":{"self":[{"href":"https:\/\/helpbag.eu\/uk\/wp-json\/wp\/v2\/pages\/964","targetHints":{"allow":["GET"]}}],"collection":[{"href":"https:\/\/helpbag.eu\/uk\/wp-json\/wp\/v2\/pages"}],"about":[{"href":"https:\/\/helpbag.eu\/uk\/wp-json\/wp\/v2\/types\/page"}],"author":[{"embeddable":true,"href":"https:\/\/helpbag.eu\/uk\/wp-json\/wp\/v2\/users\/253"}],"replies":[{"embeddable":true,"href":"https:\/\/helpbag.eu\/uk\/wp-json\/wp\/v2\/comments?post=964"}],"version-history":[{"count":3,"href":"https:\/\/helpbag.eu\/uk\/wp-json\/wp\/v2\/pages\/964\/revisions"}],"predecessor-version":[{"id":68323,"href":"https:\/\/helpbag.eu\/uk\/wp-json\/wp\/v2\/pages\/964\/revisions\/68323"}],"wp:attachment":[{"href":"https:\/\/helpbag.eu\/uk\/wp-json\/wp\/v2\/media?parent=964"}],"curies":[{"name":"wp","href":"https:\/\/api.w.org\/{rel}","templated":true}]}}